{"id":3420,"date":"2023-07-26T21:19:34","date_gmt":"2023-07-26T21:19:34","guid":{"rendered":"https:\/\/petworld.ma\/?post_type=product&#038;p=3420"},"modified":"2026-04-23T03:00:44","modified_gmt":"2026-04-23T03:00:44","slug":"boule-dherbe-a-chat","status":"publish","type":"product","link":"https:\/\/petworld.ma\/index.php\/produit\/boule-dherbe-a-chat\/","title":{"rendered":"Herbe CatNip Boule chat"},"content":{"rendered":"<div class=\"detailmodule_text\">\n<p><span data-spm-anchor-id=\"a2g0o.detail.1000023.i0.2f2d652dPPodE2\">Naturel et Non toxique: les boules d&rsquo;herbe de chat sont faites avec des extraits naturels purs de plante, sans additifs chimiques<\/span><\/p>\n<p>Conception pratique: peut facilement se coller au mur ou \u00e0 d&rsquo;autres surfaces. La boule peut rouler 360 \u00b0<\/p>\n<p>L&rsquo;herbe aidera les chats \u00e0 r\u00e9duire l&rsquo;anxi\u00e9t\u00e9 et le stress<\/p>\n<p>Nettoyage des dents: l&rsquo;herbe pour chat r\u00e9duit efficacement la plaque dentaire et le tartre, rafra\u00eechi l&rsquo;haleine et am\u00e9liore la sant\u00e9 bucco-dentaire<\/p>\n<div style=\"width: 360px;\" class=\"wp-video\"><video class=\"wp-video-shortcode\" id=\"video-3420-1\" width=\"360\" height=\"480\" preload=\"metadata\" controls=\"controls\"><source type=\"video\/mp4\" src=\"https:\/\/petworld.ma\/wp-content\/uploads\/2023\/07\/1.mp4?_=1\" \/><a href=\"https:\/\/petworld.ma\/wp-content\/uploads\/2023\/07\/1.mp4\">https:\/\/petworld.ma\/wp-content\/uploads\/2023\/07\/1.mp4<\/a><\/video><\/div>\n<\/div>\n","protected":false},"excerpt":{"rendered":"<p>Naturel et Non toxique: les boules d&rsquo;herbe de chat sont faites avec des extraits naturels purs de plante, sans additifs chimiques Conception pratique: peut facilement se coller au mur ou \u00e0 d&rsquo;autres surfaces. La boule peut rouler 360 \u00b0 L&rsquo;herbe aidera les chats \u00e0 r\u00e9duire l&rsquo;anxi\u00e9t\u00e9 et le stress Nettoyage des dents: l&rsquo;herbe pour chat [&#8230;]\n","protected":false},"featured_media":3426,"template":"","meta":{"jetpack_publicize_message":"","jetpack_publicize_feature_enabled":true,"jetpack_social_post_already_shared":false,"jetpack_social_options":{"image_generator_settings":{"template":"highway","default_image_id":0,"font":"","enabled":false},"version":2}},"product_brand":[],"product_cat":[219,100],"product_tag":[],"class_list":{"0":"post-3420","1":"product","2":"type-product","3":"status-publish","4":"has-post-thumbnail","6":"product_cat-complement-alimentaire-hygiene-et-soins-pour-chat","7":"product_cat-accessoires-jouets-et-colliers","9":"first","10":"instock","11":"taxable","12":"shipping-taxable","13":"purchasable","14":"product-type-simple"},"supplier_id":5592,"supplier_sku":"","barcode":null,"atum_controlled":true,"out_stock_date":null,"out_stock_threshold":null,"inheritable":false,"inbound_stock":0,"stock_on_hold":0,"sold_today":0,"sales_last_days":6,"reserved_stock":0,"customer_returns":0,"warehouse_damage":0,"lost_in_post":0,"other_logs":0,"out_stock_days":0,"lost_sales":0,"has_location":false,"update_date":"2026-04-24T10:55:59","atum_locations":[],"atum_stock_status":"instock","restock_status":false,"low_stock_amount":10,"sales_update_date":"2026-04-24T10:55:57","calc_backorders":null,"jetpack_publicize_connections":[],"jetpack_sharing_enabled":true,"batches":[{"id":"7572","date_created":"2026-02-06 16:12:36","date_expiry":"2028-12-12 00:00:00","user_id":"2760","batch_number":"Boule d\\\\\\'herbe \u00e0 chat121228","location":"","quantity":"50.0000","quantity_available":"42.0000","units":"1","status":"active","order_ids":"[39119,39176,39899,40011,40324,40429,40540,40594]","supplier":"SOUFIANE MEJBOUR","po":{"id":"7507","date_created":"2026-02-06 16:12:37","batch_id":"7572","po_number":"","supplier":"SOUFIANE MEJBOUR","cost":null,"regular_price":null,"sale_price":null,"price_margin":null,"price_discount":null}}],"_links":{"self":[{"href":"https:\/\/petworld.ma\/index.php\/wp-json\/wp\/v2\/product\/3420","targetHints":{"allow":["GET"]}}],"collection":[{"href":"https:\/\/petworld.ma\/index.php\/wp-json\/wp\/v2\/product"}],"about":[{"href":"https:\/\/petworld.ma\/index.php\/wp-json\/wp\/v2\/types\/product"}],"wp:featuredmedia":[{"embeddable":true,"href":"https:\/\/petworld.ma\/index.php\/wp-json\/wp\/v2\/media\/3426"}],"wp:attachment":[{"href":"https:\/\/petworld.ma\/index.php\/wp-json\/wp\/v2\/media?parent=3420"}],"wp:term":[{"taxonomy":"product_brand","embeddable":true,"href":"https:\/\/petworld.ma\/index.php\/wp-json\/wp\/v2\/product_brand?post=3420"},{"taxonomy":"product_cat","embeddable":true,"href":"https:\/\/petworld.ma\/index.php\/wp-json\/wp\/v2\/product_cat?post=3420"},{"taxonomy":"product_tag","embeddable":true,"href":"https:\/\/petworld.ma\/index.php\/wp-json\/wp\/v2\/product_tag?post=3420"}],"curies":[{"name":"wp","href":"https:\/\/api.w.org\/{rel}","templated":true}]}}