{"id":34331,"date":"2026-01-26T13:58:16","date_gmt":"2026-01-26T13:58:16","guid":{"rendered":"https:\/\/petworld.ma\/?post_type=product&#038;p=34331"},"modified":"2026-05-13T18:04:24","modified_gmt":"2026-05-13T18:04:24","slug":"flamingo-jouet-chat-canne-a-peche-catchy","status":"publish","type":"product","link":"https:\/\/petworld.ma\/index.php\/produit\/flamingo-jouet-chat-canne-a-peche-catchy\/","title":{"rendered":"Jouet Flamingo Chat Canne \u00e0 p\u00eache Catchy"},"content":{"rendered":"<div class=\"mb-2\">\n<div class=\"mb-2\">\n<div class=\"mb-2\">\n<div class=\"mb-2\">\n<div class=\"mb-2\">\n<div class=\"mb-2\">Offrez \u00e0 votre chat ou chaton le plaisir ultime de jouer avec cette canne \u00e0 p\u00eache et son jouet en peluche ! Parfait pour chasser et divertir. D\u00e9couvrez-le maintenant !<\/div>\n<div><\/div>\n<\/div>\n<\/div>\n<\/div>\n<div>\n<p><span class=\"accordion-header\"><button class=\"product-detail-properties-toggle fw-bold font-size-md btn-reset rounded-0 d-flex align-items-center w-100 btn-no-outline justify-content-between accordion-button \" type=\"button\" data-bs-toggle=\"collapse\" data-bs-target=\"#pdpCollapse1\" aria-expanded=\"true\" aria-controls=\"pdpCollapse1\">D\u00e9tails du produit<\/button><\/span><\/p>\n<div id=\"pdpCollapse1\" class=\"product-detail-properties-content accordion-collapse collapse show\">\n<table class=\"table table-striped product-detail-properties-table product-detail-io-property-set-table accordion-body\">\n<tbody>\n<tr class=\"properties-row\">\n<th class=\"properties-label fw-normal d-block d-md-table-cell\">\n<div class=\"d-flex align-items-center\">Description du produit:<\/div>\n<\/th>\n<td class=\"properties-value d-block d-md-table-cell\">JCHAT CATCHY CANNE \u00c0 PECHE PELUCHE BLEU\/ROUGE 46,5CM ASSORTIMENT<\/td>\n<\/tr>\n<tr class=\"properties-row\">\n<th class=\"properties-label fw-normal d-block d-md-table-cell\">\n<div class=\"d-flex align-items-center\">Nom du produit:<\/div>\n<\/th>\n<td class=\"properties-value d-block d-md-table-cell\">Jouet Catchy Canne \u00e0 p\u00eache avec jouet Plusieurs couleurs<\/td>\n<\/tr>\n<tr class=\"properties-row\">\n<th class=\"properties-label fw-normal d-block d-md-table-cell\">\n<div class=\"d-flex align-items-center\">EAN:<\/div>\n<\/th>\n<td class=\"properties-value d-block d-md-table-cell\">5400585046366<\/p>\n<div class=\"mt-2\"><\/div>\n<\/td>\n<\/tr>\n<tr class=\"properties-row\">\n<th class=\"properties-label fw-normal d-block d-md-table-cell\">\n<div class=\"d-flex align-items-center\">N\u00b0 produit:<\/div>\n<\/th>\n<td class=\"properties-value d-block d-md-table-cell\">560573<\/td>\n<\/tr>\n<tr class=\"properties-row\">\n<th class=\"properties-label fw-normal d-block d-md-table-cell\">\n<div class=\"d-flex align-items-center\">Marque:<\/div>\n<\/th>\n<td class=\"properties-value d-block d-md-table-cell\">Flamingo<\/td>\n<\/tr>\n<tr class=\"properties-row\">\n<th class=\"properties-label fw-normal d-block d-md-table-cell\">Phase de la vie:<\/th>\n<td class=\"properties-value d-block d-md-table-cell\">Tous les \u00e2ges<\/td>\n<\/tr>\n<tr class=\"properties-row\">\n<th class=\"properties-label fw-normal d-block d-md-table-cell\">Sous-nom de marque:<\/th>\n<td class=\"properties-value d-block d-md-table-cell\">Catchy<\/td>\n<\/tr>\n<tr class=\"properties-row\">\n<th class=\"properties-label fw-normal d-block d-md-table-cell\">Type de produit:<\/th>\n<td class=\"properties-value d-block d-md-table-cell\">Jouet<\/td>\n<\/tr>\n<tr class=\"properties-row\">\n<th class=\"properties-label fw-normal d-block d-md-table-cell\">Animal\/race:<\/th>\n<td class=\"properties-value d-block d-md-table-cell\">Toutes races de chats<\/td>\n<\/tr>\n<tr class=\"properties-row\">\n<th class=\"properties-label fw-normal d-block d-md-table-cell\">Taille de la race:<\/th>\n<td class=\"properties-value d-block d-md-table-cell\">Toutes les tailles<\/td>\n<\/tr>\n<tr class=\"properties-row\">\n<th class=\"properties-label fw-normal d-block d-md-table-cell\">Utilisation int\u00e9rieure\/ext\u00e9rieure:<\/th>\n<td class=\"properties-value d-block d-md-table-cell\">Tous les deux<\/td>\n<\/tr>\n<\/tbody>\n<\/table>\n<\/div>\n<\/div>\n<\/div>\n<\/div>\n","protected":false},"excerpt":{"rendered":"<p>Dimension: A:47cm B:48cm C:17cm D:5cm<\/p>\n","protected":false},"featured_media":34387,"template":"","meta":{"jetpack_publicize_message":"","jetpack_publicize_feature_enabled":true,"jetpack_social_post_already_shared":true,"jetpack_social_options":{"image_generator_settings":{"template":"highway","default_image_id":0,"font":"","enabled":false},"version":2}},"product_brand":[],"product_cat":[100],"product_tag":[],"class_list":{"0":"post-34331","1":"product","2":"type-product","3":"status-publish","4":"has-post-thumbnail","6":"product_cat-accessoires-jouets-et-colliers","8":"first","9":"instock","10":"taxable","11":"shipping-taxable","12":"purchasable","13":"product-type-variable"},"supplier_id":8770,"supplier_sku":"","barcode":"5400585046366","atum_controlled":true,"out_stock_date":null,"out_stock_threshold":null,"inheritable":true,"inbound_stock":0,"stock_on_hold":0,"sold_today":0,"sales_last_days":0,"reserved_stock":0,"customer_returns":0,"warehouse_damage":0,"lost_in_post":0,"other_logs":0,"out_stock_days":0,"lost_sales":0,"has_location":false,"update_date":"2026-05-13T18:04:25","atum_locations":[],"atum_stock_status":"instock","restock_status":false,"low_stock_amount":"","sales_update_date":"2026-05-12T14:33:55","calc_backorders":null,"jetpack_publicize_connections":[],"jetpack_sharing_enabled":true,"batches":[],"_links":{"self":[{"href":"https:\/\/petworld.ma\/index.php\/wp-json\/wp\/v2\/product\/34331","targetHints":{"allow":["GET"]}}],"collection":[{"href":"https:\/\/petworld.ma\/index.php\/wp-json\/wp\/v2\/product"}],"about":[{"href":"https:\/\/petworld.ma\/index.php\/wp-json\/wp\/v2\/types\/product"}],"wp:featuredmedia":[{"embeddable":true,"href":"https:\/\/petworld.ma\/index.php\/wp-json\/wp\/v2\/media\/34387"}],"wp:attachment":[{"href":"https:\/\/petworld.ma\/index.php\/wp-json\/wp\/v2\/media?parent=34331"}],"wp:term":[{"taxonomy":"product_brand","embeddable":true,"href":"https:\/\/petworld.ma\/index.php\/wp-json\/wp\/v2\/product_brand?post=34331"},{"taxonomy":"product_cat","embeddable":true,"href":"https:\/\/petworld.ma\/index.php\/wp-json\/wp\/v2\/product_cat?post=34331"},{"taxonomy":"product_tag","embeddable":true,"href":"https:\/\/petworld.ma\/index.php\/wp-json\/wp\/v2\/product_tag?post=34331"}],"curies":[{"name":"wp","href":"https:\/\/api.w.org\/{rel}","templated":true}]}}