{"id":34492,"date":"2026-01-27T20:37:24","date_gmt":"2026-01-27T20:37:24","guid":{"rendered":"https:\/\/petworld.ma\/?post_type=product&#038;p=34492"},"modified":"2026-04-21T13:22:37","modified_gmt":"2026-04-21T13:22:37","slug":"epilateur-pour-poils-clio-plusieurs-couleurs","status":"publish","type":"product","link":"https:\/\/petworld.ma\/index.php\/produit\/epilateur-pour-poils-clio-plusieurs-couleurs\/","title":{"rendered":"Brosse Epilateur Pour Poils Clio Plusieurs Couleurs &#8211; Flamingo"},"content":{"rendered":"<div class=\"col-12 col-md-6\">\n<div class=\"mb-2 cms-element-text\">\n<div class=\"col-12 col-md-6\">\n<div class=\"mb-2 cms-element-text\">\n<p>Avec ce rouleau \u00e0 v\u00eatements pratique, vous pouvez facilement enlever les poils de vos amis poilus de vos v\u00eatements et de votre canap\u00e9. Le rouleau adh\u00e9sif r\u00e9utilisable est facile \u00e0 nettoyer. Malheureusement, la couleur ne peut pas \u00eatre choisie, mais cela ne rend pas ce rouleau moins pratique !<\/p>\n<div class=\"ai-notice-icon\" data-tippy-options=\"{&quot;content&quot;:&quot;Ce texte a \\u00e9t\\u00e9 g\\u00e9n\\u00e9r\\u00e9 et traduit \\u00e0 l'aide de l'IA&quot;}\"><\/div>\n<\/div>\n<\/div>\n<div class=\"col-12 col-md-6\">\n<div class=\"cms-element-text\">\n<ul>\n<li>Mat\u00e9riau : caoutchouc thermoplastique\/TPR<\/li>\n<li>Le rouleau est durable et autoadh\u00e9sif, \u00e9liminant les d\u00e9chets inutiles des feuilles adh\u00e9sives<\/li>\n<li>Facile \u00e0 nettoyer : il suffit de rincer le rouleau \u00e0 l&rsquo;eau froide<\/li>\n<li>La force adh\u00e9sive peut diminuer apr\u00e8s 30 rin\u00e7ages<\/li>\n<\/ul>\n<\/div>\n<\/div>\n<\/div>\n<\/div>\n","protected":false},"excerpt":{"rendered":"<p><strong>Produit import\u00e9 d&rsquo;Europe<\/strong><\/p>\n<table class=\"table table-striped product-detail-properties-table product-detail-io-property-set-table accordion-body\">\n<tbody>\n<tr class=\"properties-row\">\n<td class=\"properties-value d-block d-md-table-cell\">23cm L x 5.3cm l x 5.3cm H<\/td>\n<\/tr>\n<\/tbody>\n<\/table>\n","protected":false},"featured_media":34493,"template":"","meta":{"jetpack_publicize_message":"","jetpack_publicize_feature_enabled":true,"jetpack_social_post_already_shared":true,"jetpack_social_options":{"image_generator_settings":{"template":"highway","default_image_id":0,"font":"","enabled":false},"version":2}},"product_brand":[],"product_cat":[222,223],"product_tag":[],"class_list":{"0":"post-34492","1":"product","2":"type-product","3":"status-publish","4":"has-post-thumbnail","6":"product_cat-brosses-coupe-griffes","7":"product_cat-brosses-coupe-griffes-hygiene-et-soins","9":"first","10":"instock","11":"sale","12":"taxable","13":"shipping-taxable","14":"purchasable","15":"product-type-simple"},"supplier_id":8770,"supplier_sku":"520942","barcode":null,"atum_controlled":true,"out_stock_date":null,"out_stock_threshold":null,"inheritable":false,"inbound_stock":0,"stock_on_hold":0,"sold_today":0,"sales_last_days":0,"reserved_stock":0,"customer_returns":0,"warehouse_damage":0,"lost_in_post":0,"other_logs":0,"out_stock_days":0,"lost_sales":0,"has_location":false,"update_date":"2026-05-11T00:22:18","atum_locations":[],"atum_stock_status":"instock","restock_status":false,"low_stock_amount":5,"sales_update_date":"2026-05-11T00:22:18","calc_backorders":null,"jetpack_publicize_connections":[],"jetpack_sharing_enabled":true,"batches":[],"_links":{"self":[{"href":"https:\/\/petworld.ma\/index.php\/wp-json\/wp\/v2\/product\/34492","targetHints":{"allow":["GET"]}}],"collection":[{"href":"https:\/\/petworld.ma\/index.php\/wp-json\/wp\/v2\/product"}],"about":[{"href":"https:\/\/petworld.ma\/index.php\/wp-json\/wp\/v2\/types\/product"}],"wp:featuredmedia":[{"embeddable":true,"href":"https:\/\/petworld.ma\/index.php\/wp-json\/wp\/v2\/media\/34493"}],"wp:attachment":[{"href":"https:\/\/petworld.ma\/index.php\/wp-json\/wp\/v2\/media?parent=34492"}],"wp:term":[{"taxonomy":"product_brand","embeddable":true,"href":"https:\/\/petworld.ma\/index.php\/wp-json\/wp\/v2\/product_brand?post=34492"},{"taxonomy":"product_cat","embeddable":true,"href":"https:\/\/petworld.ma\/index.php\/wp-json\/wp\/v2\/product_cat?post=34492"},{"taxonomy":"product_tag","embeddable":true,"href":"https:\/\/petworld.ma\/index.php\/wp-json\/wp\/v2\/product_tag?post=34492"}],"curies":[{"name":"wp","href":"https:\/\/api.w.org\/{rel}","templated":true}]}}