{"id":34494,"date":"2026-01-27T20:53:04","date_gmt":"2026-01-27T20:53:04","guid":{"rendered":"https:\/\/petworld.ma\/?post_type=product&#038;p=34494"},"modified":"2026-04-07T10:40:37","modified_gmt":"2026-04-07T10:40:37","slug":"gant-de-massage-et-toilettage-chat-et-chien-hatna","status":"publish","type":"product","link":"https:\/\/petworld.ma\/index.php\/produit\/gant-de-massage-et-toilettage-chat-et-chien-hatna\/","title":{"rendered":"Gant de Massage et Toilettage Chat et Chien Hatna &#8211; Flamingo"},"content":{"rendered":"<div class=\"col-12 col-md-6\">\n<div class=\"mb-2 cms-element-text\">\n<p>Faites plaisir \u00e0 votre animal de compagnie avec le gant de massage et de soin Hatna ! Ce gant 2-en-1 est parfait pour les chiens et les chats. Fabriqu\u00e9 en mat\u00e9riau doux et en maille respirante pour un confort optimal. Prenez soin de la peau, am\u00e9liorez la circulation sanguine et \u00e9liminez les poils morts. Peut m\u00eame \u00eatre utilis\u00e9 pendant le bain ! Facile \u00e0 nettoyer \u00e0 la main. Avec une fermeture velcro pour un ajustement parfait.<\/p>\n<div class=\"ai-notice-icon\" data-tippy-options=\"{&quot;content&quot;:&quot;Ce texte a \\u00e9t\\u00e9 g\\u00e9n\\u00e9r\\u00e9 et traduit \\u00e0 l'aide de l'IA&quot;}\"><\/div>\n<\/div>\n<\/div>\n<div class=\"col-12 col-md-6\">\n<div class=\"cms-element-text\">\n<ul>\n<li>Mat\u00e9riau : polyester avec caoutchouc thermoplastique\/TPR doux et mesh respirant<\/li>\n<li>2 en 1 : peut s\u2019utiliser comme gant de toilettage ou de massage<\/li>\n<li>Peut \u00eatre utilis\u00e9 dans le bain<\/li>\n<li>Laver \u00e0 la main<\/li>\n<li>Soigne &amp; masse la peau, am\u00e9liore la circulation sanguine &amp; enl\u00e8ve facilement les poils perdus du pelage<\/li>\n<li>Avec bande autoagrippante pour un bon ajustement<\/li>\n<\/ul>\n<\/div>\n<\/div>\n","protected":false},"excerpt":{"rendered":"<p>Faites plaisir \u00e0 votre animal de compagnie avec le gant de massage et de soin Hatna ! Ce gant 2-en-1 est parfait pour les chiens et les chats. Fabriqu\u00e9 en mat\u00e9riau doux et en maille respirante pour un confort optimal. Prenez soin de la peau, am\u00e9liorez la circulation sanguine et \u00e9liminez les poils morts. Peut [&#8230;]\n","protected":false},"featured_media":34495,"template":"","meta":{"jetpack_publicize_message":"","jetpack_publicize_feature_enabled":true,"jetpack_social_post_already_shared":true,"jetpack_social_options":{"image_generator_settings":{"template":"highway","default_image_id":0,"font":"","enabled":false},"version":2}},"product_brand":[],"product_cat":[222,223],"product_tag":[],"class_list":{"0":"post-34494","1":"product","2":"type-product","3":"status-publish","4":"has-post-thumbnail","6":"product_cat-brosses-coupe-griffes","7":"product_cat-brosses-coupe-griffes-hygiene-et-soins","9":"first","10":"instock","11":"sale","12":"taxable","13":"shipping-taxable","14":"purchasable","15":"product-type-simple"},"supplier_id":8770,"supplier_sku":"522580","barcode":null,"atum_controlled":true,"out_stock_date":null,"out_stock_threshold":null,"inheritable":false,"inbound_stock":0,"stock_on_hold":0,"sold_today":0,"sales_last_days":0,"reserved_stock":0,"customer_returns":0,"warehouse_damage":0,"lost_in_post":0,"other_logs":0,"out_stock_days":0,"lost_sales":0,"has_location":false,"update_date":"2026-05-15T00:02:21","atum_locations":[],"atum_stock_status":"instock","restock_status":false,"low_stock_amount":5,"sales_update_date":"2026-05-15T00:02:21","calc_backorders":null,"jetpack_publicize_connections":[],"jetpack_sharing_enabled":true,"batches":[],"_links":{"self":[{"href":"https:\/\/petworld.ma\/index.php\/wp-json\/wp\/v2\/product\/34494","targetHints":{"allow":["GET"]}}],"collection":[{"href":"https:\/\/petworld.ma\/index.php\/wp-json\/wp\/v2\/product"}],"about":[{"href":"https:\/\/petworld.ma\/index.php\/wp-json\/wp\/v2\/types\/product"}],"wp:featuredmedia":[{"embeddable":true,"href":"https:\/\/petworld.ma\/index.php\/wp-json\/wp\/v2\/media\/34495"}],"wp:attachment":[{"href":"https:\/\/petworld.ma\/index.php\/wp-json\/wp\/v2\/media?parent=34494"}],"wp:term":[{"taxonomy":"product_brand","embeddable":true,"href":"https:\/\/petworld.ma\/index.php\/wp-json\/wp\/v2\/product_brand?post=34494"},{"taxonomy":"product_cat","embeddable":true,"href":"https:\/\/petworld.ma\/index.php\/wp-json\/wp\/v2\/product_cat?post=34494"},{"taxonomy":"product_tag","embeddable":true,"href":"https:\/\/petworld.ma\/index.php\/wp-json\/wp\/v2\/product_tag?post=34494"}],"curies":[{"name":"wp","href":"https:\/\/api.w.org\/{rel}","templated":true}]}}