{"id":34618,"date":"2026-01-29T14:29:47","date_gmt":"2026-01-29T14:29:47","guid":{"rendered":"https:\/\/petworld.ma\/?post_type=product&#038;p=34618"},"modified":"2026-02-16T15:14:06","modified_gmt":"2026-02-16T15:14:06","slug":"gamelle-pour-la-nourriture-nala-chat-rond-noir-blanc-180ml-360ml","status":"publish","type":"product","link":"https:\/\/petworld.ma\/index.php\/produit\/gamelle-pour-la-nourriture-nala-chat-rond-noir-blanc-180ml-360ml\/","title":{"rendered":"Flamingo Gamelle Pour La Nourriture Nala Chat Rond Noir Et Blanc (180ml | 360ml )"},"content":{"rendered":"<div class=\"col-12 col-md-6\">\n<div class=\"mb-2 cms-element-text\">\n<p>Ce mignon petit bol en c\u00e9ramique pour ta chatte Nala est parfait pour les repas et les petites gourmandises ! Avec un design sp\u00e9cial pour des repas confortables sans \u00eatre trop stimul\u00e9e. Passe au lave-vaisselle.<\/p>\n<div class=\"ai-notice-icon\" data-tippy-options=\"{&quot;content&quot;:&quot;Ce texte a \\u00e9t\\u00e9 g\\u00e9n\\u00e9r\\u00e9 et traduit \\u00e0 l'aide de l'IA&quot;}\"><\/div>\n<\/div>\n<\/div>\n<div class=\"col-12 col-md-6\">\n<div class=\"cms-element-text\">\n<ul>\n<li>Mat\u00e9riau : c\u00e9ramique<\/li>\n<li>Lavable au lave-vaisselle<\/li>\n<li>Design sp\u00e9cial afin que les moustaches aient suffisamment d\u2019espace pour bouger librement et \u00e9viter la surstimulation<\/li>\n<\/ul>\n<\/div>\n<\/div>\n","protected":false},"excerpt":{"rendered":"<p>Ce mignon petit bol en c\u00e9ramique pour ta chatte Nala est parfait pour les repas et les petites gourmandises ! Avec un design sp\u00e9cial pour des repas confortables sans \u00eatre trop stimul\u00e9e. Passe au lave-vaisselle. Mat\u00e9riau : c\u00e9ramique Lavable au lave-vaisselle Design sp\u00e9cial afin que les moustaches aient suffisamment d\u2019espace pour bouger librement et \u00e9viter [&#8230;]\n","protected":false},"featured_media":34623,"template":"","meta":{"jetpack_publicize_message":"","jetpack_publicize_feature_enabled":true,"jetpack_social_post_already_shared":true,"jetpack_social_options":{"image_generator_settings":{"template":"highway","default_image_id":0,"font":"","enabled":false},"version":2}},"product_brand":[],"product_cat":[133,134],"product_tag":[],"class_list":{"0":"post-34618","1":"product","2":"type-product","3":"status-publish","4":"has-post-thumbnail","6":"product_cat-gamelle","7":"product_cat-gamelles","9":"first","10":"instock","11":"sale","12":"taxable","13":"shipping-taxable","14":"purchasable","15":"product-type-variable"},"supplier_id":null,"supplier_sku":"","barcode":null,"atum_controlled":true,"out_stock_date":null,"out_stock_threshold":null,"inheritable":true,"inbound_stock":0,"stock_on_hold":0,"sold_today":0,"sales_last_days":0,"reserved_stock":0,"customer_returns":0,"warehouse_damage":0,"lost_in_post":0,"other_logs":0,"out_stock_days":0,"lost_sales":0,"has_location":false,"update_date":"2026-05-13T00:23:09","atum_locations":[],"atum_stock_status":"instock","restock_status":false,"low_stock_amount":"","sales_update_date":"2026-05-13T00:23:09","calc_backorders":null,"jetpack_publicize_connections":[],"jetpack_sharing_enabled":true,"batches":[],"_links":{"self":[{"href":"https:\/\/petworld.ma\/index.php\/wp-json\/wp\/v2\/product\/34618","targetHints":{"allow":["GET"]}}],"collection":[{"href":"https:\/\/petworld.ma\/index.php\/wp-json\/wp\/v2\/product"}],"about":[{"href":"https:\/\/petworld.ma\/index.php\/wp-json\/wp\/v2\/types\/product"}],"wp:featuredmedia":[{"embeddable":true,"href":"https:\/\/petworld.ma\/index.php\/wp-json\/wp\/v2\/media\/34623"}],"wp:attachment":[{"href":"https:\/\/petworld.ma\/index.php\/wp-json\/wp\/v2\/media?parent=34618"}],"wp:term":[{"taxonomy":"product_brand","embeddable":true,"href":"https:\/\/petworld.ma\/index.php\/wp-json\/wp\/v2\/product_brand?post=34618"},{"taxonomy":"product_cat","embeddable":true,"href":"https:\/\/petworld.ma\/index.php\/wp-json\/wp\/v2\/product_cat?post=34618"},{"taxonomy":"product_tag","embeddable":true,"href":"https:\/\/petworld.ma\/index.php\/wp-json\/wp\/v2\/product_tag?post=34618"}],"curies":[{"name":"wp","href":"https:\/\/api.w.org\/{rel}","templated":true}]}}