{"id":34629,"date":"2026-01-29T15:22:41","date_gmt":"2026-01-29T15:22:41","guid":{"rendered":"https:\/\/petworld.ma\/?post_type=product&#038;p=34629"},"modified":"2026-03-18T09:24:14","modified_gmt":"2026-03-18T09:24:14","slug":"gamelle-pour-la-nourriture-et-leau-mylo-chat-noir-blanc-220ml-flamingo","status":"publish","type":"product","link":"https:\/\/petworld.ma\/index.php\/produit\/gamelle-pour-la-nourriture-et-leau-mylo-chat-noir-blanc-220ml-flamingo\/","title":{"rendered":"Flamingo Gamelle Pour La Nourriture et L&rsquo;eau Mylo Chat Noir &amp; Blanc 220ml"},"content":{"rendered":"<div class=\"mb-2\">\n<p>Faites plaisir \u00e0 votre chat avec de la nourriture et de l&rsquo;eau \u00e9l\u00e9gantes ! La mignonne gamelle pour chat Mylo a une forme ludique et une impression amusante., elle convient parfaitement \u00e0 l&rsquo;eau ou \u00e0 la nourriture. Convient aux chatons et aux chats adultes.<\/p>\n<div class=\"ai-notice-icon\" data-tippy-options=\"{&quot;content&quot;:&quot;Ce texte a u00e9tu00e9 gu00e9nu00e9ru00e9 et traduit u00e0 l'aide de l'IA&quot;}\"><\/div>\n<\/div>\n<div class=\"cms-element-text\">\n<ul>\n<li>Mat\u00e9riau : c\u00e9ramique<\/li>\n<li>Lavable au lave-vaisselle<\/li>\n<\/ul>\n<p><img decoding=\"async\" class=\"wp-image-17398 alignleft\" src=\"https:\/\/petworld.ma\/wp-content\/uploads\/2025\/02\/gamelle11.webp\" alt=\"\" width=\"88\" height=\"88\" srcset=\"https:\/\/petworld.ma\/wp-content\/uploads\/2025\/02\/gamelle11.webp 140w, https:\/\/petworld.ma\/wp-content\/uploads\/2025\/02\/gamelle11-100x100.webp 100w\" sizes=\"(max-width: 88px) 100vw, 88px\" \/><\/p>\n<\/div>\n<p>&nbsp;<\/p>\n<table class=\"table table-striped product-detail-properties-table product-detail-io-property-set-table accordion-body\">\n<tbody>\n<tr class=\"properties-row\">\n<th class=\"properties-label fw-normal d-block d-md-table-cell\">Mati\u00e8re principale:<\/th>\n<td class=\"properties-value d-block d-md-table-cell\">Dolomite<\/td>\n<\/tr>\n<tr class=\"properties-row\">\n<th class=\"properties-label fw-normal d-block d-md-table-cell\">Groupe de mat\u00e9riaux:<\/th>\n<td class=\"properties-value d-block d-md-table-cell\">C\u00e9ramique<\/td>\n<\/tr>\n<\/tbody>\n<\/table>\n","protected":false},"excerpt":{"rendered":"<p>12,5cm x 13,5cm x 3,5cm 220ml<\/p>\n","protected":false},"featured_media":34631,"template":"","meta":{"jetpack_publicize_message":"","jetpack_publicize_feature_enabled":true,"jetpack_social_post_already_shared":true,"jetpack_social_options":{"image_generator_settings":{"template":"highway","default_image_id":0,"font":"","enabled":false},"version":2}},"product_brand":[],"product_cat":[36,133,134],"product_tag":[],"class_list":{"0":"post-34629","1":"product","2":"type-product","3":"status-publish","4":"has-post-thumbnail","6":"product_cat-chat","7":"product_cat-gamelle","8":"product_cat-gamelles","10":"first","11":"instock","12":"taxable","13":"shipping-taxable","14":"purchasable","15":"product-type-simple"},"supplier_id":8770,"supplier_sku":"560694","barcode":null,"atum_controlled":true,"out_stock_date":null,"out_stock_threshold":null,"inheritable":false,"inbound_stock":0,"stock_on_hold":0,"sold_today":0,"sales_last_days":0,"reserved_stock":0,"customer_returns":0,"warehouse_damage":0,"lost_in_post":0,"other_logs":0,"out_stock_days":0,"lost_sales":0,"has_location":false,"update_date":"2026-05-07T15:08:59","atum_locations":[],"atum_stock_status":"instock","restock_status":false,"low_stock_amount":1,"sales_update_date":"2026-05-07T15:08:59","calc_backorders":null,"jetpack_publicize_connections":[],"jetpack_sharing_enabled":true,"batches":[],"_links":{"self":[{"href":"https:\/\/petworld.ma\/index.php\/wp-json\/wp\/v2\/product\/34629","targetHints":{"allow":["GET"]}}],"collection":[{"href":"https:\/\/petworld.ma\/index.php\/wp-json\/wp\/v2\/product"}],"about":[{"href":"https:\/\/petworld.ma\/index.php\/wp-json\/wp\/v2\/types\/product"}],"wp:featuredmedia":[{"embeddable":true,"href":"https:\/\/petworld.ma\/index.php\/wp-json\/wp\/v2\/media\/34631"}],"wp:attachment":[{"href":"https:\/\/petworld.ma\/index.php\/wp-json\/wp\/v2\/media?parent=34629"}],"wp:term":[{"taxonomy":"product_brand","embeddable":true,"href":"https:\/\/petworld.ma\/index.php\/wp-json\/wp\/v2\/product_brand?post=34629"},{"taxonomy":"product_cat","embeddable":true,"href":"https:\/\/petworld.ma\/index.php\/wp-json\/wp\/v2\/product_cat?post=34629"},{"taxonomy":"product_tag","embeddable":true,"href":"https:\/\/petworld.ma\/index.php\/wp-json\/wp\/v2\/product_tag?post=34629"}],"curies":[{"name":"wp","href":"https:\/\/api.w.org\/{rel}","templated":true}]}}