{"id":34639,"date":"2026-01-29T15:57:01","date_gmt":"2026-01-29T15:57:01","guid":{"rendered":"https:\/\/petworld.ma\/?post_type=product&#038;p=34639"},"modified":"2026-03-29T14:01:49","modified_gmt":"2026-03-29T14:01:49","slug":"gamelle-pour-la-nourriture-et-leau-isa-chat-bleu-clair-blanc-noir-blanc","status":"publish","type":"product","link":"https:\/\/petworld.ma\/index.php\/produit\/gamelle-pour-la-nourriture-et-leau-isa-chat-bleu-clair-blanc-noir-blanc\/","title":{"rendered":"Flamingo Gamelle Pour La Nourriture et L&rsquo;eau Isa Chat ( Bleu Clair &#038; Blanc | Noir &#038; Blanc )"},"content":{"rendered":"<div class=\"col-12 col-md-6\">\n<div class=\"mb-2 cms-element-text\">\n<div class=\"col-12 col-md-6\">\n<div class=\"mb-2 cms-element-text\">\n<p>Ce mignon bol est parfait pour ton chat ! Fabriqu\u00e9 en c\u00e9ramique et compatible lave-vaisselle. Sp\u00e9cialement con\u00e7u pour manger confortablement sans \u00eatre surstimul\u00e9. Rends l&rsquo;heure du repas amusante et confortable pour ton ami poilu !<\/p>\n<div class=\"ai-notice-icon\" data-tippy-options=\"{&quot;content&quot;:&quot;Ce texte a u00e9tu00e9 gu00e9nu00e9ru00e9 et traduit u00e0 l'aide de l'IA&quot;}\"><\/div>\n<\/div>\n<\/div>\n<div class=\"col-12 col-md-6\">\n<div class=\"cms-element-text\">\n<ul>\n<li>Mat\u00e9riau : c\u00e9ramique<\/li>\n<li>Lavable au lave-vaisselle<\/li>\n<li>Design sp\u00e9cial afin que les moustaches aient suffisamment d\u2019espace pour bouger librement et \u00e9viter la surstimulation<\/li>\n<\/ul>\n<\/div>\n<\/div>\n<\/div>\n<\/div>\n","protected":false},"excerpt":{"rendered":"<p>Ce mignon bol est parfait pour ton chat ! Fabriqu\u00e9 en c\u00e9ramique et compatible lave-vaisselle. Sp\u00e9cialement con\u00e7u pour manger confortablement sans \u00eatre surstimul\u00e9. Rends l&rsquo;heure du repas amusante et confortable pour ton ami poilu ! Mat\u00e9riau : c\u00e9ramique Lavable au lave-vaisselle Design sp\u00e9cial afin que les moustaches aient suffisamment d\u2019espace pour bouger librement et \u00e9viter [&#8230;]\n","protected":false},"featured_media":34645,"template":"","meta":{"jetpack_publicize_message":"","jetpack_publicize_feature_enabled":true,"jetpack_social_post_already_shared":true,"jetpack_social_options":{"image_generator_settings":{"template":"highway","default_image_id":0,"font":"","enabled":false},"version":2}},"product_brand":[],"product_cat":[134,133],"product_tag":[],"class_list":{"0":"post-34639","1":"product","2":"type-product","3":"status-publish","4":"has-post-thumbnail","6":"product_cat-gamelles","7":"product_cat-gamelle","9":"first","10":"instock","11":"sale","12":"taxable","13":"shipping-taxable","14":"purchasable","15":"product-type-variable"},"supplier_id":null,"supplier_sku":"","barcode":null,"atum_controlled":true,"out_stock_date":null,"out_stock_threshold":null,"inheritable":true,"inbound_stock":0,"stock_on_hold":0,"sold_today":0,"sales_last_days":0,"reserved_stock":0,"customer_returns":0,"warehouse_damage":0,"lost_in_post":0,"other_logs":0,"out_stock_days":0,"lost_sales":0,"has_location":false,"update_date":"2026-05-07T11:30:27","atum_locations":[],"atum_stock_status":"instock","restock_status":false,"low_stock_amount":"","sales_update_date":"2026-05-07T11:30:27","calc_backorders":null,"jetpack_publicize_connections":[],"jetpack_sharing_enabled":true,"batches":[],"_links":{"self":[{"href":"https:\/\/petworld.ma\/index.php\/wp-json\/wp\/v2\/product\/34639","targetHints":{"allow":["GET"]}}],"collection":[{"href":"https:\/\/petworld.ma\/index.php\/wp-json\/wp\/v2\/product"}],"about":[{"href":"https:\/\/petworld.ma\/index.php\/wp-json\/wp\/v2\/types\/product"}],"wp:featuredmedia":[{"embeddable":true,"href":"https:\/\/petworld.ma\/index.php\/wp-json\/wp\/v2\/media\/34645"}],"wp:attachment":[{"href":"https:\/\/petworld.ma\/index.php\/wp-json\/wp\/v2\/media?parent=34639"}],"wp:term":[{"taxonomy":"product_brand","embeddable":true,"href":"https:\/\/petworld.ma\/index.php\/wp-json\/wp\/v2\/product_brand?post=34639"},{"taxonomy":"product_cat","embeddable":true,"href":"https:\/\/petworld.ma\/index.php\/wp-json\/wp\/v2\/product_cat?post=34639"},{"taxonomy":"product_tag","embeddable":true,"href":"https:\/\/petworld.ma\/index.php\/wp-json\/wp\/v2\/product_tag?post=34639"}],"curies":[{"name":"wp","href":"https:\/\/api.w.org\/{rel}","templated":true}]}}