{"id":34666,"date":"2026-01-29T23:20:22","date_gmt":"2026-01-29T23:20:22","guid":{"rendered":"https:\/\/petworld.ma\/?post_type=product&#038;p=34666"},"modified":"2026-05-09T12:29:22","modified_gmt":"2026-05-09T12:29:22","slug":"flamingo-jouet-pour-chat-abir-balle-melange","status":"publish","type":"product","link":"https:\/\/petworld.ma\/index.php\/produit\/flamingo-jouet-pour-chat-abir-balle-melange\/","title":{"rendered":"Jouet Flamingo Pour Chat Abir Balle M\u00e9lange"},"content":{"rendered":"<div class=\"col-12 col-md-6\">\n<div class=\"mb-2 cms-element-text\">\n<p>Laisse ton chat s&rsquo;amuser avec la balle Abir! Cette balle color\u00e9e est fabriqu\u00e9e en tissu doux et \u00e9met un son de grelot pour encore plus de plaisir de jeu. Parfait pour des heures de jeu et d&rsquo;aventure!<\/p>\n<div class=\"ai-notice-icon\" data-tippy-options=\"{&quot;content&quot;:&quot;Ce texte a \\u00e9t\\u00e9 g\\u00e9n\\u00e9r\\u00e9 et traduit \\u00e0 l'aide de l'IA&quot;}\"><\/div>\n<\/div>\n<p><img decoding=\"async\" class=\"product-recycle-info-image mt-3 mb-3\" src=\"https:\/\/flamingo.xcdn.nl\/FRkaartjedubbelStraprechNietje_RC_01.jpg?s=24&amp;f=s:0:160:1:1\" alt=\"fpp-theme.product-detail.buy-widget.recycle-info\" width=\"281\" height=\"69\" \/><\/p>\n<\/div>\n<div class=\"col-12 col-md-6\">\n<div class=\"cms-element-text\">\n<ul>\n<li>Mat\u00e9riau : tissu fabriqu\u00e9 avec du polystyr\u00e8ne<\/li>\n<li>Avec bruit de cliquetis pour encore plus de plaisir<\/li>\n<\/ul>\n<\/div>\n<\/div>\n","protected":false},"excerpt":{"rendered":"<p>Laisse ton chat s&rsquo;amuser avec la balle Abir! Cette balle color\u00e9e est fabriqu\u00e9e en tissu doux et \u00e9met un son de grelot pour encore plus de plaisir de jeu. Parfait pour des heures de jeu et d&rsquo;aventure! Mat\u00e9riau : tissu fabriqu\u00e9 avec du polystyr\u00e8ne Avec bruit de cliquetis pour encore plus de plaisir<\/p>\n","protected":false},"featured_media":34669,"template":"","meta":{"jetpack_publicize_message":"","jetpack_publicize_feature_enabled":true,"jetpack_social_post_already_shared":true,"jetpack_social_options":{"image_generator_settings":{"template":"highway","default_image_id":0,"font":"","enabled":false},"version":2}},"product_brand":[],"product_cat":[100],"product_tag":[],"class_list":{"0":"post-34666","1":"product","2":"type-product","3":"status-publish","4":"has-post-thumbnail","6":"product_cat-accessoires-jouets-et-colliers","8":"first","9":"instock","10":"sale","11":"taxable","12":"shipping-taxable","13":"purchasable","14":"product-type-simple"},"supplier_id":8770,"supplier_sku":"561233","barcode":null,"atum_controlled":true,"out_stock_date":null,"out_stock_threshold":null,"inheritable":false,"inbound_stock":0,"stock_on_hold":1,"sold_today":0,"sales_last_days":1,"reserved_stock":0,"customer_returns":0,"warehouse_damage":0,"lost_in_post":0,"other_logs":0,"out_stock_days":0,"lost_sales":0,"has_location":false,"update_date":"2026-05-12T00:20:34","atum_locations":[],"atum_stock_status":"instock","restock_status":false,"low_stock_amount":5,"sales_update_date":"2026-05-12T00:20:34","calc_backorders":null,"jetpack_publicize_connections":[],"jetpack_sharing_enabled":true,"batches":[],"_links":{"self":[{"href":"https:\/\/petworld.ma\/index.php\/wp-json\/wp\/v2\/product\/34666","targetHints":{"allow":["GET"]}}],"collection":[{"href":"https:\/\/petworld.ma\/index.php\/wp-json\/wp\/v2\/product"}],"about":[{"href":"https:\/\/petworld.ma\/index.php\/wp-json\/wp\/v2\/types\/product"}],"wp:featuredmedia":[{"embeddable":true,"href":"https:\/\/petworld.ma\/index.php\/wp-json\/wp\/v2\/media\/34669"}],"wp:attachment":[{"href":"https:\/\/petworld.ma\/index.php\/wp-json\/wp\/v2\/media?parent=34666"}],"wp:term":[{"taxonomy":"product_brand","embeddable":true,"href":"https:\/\/petworld.ma\/index.php\/wp-json\/wp\/v2\/product_brand?post=34666"},{"taxonomy":"product_cat","embeddable":true,"href":"https:\/\/petworld.ma\/index.php\/wp-json\/wp\/v2\/product_cat?post=34666"},{"taxonomy":"product_tag","embeddable":true,"href":"https:\/\/petworld.ma\/index.php\/wp-json\/wp\/v2\/product_tag?post=34666"}],"curies":[{"name":"wp","href":"https:\/\/api.w.org\/{rel}","templated":true}]}}