{"id":34697,"date":"2026-01-30T11:21:37","date_gmt":"2026-01-30T11:21:37","guid":{"rendered":"https:\/\/petworld.ma\/?post_type=product&#038;p=34697"},"modified":"2026-01-30T18:06:27","modified_gmt":"2026-01-30T18:06:27","slug":"pro-nutrition-prestige-adult-maxi-pour-chien-adulte-de-grande-taille-14-kg","status":"publish","type":"product","link":"https:\/\/petworld.ma\/index.php\/produit\/pro-nutrition-prestige-adult-maxi-pour-chien-adulte-de-grande-taille-14-kg\/","title":{"rendered":"Pro-Nutrition Prestige Adult Maxi Pour Chien Adulte De Grande Taille 14 kg"},"content":{"rendered":"<div class=\"hidden-xs\">\n<div class=\"hidden-xs\">\n<h2 class=\"full-description-grid-block\">PROTECTION DES ARTICULATIONS &#8211; VITALITE &#8211; SECURITE &amp; CONFORT DIGESTIFS<\/h2>\n<p>Prestige Adult Maxi est un aliment complet qui couvre parfaitement les besoins nutritionnels des chiens adultes de grandes races.<\/p>\n<p>Les croquettes\u00a0Prestige ADULT MAXI\u00a0aide au soutien et \u00e0 la\u00a0protection des articulations\u00a0gr\u00e2ce \u00e0 une formule incorporant du cartilage hydrolys\u00e9 (riche en collag\u00e8ne marin hydrolys\u00e9), de la chondro\u00eftine sulfate et de la glucosamine sulfate d\u2019origine marine.<\/p>\n<p>L\u2019apport \u00e9quilibr\u00e9 des 40 nutriments essentiels, la protection des vitamines et la pr\u00e9sence d\u2019antioxydants naturels (polyph\u00e9nols des fibres de pomme et extraits de romarin) conf\u00e8rent\u00a0vitalit\u00e9 et sant\u00e9\u00a0\u00e0 votre chien.<\/p>\n<p>L\u2019association de probiotiques\u00a0<em>Enterococcus faecium<\/em>\u00a0et de pr\u00e9biotiques (FOS) favorise le d\u00e9veloppement de la bonne flore intestinale. L\u2019argile et la levure de bi\u00e8re s\u00e9curisent le transit digestif. La taille des croquettes adapt\u00e9e participe \u00e0 une\u00a0digestion optimale.<\/p>\n<p>L\u2019alimentation doit fournir \u00e0 votre compagnon des ingr\u00e9dients de haute qualit\u00e9, source de tous les nutriments n\u00e9cessaires pour \u00eatre en pleine forme et en bonne sant\u00e9 pendant ses ann\u00e9es les plus actives.<\/p>\n<p>Les croquettes Prestige ADULT MAXI sont app\u00e9tentes, tr\u00e8s digestibles et particuli\u00e8rement appr\u00e9ci\u00e9es par les chiens.<\/p>\n<ul>\n<li>Des prot\u00e9ines de qualit\u00e9 sup\u00e9rieure, source d\u2019acides amin\u00e9s essentiels, n\u00e9cessaires pour\u00a0entretenir la masse musculaire\u00a0de votre chien.<\/li>\n<li>Des fibres, solubles et insolubles provenant de pommes et des cosses de f\u00e9verole, pour\u00a0assurer la sati\u00e9t\u00e9\u00a0et\u00a0soutenir la sant\u00e9 intestinale.<\/li>\n<li>De l\u2019argile et la levure de bi\u00e8re\u00a0qui garantissent une consistance de selles optimale et s\u00e9curisent le transit digestif.<\/li>\n<li>L\u2019association de probiotiques (<em>Enterococcus faecium<\/em>) et de pr\u00e9biotiques (pomme) favorise le bon \u00e9quilibre de la flore intestinale et\u00a0renforce les d\u00e9fenses immunitaires\u00a0pour une sant\u00e9 intestinale du chien.<\/li>\n<li>Une taille des croquettes adapt\u00e9e qui participe \u00e0 une digestion optimale.<\/li>\n<li>L\u2019incorporation de cartilage hydrolys\u00e9 (riche en collag\u00e8ne marin hydrolys\u00e9), de chondro\u00eftine sulfate et de glucosamine sulfate (d\u2019origine marine) aide \u00e0 la protection et au\u00a0soutien des articulations.<\/li>\n<li>Le complexe\u00a0Marine Active Benefit\u00a0(autolysats de poissons), sources d\u2019acides gras om\u00e9ga-3, accompagn\u00e9s par la vitamine E, garantit un\u00a0pelage sain et soyeux.<\/li>\n<li>La protection des vitamines et l\u2019int\u00e9gration d\u2019antioxydants naturels (fibres de pomme et extraits de romarin) conf\u00e8rent au chien vitalit\u00e9 et sant\u00e9.<\/li>\n<\/ul>\n<p><strong>COMPOSITION<\/strong><br \/>\nProt\u00e9ines animales d\u00e9shydrat\u00e9es 26% (poulet, dinde, porc). Ma\u00efs. Bl\u00e9. Graisse de porc. Graines de lin (4,5%). Fibres de pomme. Pois. Hydrolysats de prot\u00e9ines animales. Levure de bi\u00e8re. Sel de mer. Autolysats de poissons (0,5%). Fructo-oligosaccharides. Huile d\u2019algues (0,14%). Peptides marins (0,04%) (collag\u00e8ne hydrolys\u00e9 de type II). Enterococcus faecium (4b1707) (Probiotiques). Vitamines et oligo-\u00e9l\u00e9ments.<\/p>\n<\/div>\n<\/div>\n","protected":false},"excerpt":{"rendered":"<p>Croquettes compl\u00e8tes pour chien adulte de grande taille (poids &gt; 20 kg), en bonne sant\u00e9 et ayant une activit\u00e9 normale.<\/p>\n","protected":false},"featured_media":34720,"template":"","meta":{"jetpack_publicize_message":"","jetpack_publicize_feature_enabled":true,"jetpack_social_post_already_shared":true,"jetpack_social_options":{"image_generator_settings":{"template":"highway","default_image_id":0,"font":"","enabled":false},"version":2}},"product_brand":[],"product_cat":[26],"product_tag":[],"class_list":{"0":"post-34697","1":"product","2":"type-product","3":"status-publish","4":"has-post-thumbnail","6":"product_cat-croquettes","8":"first","9":"onbackorder","10":"taxable","11":"shipping-taxable","12":"purchasable","13":"product-type-simple"},"supplier_id":22725,"supplier_sku":"","barcode":null,"atum_controlled":true,"out_stock_date":"2026-01-30 16:13:30","out_stock_threshold":null,"inheritable":false,"inbound_stock":0,"stock_on_hold":0,"sold_today":0,"sales_last_days":0,"reserved_stock":0,"customer_returns":0,"warehouse_damage":0,"lost_in_post":0,"other_logs":0,"out_stock_days":95,"lost_sales":0,"has_location":false,"update_date":"2026-05-05T21:53:47","atum_locations":[],"atum_stock_status":"onbackorder","restock_status":false,"low_stock_amount":2,"sales_update_date":"2026-05-05T21:53:47","calc_backorders":0,"jetpack_publicize_connections":[],"jetpack_sharing_enabled":true,"batches":[],"_links":{"self":[{"href":"https:\/\/petworld.ma\/index.php\/wp-json\/wp\/v2\/product\/34697","targetHints":{"allow":["GET"]}}],"collection":[{"href":"https:\/\/petworld.ma\/index.php\/wp-json\/wp\/v2\/product"}],"about":[{"href":"https:\/\/petworld.ma\/index.php\/wp-json\/wp\/v2\/types\/product"}],"wp:featuredmedia":[{"embeddable":true,"href":"https:\/\/petworld.ma\/index.php\/wp-json\/wp\/v2\/media\/34720"}],"wp:attachment":[{"href":"https:\/\/petworld.ma\/index.php\/wp-json\/wp\/v2\/media?parent=34697"}],"wp:term":[{"taxonomy":"product_brand","embeddable":true,"href":"https:\/\/petworld.ma\/index.php\/wp-json\/wp\/v2\/product_brand?post=34697"},{"taxonomy":"product_cat","embeddable":true,"href":"https:\/\/petworld.ma\/index.php\/wp-json\/wp\/v2\/product_cat?post=34697"},{"taxonomy":"product_tag","embeddable":true,"href":"https:\/\/petworld.ma\/index.php\/wp-json\/wp\/v2\/product_tag?post=34697"}],"curies":[{"name":"wp","href":"https:\/\/api.w.org\/{rel}","templated":true}]}}