{"id":34725,"date":"2026-01-30T16:23:56","date_gmt":"2026-01-30T16:23:56","guid":{"rendered":"https:\/\/petworld.ma\/?post_type=product&#038;p=34725"},"modified":"2026-03-12T17:18:46","modified_gmt":"2026-03-12T17:18:46","slug":"pro-nutrition-prestige-chien-adult-all-sizes-appetit-difficile-exigent-12kg","status":"publish","type":"product","link":"https:\/\/petworld.ma\/index.php\/produit\/pro-nutrition-prestige-chien-adult-all-sizes-appetit-difficile-exigent-12kg\/","title":{"rendered":"Pro-Nutrition Prestige Chien Adult All Sizes App\u00e9tit Difficile \u2013 Exigent 12Kg"},"content":{"rendered":"<div class=\"hidden-xs\">\n<div class=\"hidden-xs\">\n<p class=\"sv-g full-description-grid\">Les croquettes\u00a0<strong>Prestige Adult \u00e0 l\u2019agneau et au riz<\/strong>\u00a0repr\u00e9sentent une alimentation compl\u00e8te et savoureuse, sp\u00e9cialement con\u00e7ue pour les chiens particuli\u00e8rement sensibles mais aussi pour les chiens les plus difficiles.<\/p>\n<h5 class=\"full-description-grid-block\">Un plaisir garanti \u00e0 chaque repas<\/h5>\n<p class=\"sv-g full-description-grid\">Ces croquettes pour chien sont formul\u00e9es \u00e0 base d\u2019\u00a0<strong>ingr\u00e9dients tr\u00e8s app\u00e9tents\u00a0<\/strong>et\u00a0<strong>hyper digestibles\u00a0<\/strong>qui participent au\u00a0<strong>bon fonctionnement digestif<\/strong>\u00a0et permettent de\u00a0<strong>limiter les risques de sensibilit\u00e9 alimentaire\u00a0<\/strong>(sans bl\u00e9 ni soja).<\/p>\n<h5>Les croquettes Prestige ADULT AGNEAU RIZ, c\u2019est aussi :<\/h5>\n<ul>\n<li>Des\u00a0<strong>prot\u00e9ines de qualit\u00e9 sup\u00e9rieure<\/strong>\u00a0n\u00e9cessaires pour\u00a0<strong>soutenir les fonctions cutan\u00e9es<\/strong>\u00a0et celles de l\u2019appareil digestif de votre chien.<\/li>\n<li>Des fibres, provenant des pommes, des f\u00e9veroles et des pulpes de betterave, pour\u00a0<strong>maintenir la sant\u00e9 de la flore intestinale<\/strong>\u00a0et la consistance des selles de votre compagnon. Le\u00a0<strong>bon d\u00e9veloppement de sa flore intestinale<\/strong>\u00a0est consolid\u00e9 par l\u2019association de probiotiques\u00a0<em>Enterococcus faecium<\/em>\u00a0et de pr\u00e9biotiques (FOS). L\u2019argile naturelle et la levure de bi\u00e8re lui garantissent un\u00a0<strong>confort digestif<\/strong>. L\u2019artichaut, h\u00e9pato-protecteur naturel,\u00a0<strong>pr\u00e9vient toute surcharge du foie<\/strong>.<\/li>\n<li>L\u2019huile de colza, les graines de lin et les autolysats de poisson, sources d\u2019acides gras (om\u00e9ga-6 et om\u00e9ga-3), accompagn\u00e9s par la vitamine E, pour\u00a0<strong>renforcer le fonctionnement de la barri\u00e8re cutan\u00e9e et digestive<\/strong>.<\/li>\n<li>L\u2019introduction des vitamines prot\u00e9g\u00e9es, l\u2019int\u00e9gration d\u2019ingr\u00e9dients avec des antioxydants naturels (fibres de pomme et extraits de romarin) et d\u2019artichaut (h\u00e9pato-protecteur naturel) assurent la\u00a0<strong>vitalit\u00e9<\/strong>\u00a0et la bonne sant\u00e9 de votre chien.<\/li>\n<\/ul>\n<h4><strong>Composition<\/strong><\/h4>\n<p>Prot\u00e9ines animales d\u00e9shydrat\u00e9es 27% (agneau 10%, volaille, porc). Ma\u00efs. Avoine d\u00e9cortiqu\u00e9e (13%). Graisse de porc. Pois. Riz (4%). Graines de lin. Fibres de pomme. Fibres de f\u00e9veroles. Hydrolysats de prot\u00e9ines animales. Levure de bi\u00e8re. Autolysats de poissons (0,6%). Artichaut (0,5%). Sel de mer. Fructo-oligosaccharides. Enterococcus faecium (4b1707) (Probiotiques). Vitamines et oligo-\u00e9l\u00e9ments.<\/p>\n<h4><strong>Constituants analytiques<\/strong><\/h4>\n<div class=\"bloc_composition_table\">\n<div class=\"bloc_composition_table_line\"><span class=\"bloc_composition_table_left\">Prot\u00e9ine brute<\/span>\u00a0<span class=\"bloc_composition_table_right\">26% <\/span><span class=\"bloc_composition_table_left\">Mati\u00e8re grasse<\/span>\u00a0<span class=\"bloc_composition_table_right\">17% <\/span><span class=\"bloc_composition_table_left\">Cellulose Brute<\/span>\u00a0<span class=\"bloc_composition_table_right\">3,5% <\/span><span class=\"bloc_composition_table_left\">Mati\u00e8re min\u00e9rale<\/span>\u00a0<span class=\"bloc_composition_table_right\">7% <\/span><span class=\"bloc_composition_table_left\">Energie m\u00e9tabolisable<\/span>\u00a0<span class=\"bloc_composition_table_right\">3810 kcal\/kg.<\/span><\/div>\n<\/div>\n<h4><strong>Micro-nutriments<\/strong><\/h4>\n<div class=\"bloc_composition_table\">\n<div class=\"bloc_composition_table_line\"><span class=\"bloc_composition_table_left\">Calcium<\/span>\u00a0<span class=\"bloc_composition_table_right\">1,3 % <\/span><span class=\"bloc_composition_table_left\">Phosphore<\/span>\u00a0<span class=\"bloc_composition_table_right\">0,9 % <\/span><span class=\"bloc_composition_table_left\">Sodium<\/span>\u00a0<span class=\"bloc_composition_table_right\">0,3 % <\/span><span class=\"bloc_composition_table_left\">Potassium<\/span>\u00a0<span class=\"bloc_composition_table_right\">0,47 % <\/span><span class=\"bloc_composition_table_left\">Magn\u00e9sium<\/span>\u00a0<span class=\"bloc_composition_table_right\">0,13 % <\/span><span class=\"bloc_composition_table_left\">Om\u00e9ga 3<\/span>\u00a0<span class=\"bloc_composition_table_right\">1,3 % <\/span><span class=\"bloc_composition_table_left\">Om\u00e9ga 6<\/span>\u00a0<span class=\"bloc_composition_table_right\">2,7 % <\/span><span class=\"bloc_composition_table_left\">EPA + DHA \u2013 Om\u00e9ga 3<\/span>\u00a0<span class=\"bloc_composition_table_right\">0,1 g\/kg <\/span><span class=\"bloc_composition_table_left\">Lysine<\/span>\u00a0<span class=\"bloc_composition_table_right\">12,5 g\/kg <\/span><span class=\"bloc_composition_table_left\">M\u00e9thionine<\/span>\u00a0<span class=\"bloc_composition_table_right\">3,9 g\/kg <\/span><span class=\"bloc_composition_table_left\">L-carnitine<\/span>\u00a0<span class=\"bloc_composition_table_right\">\u2013 mg\/kg <\/span><span class=\"bloc_composition_table_left\">Taurine<\/span>\u00a0<span class=\"bloc_composition_table_right\">\u2013 mg\/kg <\/span><span class=\"bloc_composition_table_left\">Cuivre<\/span>\u00a0<span class=\"bloc_composition_table_right\">19 mg\/kg <\/span><span class=\"bloc_composition_table_left\">Zinc<\/span>\u00a0<span class=\"bloc_composition_table_right\">191 mg\/kg <\/span><span class=\"bloc_composition_table_left\">dont Zinc ch\u00e9lat\u00e9<\/span>\u00a0<span class=\"bloc_composition_table_right\">71 mg\/kg <\/span><span class=\"bloc_composition_table_left\">Mangan\u00e8se<\/span>\u00a0<span class=\"bloc_composition_table_right\">67 mg\/kg <\/span><span class=\"bloc_composition_table_left\">Iode<\/span>\u00a0<span class=\"bloc_composition_table_right\">2,6 mg\/kg <\/span><span class=\"bloc_composition_table_left\">S\u00e9l\u00e9nium<\/span>\u00a0<span class=\"bloc_composition_table_right\">0,48 mg\/kg <\/span><span class=\"bloc_composition_table_left\">dont S\u00e9l\u00e9nium organique<\/span>\u00a0<span class=\"bloc_composition_table_right\">0,19 mg\/kg <\/span><span class=\"bloc_composition_table_left\">Vitamine A<\/span>\u00a0<span class=\"bloc_composition_table_right\">13600 UI\/kg <\/span><span class=\"bloc_composition_table_left\">Vitamine D3<\/span>\u00a0<span class=\"bloc_composition_table_right\">900 UI\/kg <\/span><span class=\"bloc_composition_table_left\">Vitamine E<\/span>\u00a0<span class=\"bloc_composition_table_right\">175 UI\/kg <\/span><span class=\"bloc_composition_table_left\">Vitamine C<\/span>\u00a0<span class=\"bloc_composition_table_right\">\u2013 mg\/kg <\/span><span class=\"bloc_composition_table_left\">Vitamine B1<\/span>\u00a0<span class=\"bloc_composition_table_right\">84 mg\/kg <\/span><span class=\"bloc_composition_table_left\">Vitamine B2<\/span>\u00a0<span class=\"bloc_composition_table_right\">10,4 mg\/kg <\/span><span class=\"bloc_composition_table_left\">Vitamine B5 \u2013 Acide pantoth\u00e9nique<\/span>\u00a0<span class=\"bloc_composition_table_right\">42 mg\/kg <\/span><span class=\"bloc_composition_table_left\">Vitamine B6<\/span>\u00a0<span class=\"bloc_composition_table_right\">9,6 mg\/kg <\/span><span class=\"bloc_composition_table_left\">Vitamine B12<\/span>\u00a0<span class=\"bloc_composition_table_right\">0,22 mg\/kg <\/span><span class=\"bloc_composition_table_left\">Vitamine PP<\/span>\u00a0<span class=\"bloc_composition_table_right\">32 mg\/kg <\/span><span class=\"bloc_composition_table_left\">Biotine<\/span>\u00a0<span class=\"bloc_composition_table_right\">2,4 mg\/kg <\/span><span class=\"bloc_composition_table_left\">Vitamine B9 acide folique<\/span>\u00a0<span class=\"bloc_composition_table_right\">2,2 mg\/kg <\/span><\/div>\n<div class=\"bloc_composition_table_line\">\n<p><span class=\"bloc_composition_table_left\">Chlorure de choline<\/span>\u00a0<span class=\"bloc_composition_table_right\"><span class=\"bloc_composition_table_right\">1800 mg\/kg<\/span><\/span><\/p>\n<p>&nbsp;<\/p>\n<h4><strong>Transition alimentaire<\/strong><\/h4>\n<p>Pour que ce changement se passe dans de bonnes conditions, il est indispensable de r\u00e9aliser une transition alimentaire. Cette transition permet \u00e0 votre chien ou votre chat de s\u2019adapter progressivement \u00e0 sa nouvelle alimentation. La p\u00e9riode de transition alimentaire permet cette \u00e9volution sans qu\u2019elle n\u2019impacte le bien-\u00eatre de votre fid\u00e8le compagnon !<\/p>\n<ul>\n<li>Jours 1 et 2 : 75% de l\u2019ancien aliment + 25% du nouveau<\/li>\n<li>Jours 3 et 4 : 50% de l\u2019ancien aliment + 50% du nouveau<\/li>\n<li>Jours 5 et 6 : 25% de l\u2019ancien aliment+ 75% du nouveau<\/li>\n<li>Jour 7 : 100% du nouvel aliment<\/li>\n<\/ul>\n<p><strong>Ces \u00e9l\u00e9ments sont donn\u00e9s \u00e0 titre indicatif, la dur\u00e9e de la transition est \u00e0 adapter en fonction de la sensibilit\u00e9 de votre animal.<\/strong><\/p>\n<h4><strong>Rationnement<\/strong><\/h4>\n<table>\n<tbody>\n<tr>\n<td>Poids optimal du chien<\/td>\n<td><\/td>\n<td>2 kg<\/td>\n<td>5 kg<\/td>\n<td>10 kg<\/td>\n<td>15 kg<\/td>\n<td>20 kg<\/td>\n<td>25 kg<\/td>\n<td>30 kg<\/td>\n<td>40 kg<\/td>\n<td>50 kg<\/td>\n<td>60 kg<\/td>\n<td>70 kg<\/td>\n<td>80 kg<\/td>\n<\/tr>\n<tr>\n<td>Activit\u00e9 normale<\/td>\n<td>Quantit\u00e9 par jour<\/td>\n<td>49 g<\/td>\n<td>97 g<\/td>\n<td>162 g<\/td>\n<td>220 g<\/td>\n<td>273 g<\/td>\n<td>323 g<\/td>\n<td>370 g<\/td>\n<td>459 g<\/td>\n<td>543 g<\/td>\n<td>622 g<\/td>\n<td>699 g<\/td>\n<td>772 g<\/td>\n<\/tr>\n<tr>\n<td><\/td>\n<td>Dur\u00e9e moyenne (en jours) \u2013 Sac de 3kg<\/td>\n<td>61<\/td>\n<td>31<\/td>\n<td>19<\/td>\n<td>14<\/td>\n<td>11<\/td>\n<td>9<\/td>\n<td>8<\/td>\n<td>7<\/td>\n<td>6<\/td>\n<td>5<\/td>\n<td>4<\/td>\n<td>4<\/td>\n<\/tr>\n<tr>\n<td><\/td>\n<td>Dur\u00e9e moyenne (en jours) \u2013 Sac de 12kg<\/td>\n<td>245<\/td>\n<td>124<\/td>\n<td>74<\/td>\n<td>55<\/td>\n<td>44<\/td>\n<td>37<\/td>\n<td>32<\/td>\n<td>26<\/td>\n<td>22<\/td>\n<td>19<\/td>\n<td>17<\/td>\n<td>16<\/td>\n<\/tr>\n<tr>\n<td>Activit\u00e9 mod\u00e9r\u00e9e<\/td>\n<td>Quantit\u00e9 par jour<\/td>\n<td>42 g<\/td>\n<td>83 g<\/td>\n<td>140 g<\/td>\n<td>190 g<\/td>\n<td>236 g<\/td>\n<td>279 g<\/td>\n<td>320 g<\/td>\n<td>397 g<\/td>\n<td>469 g<\/td>\n<td>538 g<\/td>\n<td>603 g<\/td>\n<td>667 g<\/td>\n<\/tr>\n<tr>\n<td><\/td>\n<td>Dur\u00e9e moyenne (en jours) \u2013 Sac de 3kg<\/td>\n<td>71<\/td>\n<td>36<\/td>\n<td>21<\/td>\n<td>16<\/td>\n<td>13<\/td>\n<td>11<\/td>\n<td>9<\/td>\n<td>8<\/td>\n<td>6<\/td>\n<td>6<\/td>\n<td>5<\/td>\n<td>4<\/td>\n<\/tr>\n<tr>\n<td><\/td>\n<td>Dur\u00e9e moyenne (en jours) \u2013 Sac de 12kg<\/td>\n<td>286<\/td>\n<td>145<\/td>\n<td>86<\/td>\n<td>63<\/td>\n<td>51<\/td>\n<td>43<\/td>\n<td>38<\/td>\n<td>30<\/td>\n<td>26<\/td>\n<td>22<\/td>\n<td>20<\/td>\n<td>18<\/td>\n<\/tr>\n<\/tbody>\n<\/table>\n<\/div>\n<\/div>\n<\/div>\n<\/div>\n","protected":false},"excerpt":{"rendered":"<p>Les croquettes\u00a0Prestige Adult \u00e0 l\u2019agneau et au riz\u00a0repr\u00e9sentent une alimentation compl\u00e8te et savoureuse, sp\u00e9cialement con\u00e7ue pour les chiens particuli\u00e8rement sensibles mais aussi pour les chiens les plus difficiles. Un plaisir garanti \u00e0 chaque repas Ces croquettes pour chien sont formul\u00e9es \u00e0 base d\u2019\u00a0ingr\u00e9dients tr\u00e8s app\u00e9tents\u00a0et\u00a0hyper digestibles\u00a0qui participent au\u00a0bon fonctionnement digestif\u00a0et permettent de\u00a0limiter les risques de [&#8230;]\n","protected":false},"featured_media":34735,"template":"","meta":{"jetpack_publicize_message":"","jetpack_publicize_feature_enabled":true,"jetpack_social_post_already_shared":true,"jetpack_social_options":{"image_generator_settings":{"template":"highway","default_image_id":0,"font":"","enabled":false},"version":2}},"product_brand":[],"product_cat":[26],"product_tag":[],"class_list":{"0":"post-34725","1":"product","2":"type-product","3":"status-publish","4":"has-post-thumbnail","6":"product_cat-croquettes","8":"first","9":"instock","10":"taxable","11":"shipping-taxable","12":"purchasable","13":"product-type-simple"},"supplier_id":22725,"supplier_sku":"","barcode":null,"atum_controlled":true,"out_stock_date":null,"out_stock_threshold":null,"inheritable":false,"inbound_stock":0,"stock_on_hold":0,"sold_today":0,"sales_last_days":0,"reserved_stock":0,"customer_returns":0,"warehouse_damage":0,"lost_in_post":0,"other_logs":0,"out_stock_days":0,"lost_sales":0,"has_location":false,"update_date":"2026-05-06T00:16:28","atum_locations":[],"atum_stock_status":"instock","restock_status":false,"low_stock_amount":1,"sales_update_date":"2026-05-06T00:16:28","calc_backorders":null,"jetpack_publicize_connections":[],"jetpack_sharing_enabled":true,"batches":[{"id":"7422","date_created":"2026-01-30 18:09:43","date_expiry":"2027-04-22 00:00:00","user_id":"1","batch_number":"Pro-Nutrition Prestige Chien Adult All Sizes App\u00e9tit Difficile \u2013 Exigent 12Kg220427","location":"","quantity":"2.0000","quantity_available":"2.0000","units":"1","status":"active","order_ids":null,"supplier":"PETPLANET","po":{"id":"7358","date_created":"2026-01-30 18:09:43","batch_id":"7422","po_number":"","supplier":"PETPLANET","cost":null,"regular_price":null,"sale_price":null,"price_margin":null,"price_discount":null}}],"_links":{"self":[{"href":"https:\/\/petworld.ma\/index.php\/wp-json\/wp\/v2\/product\/34725","targetHints":{"allow":["GET"]}}],"collection":[{"href":"https:\/\/petworld.ma\/index.php\/wp-json\/wp\/v2\/product"}],"about":[{"href":"https:\/\/petworld.ma\/index.php\/wp-json\/wp\/v2\/types\/product"}],"wp:featuredmedia":[{"embeddable":true,"href":"https:\/\/petworld.ma\/index.php\/wp-json\/wp\/v2\/media\/34735"}],"wp:attachment":[{"href":"https:\/\/petworld.ma\/index.php\/wp-json\/wp\/v2\/media?parent=34725"}],"wp:term":[{"taxonomy":"product_brand","embeddable":true,"href":"https:\/\/petworld.ma\/index.php\/wp-json\/wp\/v2\/product_brand?post=34725"},{"taxonomy":"product_cat","embeddable":true,"href":"https:\/\/petworld.ma\/index.php\/wp-json\/wp\/v2\/product_cat?post=34725"},{"taxonomy":"product_tag","embeddable":true,"href":"https:\/\/petworld.ma\/index.php\/wp-json\/wp\/v2\/product_tag?post=34725"}],"curies":[{"name":"wp","href":"https:\/\/api.w.org\/{rel}","templated":true}]}}