{"id":34757,"date":"2026-01-31T11:01:08","date_gmt":"2026-01-31T11:01:08","guid":{"rendered":"https:\/\/petworld.ma\/?post_type=product&#038;p=34757"},"modified":"2026-05-07T00:36:06","modified_gmt":"2026-05-07T00:36:06","slug":"pro-nutrition-prestige-chat-adulte-saveur-dinde-10kg-2kg-gratuit-promo","status":"publish","type":"product","link":"https:\/\/petworld.ma\/index.php\/produit\/pro-nutrition-prestige-chat-adulte-saveur-dinde-10kg-2kg-gratuit-promo\/","title":{"rendered":"Pro-Nutrition Prestige Chat Adulte Saveur Dinde 10Kg +2Kg Gratuit Promo"},"content":{"rendered":"<div class=\"sv-g full-description-grid\">Une alimentation \u00e9quilibr\u00e9e et compl\u00e8te est vitale pour rester en bonne sant\u00e9 plus longtemps. Les croquettes\u00a0PRESTIGE Chat\u00a0\u00e0 la dinde repr\u00e9sentent le bon compromis entre go\u00fbt et qualit\u00e9 pour plus de vitalit\u00e9 des chats adultes. Votre chat aimera la saveur d\u00e9licieuse de nos croquettes PRESTIGE Chat \u00e0 la dinde.<\/div>\n<div class=\"sv-g full-description-grid\">\n<ul type=\"disc\">\n<li>Une alimentation avec des prot\u00e9ines d\u2019origine animale, n\u00e9cessaires pour\u00a0<strong>maintenir la masse musculaire<\/strong>, parfaitement adapt\u00e9e \u00e0 sa physiologie de carnivore.<\/li>\n<li>Des fibres de pommes, des fibres de f\u00e9veroles et des probiotiques (<em>Enterococcus faecium<\/em>) qui garantissent l\u2019<strong>\u00e9quilibre de la flore intestinale<\/strong>\u00a0et le\u00a0<strong>renforcement des d\u00e9fenses immunitaires<\/strong>.<\/li>\n<li>L\u2019incorporation de biotine et de zinc ch\u00e9lat\u00e9 et un \u00e9quilibre id\u00e9al en acides gras essentiels :\u00a0graines de lin et autolysats de poisson, sources d\u2019acides gras et de peptides (om\u00e9ga 6 et 3), accompagn\u00e9s par la vitamine E favorisent\u00a0<strong>une peau saine et un pelage soyeux<\/strong>.<\/li>\n<li>Des apports \u00e9quilibr\u00e9s en min\u00e9raux, essentiel pour maintenir un pH urinaire optimal et\u00a0<strong>limiter le risque de calculs urinaires<\/strong>.<\/li>\n<li>L\u2019association de bl\u00e9 malt\u00e9, d\u2019extraits de plantes\u00a0et un taux de cellulose adapt\u00e9 pour\u00a0<strong>limiter la formation des boules de poils<\/strong>.<\/li>\n<\/ul>\n<div class=\"woocommerce-tabs wc-tabs-wrapper\">\n<div id=\"tab-formula\" class=\"woocommerce-Tabs-panel woocommerce-Tabs-panel--formula panel entry-content wc-tab\" role=\"tabpanel\" aria-labelledby=\"tab-title-formula\">\n<h4><strong>Composition<\/strong><\/h4>\n<p>Prot\u00e9ines animales d\u00e9shydrat\u00e9es 30% (volaille dont dinde 4%, porc). Ma\u00efs. Bl\u00e9. Graisse de volaille. Graines de lin. Hydrolysats de prot\u00e9ines animales. Pois. Fibres de pomme (2%). Fibres de f\u00e9veroles. Pulpes de betterave. Levure de bi\u00e8re. Autolysats de poissons (0,4%). Chlorure de potassium. Sel de mer. Sulfate de calcium. Fructo-oligosaccharides. Yucca.<\/p>\n<h4><strong>Constituants analytiques<\/strong><\/h4>\n<div class=\"bloc_composition_table\">\n<div class=\"bloc_composition_table_line\"><span class=\"bloc_composition_table_left\">Prot\u00e9ine brute<\/span>\u00a0<span class=\"bloc_composition_table_right\">31%<\/span><\/div>\n<div class=\"bloc_composition_table_line\"><span class=\"bloc_composition_table_left\">Mati\u00e8re grasse<\/span>\u00a0<span class=\"bloc_composition_table_right\">16%<\/span><\/div>\n<div class=\"bloc_composition_table_line\"><span class=\"bloc_composition_table_left\">Cellulose Brute<\/span>\u00a0<span class=\"bloc_composition_table_right\">3.5%<\/span><\/div>\n<div class=\"bloc_composition_table_line\"><span class=\"bloc_composition_table_left\">Mati\u00e8re min\u00e9rale<\/span>\u00a0<span class=\"bloc_composition_table_right\">7%<\/span><\/div>\n<div class=\"bloc_composition_table_line\"><span class=\"bloc_composition_table_left\">Energie m\u00e9tabolisable<\/span>\u00a0<span class=\"bloc_composition_table_right\">3917 kcal\/kg<\/span><\/div>\n<\/div>\n<h4><strong>Micro-nutriments<\/strong><\/h4>\n<div class=\"bloc_composition_table\">\n<div class=\"bloc_composition_table_line\"><span class=\"bloc_composition_table_left\">Calcium<\/span>\u00a0<span class=\"bloc_composition_table_right\">1.2 %<\/span><\/div>\n<div class=\"bloc_composition_table_line\"><span class=\"bloc_composition_table_left\">Phosphore<\/span>\u00a0<span class=\"bloc_composition_table_right\">0.9 %<\/span><\/div>\n<div class=\"bloc_composition_table_line\"><span class=\"bloc_composition_table_left\">Sodium<\/span>\u00a0<span class=\"bloc_composition_table_right\">0.37 %<\/span><\/div>\n<div class=\"bloc_composition_table_line\"><span class=\"bloc_composition_table_left\">Potassium<\/span>\u00a0<span class=\"bloc_composition_table_right\">0.61 %<\/span><\/div>\n<div class=\"bloc_composition_table_line\"><span class=\"bloc_composition_table_left\">Magn\u00e9sium<\/span>\u00a0<span class=\"bloc_composition_table_right\">0.12 %<\/span><\/div>\n<div class=\"bloc_composition_table_line\"><span class=\"bloc_composition_table_left\">Om\u00e9ga 3<\/span>\u00a0<span class=\"bloc_composition_table_right\">1.1 %<\/span><\/div>\n<div class=\"bloc_composition_table_line\"><span class=\"bloc_composition_table_left\">Om\u00e9ga 6<\/span>\u00a0<span class=\"bloc_composition_table_right\">3.2 %<\/span><\/div>\n<div class=\"bloc_composition_table_line\"><span class=\"bloc_composition_table_left\">EPA + DHA \u2013 Om\u00e9ga 3<\/span>\u00a0<span class=\"bloc_composition_table_right\">0.1 g\/kg<\/span><\/div>\n<div class=\"bloc_composition_table_line\"><span class=\"bloc_composition_table_left\">Lysine<\/span>\u00a0<span class=\"bloc_composition_table_right\">14.5 g\/kg<\/span><\/div>\n<div class=\"bloc_composition_table_line\"><span class=\"bloc_composition_table_left\">M\u00e9thionine<\/span>\u00a0<span class=\"bloc_composition_table_right\">7.3 g\/kg<\/span><\/div>\n<div class=\"bloc_composition_table_line\"><span class=\"bloc_composition_table_left\">L-carnitine<\/span>\u00a0<span class=\"bloc_composition_table_right\">\u2013 mg\/kg<\/span><\/div>\n<div class=\"bloc_composition_table_line\"><span class=\"bloc_composition_table_left\">Taurine<\/span>\u00a0<span class=\"bloc_composition_table_right\">1400 mg\/kg<\/span><\/div>\n<div class=\"bloc_composition_table_line\"><span class=\"bloc_composition_table_left\">Cuivre<\/span>\u00a0<span class=\"bloc_composition_table_right\">16 mg\/kg<\/span><\/div>\n<div class=\"bloc_composition_table_line\"><span class=\"bloc_composition_table_left\">Zinc<\/span>\u00a0<span class=\"bloc_composition_table_right\">116 mg\/kg<\/span><\/div>\n<div class=\"bloc_composition_table_line\"><span class=\"bloc_composition_table_left\">dont Zinc ch\u00e9lat\u00e9<\/span>\u00a0<span class=\"bloc_composition_table_right\">24 mg\/kg<\/span><\/div>\n<div class=\"bloc_composition_table_line\"><span class=\"bloc_composition_table_left\">Mangan\u00e8se<\/span>\u00a0<span class=\"bloc_composition_table_right\">70 mg\/kg<\/span><\/div>\n<div class=\"bloc_composition_table_line\"><span class=\"bloc_composition_table_left\">Iode<\/span>\u00a0<span class=\"bloc_composition_table_right\">1.6 mg\/kg<\/span><\/div>\n<div class=\"bloc_composition_table_line\"><span class=\"bloc_composition_table_left\">S\u00e9l\u00e9nium<\/span>\u00a0<span class=\"bloc_composition_table_right\">0.44 mg\/kg<\/span><\/div>\n<div class=\"bloc_composition_table_line\"><span class=\"bloc_composition_table_left\">dont S\u00e9l\u00e9nium organique<\/span>\u00a0<span class=\"bloc_composition_table_right\">0.09 mg\/kg<\/span><\/div>\n<div class=\"bloc_composition_table_line\"><span class=\"bloc_composition_table_left\">Vitamine A<\/span>\u00a0<span class=\"bloc_composition_table_right\">13800 UI\/kg<\/span><\/div>\n<div class=\"bloc_composition_table_line\"><span class=\"bloc_composition_table_left\">Vitamine D3<\/span>\u00a0<span class=\"bloc_composition_table_right\">1200 UI\/kg<\/span><\/div>\n<div class=\"bloc_composition_table_line\"><span class=\"bloc_composition_table_left\">Vitamine E<\/span>\u00a0<span class=\"bloc_composition_table_right\">125 UI\/kg<\/span><\/div>\n<div class=\"bloc_composition_table_line\"><span class=\"bloc_composition_table_left\">Vitamine C<\/span>\u00a0<span class=\"bloc_composition_table_right\">\u2013 mg\/kg<\/span><\/div>\n<div class=\"bloc_composition_table_line\"><span class=\"bloc_composition_table_left\">Vitamine B1<\/span>\u00a0<span class=\"bloc_composition_table_right\">76 mg\/kg<\/span><\/div>\n<div class=\"bloc_composition_table_line\"><span class=\"bloc_composition_table_left\">Vitamine B2<\/span>\u00a0<span class=\"bloc_composition_table_right\">3.2 mg\/kg<\/span><\/div>\n<div class=\"bloc_composition_table_line\"><span class=\"bloc_composition_table_left\">Vitamine B5 \u2013 Acide pantoth\u00e9nique<\/span>\u00a0<span class=\"bloc_composition_table_right\">11 mg\/kg<\/span><\/div>\n<div class=\"bloc_composition_table_line\"><span class=\"bloc_composition_table_left\">Vitamine B6<\/span>\u00a0<span class=\"bloc_composition_table_right\">3.8 mg\/kg<\/span><\/div>\n<div class=\"bloc_composition_table_line\"><span class=\"bloc_composition_table_left\">Vitamine B12<\/span>\u00a0<span class=\"bloc_composition_table_right\">0.02 mg\/kg<\/span><\/div>\n<div class=\"bloc_composition_table_line\"><span class=\"bloc_composition_table_left\">Vitamine PP<\/span>\u00a0<span class=\"bloc_composition_table_right\">41 mg\/kg<\/span><\/div>\n<div class=\"bloc_composition_table_line\"><span class=\"bloc_composition_table_left\">Biotine<\/span>\u00a0<span class=\"bloc_composition_table_right\">1.2 mg\/kg<\/span><\/div>\n<div class=\"bloc_composition_table_line\"><span class=\"bloc_composition_table_left\">Vitamine B9 acide folique<\/span>\u00a0<span class=\"bloc_composition_table_right\">0.8 mg\/kg<\/span><\/div>\n<div class=\"bloc_composition_table_line\"><span class=\"bloc_composition_table_left\">Chlorure de choline<\/span>\u00a0<span class=\"bloc_composition_table_right\">3450 mg\/kg<\/span><\/div>\n<\/div>\n<\/div>\n<\/div>\n<\/div>\n<div><\/div>\n<div>\n<h4><strong>Transition alimentaire<\/strong><\/h4>\n<p>Pour que ce changement se passe dans de bonnes conditions, il est indispensable de r\u00e9aliser une transition alimentaire. Cette transition permet \u00e0 votre chien ou votre chat de s\u2019adapter progressivement \u00e0 sa nouvelle alimentation. La p\u00e9riode de transition alimentaire permet cette \u00e9volution sans qu\u2019elle n\u2019impacte le bien-\u00eatre de votre fid\u00e8le compagnon !<\/p>\n<ul>\n<li>Jours 1 et 2 : 75% de l\u2019ancien aliment + 25% du nouveau<\/li>\n<li>Jours 3 et 4 : 50% de l\u2019ancien aliment + 50% du nouveau<\/li>\n<li>Jours 5 et 6 : 25% de l\u2019ancien aliment+ 75% du nouveau<\/li>\n<li>Jour 7 : 100% du nouvel aliment<\/li>\n<\/ul>\n<p><strong>Ces \u00e9l\u00e9ments sont donn\u00e9s \u00e0 titre indicatif, la dur\u00e9e de la transition est \u00e0 adapter en fonction de la sensibilit\u00e9 de votre animal.<\/strong><\/p>\n<h4><strong>Rationnement<\/strong><\/h4>\n<table>\n<tbody>\n<tr>\n<td>Poids optimal du chat<\/td>\n<td><\/td>\n<td>2 kg<\/td>\n<td>3 kg<\/td>\n<td>4 kg<\/td>\n<td>5 kg<\/td>\n<td>6 kg<\/td>\n<td>7 kg<\/td>\n<td>8 kg<\/td>\n<td>9 kg<\/td>\n<td>10 kg<\/td>\n<\/tr>\n<tr>\n<td>Ext\u00e9rieur<\/td>\n<td>Quantit\u00e9 par jour<\/td>\n<td>45 g<\/td>\n<td>59 g<\/td>\n<td>71 g<\/td>\n<td>83 g<\/td>\n<td>93 g<\/td>\n<td>103 g<\/td>\n<td>113 g<\/td>\n<td>122 g<\/td>\n<td>131 g<\/td>\n<\/tr>\n<tr>\n<td><\/td>\n<td>Dur\u00e9e moyenne (en jours) \u2013 Sac de 2kg<\/td>\n<td>44<\/td>\n<td>34<\/td>\n<td>28<\/td>\n<td>24<\/td>\n<td>22<\/td>\n<td>19<\/td>\n<td>18<\/td>\n<td>16<\/td>\n<td>15<\/td>\n<\/tr>\n<tr>\n<td><\/td>\n<td>Dur\u00e9e moyenne (en jours) \u2013 Sac de 10kg<\/td>\n<td>222<\/td>\n<td>169<\/td>\n<td>141<\/td>\n<td>120<\/td>\n<td>108<\/td>\n<td>97<\/td>\n<td>88<\/td>\n<td>82<\/td>\n<td>76<\/td>\n<\/tr>\n<tr>\n<td><\/td>\n<td>Dur\u00e9e moyenne (en jours) \u2013 Sac de 12kg<\/td>\n<td>267<\/td>\n<td>203<\/td>\n<td>169<\/td>\n<td>145<\/td>\n<td>129<\/td>\n<td>117<\/td>\n<td>106<\/td>\n<td>98<\/td>\n<td>92<\/td>\n<\/tr>\n<tr>\n<td>Int\u00e9rieur<\/td>\n<td>Quantit\u00e9 par jour<\/td>\n<td>41 g<\/td>\n<td>53 g<\/td>\n<td>65 g<\/td>\n<td>75 g<\/td>\n<td>85 g<\/td>\n<td>94 g<\/td>\n<td>103 g<\/td>\n<td>111 g<\/td>\n<td>119 g<\/td>\n<\/tr>\n<tr>\n<td><\/td>\n<td>Dur\u00e9e moyenne (en jours) \u2013 Sac de 2kg<\/td>\n<td>49<\/td>\n<td>38<\/td>\n<td>31<\/td>\n<td>27<\/td>\n<td>24<\/td>\n<td>21<\/td>\n<td>19<\/td>\n<td>18<\/td>\n<td>17<\/td>\n<\/tr>\n<tr>\n<td><\/td>\n<td>Dur\u00e9e moyenne (en jours) \u2013 Sac de 10kg<\/td>\n<td>244<\/td>\n<td>189<\/td>\n<td>154<\/td>\n<td>133<\/td>\n<td>118<\/td>\n<td>106<\/td>\n<td>97<\/td>\n<td>90<\/td>\n<td>84<\/td>\n<\/tr>\n<tr>\n<td><\/td>\n<td>Dur\u00e9e moyenne (en jours) \u2013 Sac de 12kg<\/td>\n<td>293<\/td>\n<td>226<\/td>\n<td>185<\/td>\n<td>160<\/td>\n<td>141<\/td>\n<td>128<\/td>\n<td>117<\/td>\n<td>108<\/td>\n<td>101<\/td>\n<\/tr>\n<\/tbody>\n<\/table>\n<\/div>\n<div class=\"c-pdt-section__content c-pdt-section__desc\">\n<div class=\"u-d-flex u-gap-1\">\n<div id=\"rmjs-2\" class=\"c-readmore-container--table has-readmore\" data-readmore=\"\" aria-expanded=\"true\">\n<div class=\"c-pdt-section__content c-pdt-section__rationing\">\n<div id=\"rmjs-5\" class=\"has-readmore\" data-readmore=\"\" aria-expanded=\"true\">\n<div class=\"c-pdt-section__content c-pdt-section__rationing\">\n<div id=\"rationing\" class=\"c-pdt-section\">\n<div class=\"c-pdt-section__content c-pdt-section__rationing\"><\/div>\n<\/div>\n<\/div>\n<\/div>\n<\/div>\n<\/div>\n<\/div>\n<\/div>\n","protected":false},"excerpt":{"rendered":"<p>Une alimentation \u00e9quilibr\u00e9e et compl\u00e8te est vitale pour rester en bonne sant\u00e9 plus longtemps. Les croquettes\u00a0PRESTIGE Chat\u00a0\u00e0 la dinde repr\u00e9sentent le bon compromis entre go\u00fbt et qualit\u00e9 pour plus de vitalit\u00e9 des chats adultes. Votre chat aimera la saveur d\u00e9licieuse de nos croquettes PRESTIGE Chat \u00e0 la dinde. Une alimentation avec des prot\u00e9ines d\u2019origine animale, [&#8230;]\n","protected":false},"featured_media":34823,"template":"","meta":{"jetpack_publicize_message":"","jetpack_publicize_feature_enabled":true,"jetpack_social_post_already_shared":true,"jetpack_social_options":{"image_generator_settings":{"template":"highway","default_image_id":0,"font":"","enabled":false},"version":2}},"product_brand":[],"product_cat":[40],"product_tag":[],"class_list":{"0":"post-34757","1":"product","2":"type-product","3":"status-publish","4":"has-post-thumbnail","6":"product_cat-coquettes-pour-chat","8":"first","9":"outofstock","10":"taxable","11":"shipping-taxable","12":"purchasable","13":"product-type-simple"},"supplier_id":22725,"supplier_sku":"","barcode":null,"atum_controlled":true,"out_stock_date":"2026-05-07 00:36:07","out_stock_threshold":null,"inheritable":false,"inbound_stock":0,"stock_on_hold":1,"sold_today":1,"sales_last_days":2,"reserved_stock":0,"customer_returns":0,"warehouse_damage":0,"lost_in_post":0,"other_logs":0,"out_stock_days":0,"lost_sales":0,"has_location":false,"update_date":"2026-05-07T11:13:27","atum_locations":[],"atum_stock_status":"outofstock","restock_status":false,"low_stock_amount":2,"sales_update_date":"2026-05-07T11:13:26","calc_backorders":null,"jetpack_publicize_connections":[],"jetpack_sharing_enabled":true,"batches":[{"id":"7427","date_created":"2026-02-01 10:20:17","date_expiry":"2027-04-11 00:00:00","user_id":"50","batch_number":"Pro-Nutrition Prestige Chat Adulte Saveur Dinde 10Kg +2Kg Gratuit Promo110427","location":"","quantity":"5.0000","quantity_available":"0.0000","units":"1","status":"archived","order_ids":"[35250,37399,37849,37872]","supplier":"PETPLANET","po":{"id":"7362","date_created":"2026-02-01 10:20:18","batch_id":"7427","po_number":"","supplier":"PETPLANET","cost":null,"regular_price":null,"sale_price":null,"price_margin":null,"price_discount":null}},{"id":"9009","date_created":"2026-04-22 10:02:45","date_expiry":"2027-04-11 00:00:00","user_id":"50","batch_number":"Pro-Nutrition Prestige Chat Adulte Saveur Dinde 10Kg +2Kg Gratuit Promo110427","location":"","quantity":"2.0000","quantity_available":"0.0000","units":"1","status":"archived","order_ids":"[40761,41507]","supplier":"PETPLANET","po":{"id":"8933","date_created":"2026-04-22 10:02:45","batch_id":"9009","po_number":"","supplier":"PETPLANET","cost":null,"regular_price":null,"sale_price":null,"price_margin":null,"price_discount":null}}],"_links":{"self":[{"href":"https:\/\/petworld.ma\/index.php\/wp-json\/wp\/v2\/product\/34757","targetHints":{"allow":["GET"]}}],"collection":[{"href":"https:\/\/petworld.ma\/index.php\/wp-json\/wp\/v2\/product"}],"about":[{"href":"https:\/\/petworld.ma\/index.php\/wp-json\/wp\/v2\/types\/product"}],"wp:featuredmedia":[{"embeddable":true,"href":"https:\/\/petworld.ma\/index.php\/wp-json\/wp\/v2\/media\/34823"}],"wp:attachment":[{"href":"https:\/\/petworld.ma\/index.php\/wp-json\/wp\/v2\/media?parent=34757"}],"wp:term":[{"taxonomy":"product_brand","embeddable":true,"href":"https:\/\/petworld.ma\/index.php\/wp-json\/wp\/v2\/product_brand?post=34757"},{"taxonomy":"product_cat","embeddable":true,"href":"https:\/\/petworld.ma\/index.php\/wp-json\/wp\/v2\/product_cat?post=34757"},{"taxonomy":"product_tag","embeddable":true,"href":"https:\/\/petworld.ma\/index.php\/wp-json\/wp\/v2\/product_tag?post=34757"}],"curies":[{"name":"wp","href":"https:\/\/api.w.org\/{rel}","templated":true}]}}