{"id":34825,"date":"2026-02-01T10:27:37","date_gmt":"2026-02-01T10:27:37","guid":{"rendered":"https:\/\/petworld.ma\/?post_type=product&#038;p=34825"},"modified":"2026-04-11T14:37:13","modified_gmt":"2026-04-11T14:37:13","slug":"pro-nutrition-protect-hair-skin-pour-chat-2kg","status":"publish","type":"product","link":"https:\/\/petworld.ma\/index.php\/produit\/pro-nutrition-protect-hair-skin-pour-chat-2kg\/","title":{"rendered":"Pro-Nutrition Protect Hair &amp; Skin Pour Chat 2kg"},"content":{"rendered":"<div class=\"sv-g full-description-grid\">\n<div class=\"zm-title\">\n<h2>DESCRIPTION DE PRO-NUTRITION PROTECT Hair &amp; Skin pour Chat avec probl\u00e8mes de peaux<\/h2>\n<\/div>\n<div class=\"product-beautifer\">\n<div id=\"description-bloc-1\" class=\"stylusBloc stylusBloc--text stylusBloc--autogen\">\n<div class=\"stylusBloc__content\">\n<p><strong>Formul\u00e9e sous contr\u00f4le v\u00e9t\u00e9rinaire, Pro-Nutrition\u00ae PROTECT<\/strong>\u00a0est une gamme d\u2019<strong>aliments complets di\u00e9t\u00e9tiques<\/strong>\u00a0con\u00e7us pour apporter des\u00a0<strong>r\u00e9ponses nutritionnelles aux pathologies<\/strong>\u00a0les plus fr\u00e9quentes chez les chats et les chiens. Les recettes\u00a0<strong>PROTECT\u00a0<\/strong>ont des\u00a0<strong>r\u00e9sultats prouv\u00e9s, visibles et rapides\u00a0<\/strong>sur l\u2019\u00e9tat de sant\u00e9 et la qualit\u00e9 de vie de votre animal.<\/p>\n<p>Parce que vous tenez \u00e0 lui,\u00a0<strong>Pro-Nutrition\u00ae\u00a0<\/strong>met,\u00a0<strong>depuis 1965<\/strong>, toute son expertise au service de la sant\u00e9 et du bien-\u00eatre de votre compagnon \u00e0 quatre pattes.\u00a0<strong>Forte de plus de 60 ans d\u2019exp\u00e9rience, Pro-Nutrition\u00ae\u00a0<\/strong>s\u2019appuie sur un\u00a0<strong>savoir-faire \u00e9prouv\u00e9<\/strong>\u00a0et une\u00a0<strong>ma\u00eetrise de chaque \u00e9tape du process de fabrication<\/strong>, pour garantir des produits d\u2019une qualit\u00e9 irr\u00e9prochable.<\/p>\n<div id=\"description-bloc-3\" class=\"stylusBloc stylusBloc--text\">\n<div class=\"stylusBloc__content\">\n<div class=\"zms-title-div\">\n<div class=\"zms-title\" data-size=\"t1\">R\u00e9duction des d\u00e9mangeaisons et des inconforts cutan\u00e9s<\/div>\n<\/div>\n<p><strong>Protect HAIR &amp; SKIN<\/strong>\u00a0contribue au\u00a0<strong>soutien de la fonction dermique<\/strong>\u00a0et limite les sympt\u00f4mes associ\u00e9s aux probl\u00e8mes de peau comme les d\u00e9mangeaisons, gr\u00e2ce \u00e0 une recette enrichie en acides gras essentiels : de la graine de bourrache riche en om\u00e9ga 6, et de l\u2019huile d\u2019algues riche en om\u00e9ga 3.<\/p>\n<\/div>\n<\/div>\n<div id=\"description-bloc-4\" class=\"stylusBloc stylusBloc--text\">\n<div class=\"stylusBloc__content\">\n<div class=\"zms-title-div\">\n<div class=\"zms-title\" data-size=\"t1\">Pelage soyeux et peau saine<\/div>\n<\/div>\n<p><strong>Protect HAIR &amp; SKIN<\/strong>\u00a0favorise une\u00a0<strong>peau saine et un pelage soyeux<\/strong>\u00a0gr\u00e2ce \u00e0 des ingr\u00e9dients hyper-digestibles et \u00e0 des plantes, associ\u00e9s \u00e0 de la biotine et \u00e0 du zinc ch\u00e9lat\u00e9. Sa recette \u00e0 base de poisson\u00a0<strong>r\u00e9duit les risques d\u2019intol\u00e9rances alimentaires<\/strong>\u00a0qui peuvent affecter la qualit\u00e9 du pelage.<\/p>\n<div class=\"zms-title-div\">\n<div class=\"zms-title\" data-size=\"t1\">Efficacit\u00e9 scientifiquement prouv\u00e9e<\/div>\n<\/div>\n<p><strong>Soulagez les probl\u00e8mes dermatologiques de votre chat<\/strong>\u00a0: jusqu\u2019\u00e0\u00a0<strong>83%<\/strong>\u00a0des chats ayant des poils r\u00eaches et un pelage terne ont vu leur pelage s\u2019am\u00e9liorer\u00a0<strong>d\u00e8s 8 semaines<\/strong>\u00a0d\u2019utilisation.<\/p>\n<div class=\"zms-title-div\">\n<div class=\"zms-title\" data-size=\"t1\">Caract\u00e9ristiques<\/div>\n<\/div>\n<div class=\"zms-title-div\">\n<div class=\"zms-title\" data-size=\"t2\">PRO-NUTRITION PROTECT Hair &amp; Skin pour Chat avec probl\u00e8mes de peaux<\/div>\n<\/div>\n<p>&#8211; Aliment complet di\u00e9t\u00e9tique pour chiens \u00e0 \u00ab Objectifs nutritionnels particuliers \u00bb (\u00ab ONP \u00bb) ;<br \/>\n&#8211; Compensation de la maldigestion ;<br \/>\n&#8211; R\u00e9duction du risque de malabsorption intestinale ;<br \/>\n&#8211; Une haute digestibilit\u00e9 pour les chats souffrant de troubles digestifs, avec 88% de digestibilit\u00e9 prot\u00e9ique ;<br \/>\n&#8211; Am\u00e9lioration de la digestion, renfort de l\u2019immunit\u00e9, soutien de la sant\u00e9 h\u00e9patique ;<br \/>\n&#8211; R\u00e9sultats prouv\u00e9s : digestibilit\u00e9 prot\u00e9ique atteignant 88 %*, d\u00e9montr\u00e9e lors d\u2019\u00e9tudes cliniques ;<br \/>\n&#8211; Ingr\u00e9dients hyper-digestibles, plantes actives, probiotiques et pr\u00e9biotiques ;<\/p>\n<p><strong>Bienfaits des plantes actives<\/strong>\u00a0:<br \/>\n&#8211; Artichaut et chardon-marie : Prot\u00e8gent le foie et stimulent la s\u00e9cr\u00e9tion biliaire ;<br \/>\n&#8211; Psyllium : Favorise la sati\u00e9t\u00e9 et un transit intestinal sain ;<br \/>\n&#8211; Combretum et boldo : Am\u00e9liorent la production et la s\u00e9cr\u00e9tion biliaire ;<br \/>\n&#8211; Curcuma et romarin : Apportent des propri\u00e9t\u00e9s antioxydantes ;<\/p>\n<p>&#8211;\u00a0<strong>Indications<\/strong>\u00a0: Ent\u00e9ropathies chroniques (diarrh\u00e9e aigu\u00eb ou chronique, intol\u00e9rances alimentaires), Pancr\u00e9atite aigu\u00eb ou chronique, Contr\u00f4le des boules de poils (hairball), Constipation et m\u00e9gac\u00f4lon, Dermatite d&rsquo;origine alimentaire ;<br \/>\n&#8211;\u00a0<strong>Contre-indications<\/strong>\u00a0: Chats en croissance ou en reproduction, Chats souffrant de probl\u00e8mes h\u00e9patiques.<\/p>\n<div class=\"zms-title-div\">\n<div class=\"zms-title\" data-size=\"t1\">Formul\u00e9e sous contr\u00f4le v\u00e9t\u00e9rinaire<\/div>\n<\/div>\n<p>Les \u00e9quipes R&amp;D de Pro-Nutrition\u00ae travaillent en collaboration avec un\u00a0<strong>docteur v\u00e9t\u00e9rinaire sp\u00e9cialiste de la nutrition<\/strong>\u00a0des chiens et des chats, pour d\u00e9velopper des recettes ultra-performantes.<\/p>\n<div class=\"zms-title-div\">\n<div class=\"zms-title\" data-size=\"t1\">Efficacit\u00e9 scientifiquement prouv\u00e9e<\/div>\n<\/div>\n<p>Les recettes<strong>\u00a0PROTECT<\/strong>\u00a0ont des\u00a0<strong>r\u00e9sultats rapides et visibles\u00a0<\/strong>sur la sant\u00e9 des chiens et des chats. Leur efficacit\u00e9 optimale est\u00a0<strong>prouv\u00e9e par des \u00e9tudes<\/strong>\u00a0men\u00e9es en partenariat avec des\u00a0<strong>cliniques et des \u00e9coles v\u00e9t\u00e9rinaires<\/strong>.<\/p>\n<div class=\"zms-title-div\">\n<div class=\"zms-title\" data-size=\"t1\">P+ Microbiome<\/div>\n<\/div>\n<p>Ce complexe exclusif contribue \u00e0\u00a0<strong>maintenir le microbiome intestinal en bonne sant\u00e9\u00a0<\/strong>pour l\u2019\u00e9quilibre et le bien-\u00eatre des chiens et des chats \u00e0 l\u2019aide d\u2019extraits de levure, de pr\u00e9biotiques et de fibres de pomme.<\/p>\n<div class=\"zms-title-div\">\n<div class=\"zms-title\" data-size=\"t1\">Une gamme 100 % di\u00e9t\u00e9tique<\/div>\n<\/div>\n<p><strong>PROTECT\u00a0<\/strong>est une gamme 100 % di\u00e9t\u00e9tique (\u00ab ONP \u00bb : Objectifs Nutritionnels Particuliers) qui respecte un\u00a0<strong>cahier des charges extr\u00eamement rigoureux, \u00e9valu\u00e9 et valid\u00e9 par les autorit\u00e9s europ\u00e9ennes<\/strong>\u00a0<em>(R\u00e8glement (UE) 2020\/354)\u00a0<\/em>pour r\u00e9pondre aux besoins nutritionnels sp\u00e9cifiques li\u00e9s aux pathologies des chiens et des chats. C\u2019est un\u00a0<strong>gage suppl\u00e9mentaire de qualit\u00e9 et d\u2019efficacit\u00e9 pour la sant\u00e9<\/strong>\u00a0de l\u2019animal.<\/p>\n<div class=\"zms-title-div\">\n<div class=\"zms-title\" data-size=\"t1\">Plant active benefit<\/div>\n<\/div>\n<p>C\u2019est un\u00a0<strong>m\u00e9lange diversifi\u00e9 et sp\u00e9cifique de plantes<\/strong>\u00a0dont les vertus sont reconnues pour leurs effets positifs sur la sant\u00e9 des chiens et des chats et qui\u00a0<strong>renforce l\u2019efficacit\u00e9 des aliments PROTECT<\/strong>.<\/p>\n<div class=\"zm-title\"><strong>Tableau analytique<\/strong><\/div>\n<table class=\"table table-bordered table-striped mb-0\">\n<tbody>\n<tr>\n<td>Mati\u00e8re grasse (%) :<\/td>\n<td>19<\/td>\n<\/tr>\n<tr>\n<td>Fibre \/ cellulose (%) :<\/td>\n<td>3<\/td>\n<\/tr>\n<tr>\n<td>Phosphore (%) :<\/td>\n<td>0.9<\/td>\n<\/tr>\n<tr>\n<td>Omega 6 (%) :<\/td>\n<td>2.8<\/td>\n<\/tr>\n<tr>\n<td>Omega 3 (%) :<\/td>\n<td>2<\/td>\n<\/tr>\n<tr>\n<td>Energie m\u00e9tabolisable (nb calories\/kg) :<\/td>\n<td>4035<\/td>\n<\/tr>\n<tr>\n<td>Mati\u00e8re inorganique \/ cendre brute (%) :<\/td>\n<td>8<\/td>\n<\/tr>\n<tr>\n<td>Prot\u00e9ines (%) :<\/td>\n<td>30<\/td>\n<\/tr>\n<tr>\n<td>Calcium (%) :<\/td>\n<td>1.3<\/td>\n<\/tr>\n<\/tbody>\n<\/table>\n<\/div>\n<div class=\"zm-title\">\n<h3>Ingr\u00e9dients pour PRO-NUTRITION PROTECT Hair &amp; Skin pour Chat avec probl\u00e8mes de peaux<\/h3>\n<\/div>\n<h4 class=\"text-primary fw-bolder\">Ingr\u00e9dients<\/h4>\n<p>Poissons d\u00e9shydrat\u00e9s (23%). Riz. Avoine d\u00e9cortiqu\u00e9e. Graisse de canard. Pois. Prot\u00e9ines d\u00e9shydrat\u00e9es de saumon (5%). Fibres de pomme. Graines de lin. Hydrolysats de prot\u00e9ines animales. Psyllium. Graines de bourrache. Autolysats de poissons (0,6%). Levure de bi\u00e8re. Chlorure de potassium. Huile d&rsquo;algues. Sulfate de calcium. Fructo-oligosaccharides. Artichaut. Boldo. Combretum. Curcuma. Romarin. Extraits de levure (Saccharomyces cerevisiae, Cyberlindnera Jadinii). Yucca.<\/p>\n<h4 class=\"text-primary fw-bolder\">Min\u00e9raux et Vitamines<\/h4>\n<p>Sodium (%) 0.67, Magnesium (%) 0.4, Iode (mg\/kg) 2.3, Taurine (mg\/kg) 1800, Potassium (%) 1.14, Amidon (%) 25, Selenium (mg\/kg) 0.66, Cuivre (mg\/kg) 17, Mangan\u00e8se (mg\/kg) 83, Zinc (mg\/kg) 129, Vitamine B1 (Thiamine) (mg\/kg) 310, Vitamine A (UI\/kg) 17600, Biotine (UI\/kg) 1.6, Chlorure de choline (mg\/kg) 3525, Vitamine B2 (Riboflavine) (mg\/kg) 96, Vitamine B12 (Cyanocobalamine) (mg\/kg) 4.8, Acide folique (mg\/kg) 1, Vitamine B5 (Acide pantoth\u00e9nique) (mg\/kg) 14, Vitamine B6 (Pyridoxine) (mg\/kg) 4, Vitamine D3 (UI\/kg) 1600, Vitamine E (mg\/kg) 310,<\/p>\n<\/div>\n<\/div>\n<\/div>\n<\/div>\n<\/div>\n","protected":false},"excerpt":{"rendered":"<p>Ce produit traite ou pr\u00e9vient une pathologie pour votre animal, et peut-\u00eatre soumis \u00e0 prescription en cas d&rsquo;utilisation sur une p\u00e9riode prolong\u00e9e. Si vous avez un doute consultez votre v\u00e9t\u00e9rinaire.<\/p>\n","protected":false},"featured_media":34828,"template":"","meta":{"jetpack_publicize_message":"","jetpack_publicize_feature_enabled":true,"jetpack_social_post_already_shared":true,"jetpack_social_options":{"image_generator_settings":{"template":"highway","default_image_id":0,"font":"","enabled":false},"version":2}},"product_brand":[],"product_cat":[40],"product_tag":[],"class_list":{"0":"post-34825","1":"product","2":"type-product","3":"status-publish","4":"has-post-thumbnail","6":"product_cat-coquettes-pour-chat","8":"first","9":"instock","10":"taxable","11":"shipping-taxable","12":"purchasable","13":"product-type-simple"},"supplier_id":22725,"supplier_sku":"","barcode":null,"atum_controlled":true,"out_stock_date":null,"out_stock_threshold":null,"inheritable":false,"inbound_stock":0,"stock_on_hold":0,"sold_today":0,"sales_last_days":0,"reserved_stock":0,"customer_returns":0,"warehouse_damage":0,"lost_in_post":0,"other_logs":0,"out_stock_days":0,"lost_sales":0,"has_location":false,"update_date":"2026-05-06T00:17:52","atum_locations":[],"atum_stock_status":"instock","restock_status":false,"low_stock_amount":2,"sales_update_date":"2026-05-06T00:17:52","calc_backorders":null,"jetpack_publicize_connections":[],"jetpack_sharing_enabled":true,"batches":[],"_links":{"self":[{"href":"https:\/\/petworld.ma\/index.php\/wp-json\/wp\/v2\/product\/34825","targetHints":{"allow":["GET"]}}],"collection":[{"href":"https:\/\/petworld.ma\/index.php\/wp-json\/wp\/v2\/product"}],"about":[{"href":"https:\/\/petworld.ma\/index.php\/wp-json\/wp\/v2\/types\/product"}],"wp:featuredmedia":[{"embeddable":true,"href":"https:\/\/petworld.ma\/index.php\/wp-json\/wp\/v2\/media\/34828"}],"wp:attachment":[{"href":"https:\/\/petworld.ma\/index.php\/wp-json\/wp\/v2\/media?parent=34825"}],"wp:term":[{"taxonomy":"product_brand","embeddable":true,"href":"https:\/\/petworld.ma\/index.php\/wp-json\/wp\/v2\/product_brand?post=34825"},{"taxonomy":"product_cat","embeddable":true,"href":"https:\/\/petworld.ma\/index.php\/wp-json\/wp\/v2\/product_cat?post=34825"},{"taxonomy":"product_tag","embeddable":true,"href":"https:\/\/petworld.ma\/index.php\/wp-json\/wp\/v2\/product_tag?post=34825"}],"curies":[{"name":"wp","href":"https:\/\/api.w.org\/{rel}","templated":true}]}}