{"id":34829,"date":"2026-02-01T11:13:55","date_gmt":"2026-02-01T11:13:55","guid":{"rendered":"https:\/\/petworld.ma\/?post_type=product&#038;p=34829"},"modified":"2026-02-17T23:04:01","modified_gmt":"2026-02-17T23:04:01","slug":"pot-a-manger-lent-au-miel-antiderapant-32x32x6cm-differentes-couleurs","status":"publish","type":"product","link":"https:\/\/petworld.ma\/index.php\/produit\/pot-a-manger-lent-au-miel-antiderapant-32x32x6cm-differentes-couleurs\/","title":{"rendered":"Pot \u00e0 Manger Lent Au Miel + Antid\u00e9rapant 32x32x6cm (Diff\u00e9rentes Couleurs)"},"content":{"rendered":"<p>Pot \u00e0 Manger Lent Au Miel + Antid\u00e9rapant 32x32x6cm (Diff\u00e9rentes Couleurs)<\/p>\n","protected":false},"excerpt":{"rendered":"<p>Pot \u00e0 Manger Lent Au Miel + Antid\u00e9rapant 32x32x6cm (Diff\u00e9rentes Couleurs)<\/p>\n","protected":false},"featured_media":34830,"template":"","meta":{"jetpack_publicize_message":"","jetpack_publicize_feature_enabled":true,"jetpack_social_post_already_shared":true,"jetpack_social_options":{"image_generator_settings":{"template":"highway","default_image_id":0,"font":"","enabled":false},"version":2}},"product_brand":[],"product_cat":[133,134],"product_tag":[],"class_list":{"0":"post-34829","1":"product","2":"type-product","3":"status-publish","4":"has-post-thumbnail","6":"product_cat-gamelle","7":"product_cat-gamelles","9":"first","10":"instock","11":"sale","12":"taxable","13":"shipping-taxable","14":"purchasable","15":"product-type-simple"},"supplier_id":22725,"supplier_sku":"101210","barcode":null,"atum_controlled":true,"out_stock_date":null,"out_stock_threshold":null,"inheritable":false,"inbound_stock":0,"stock_on_hold":0,"sold_today":0,"sales_last_days":0,"reserved_stock":0,"customer_returns":0,"warehouse_damage":0,"lost_in_post":0,"other_logs":0,"out_stock_days":0,"lost_sales":0,"has_location":false,"update_date":"2026-05-07T00:17:37","atum_locations":[],"atum_stock_status":"instock","restock_status":false,"low_stock_amount":2,"sales_update_date":"2026-05-07T00:17:37","calc_backorders":null,"jetpack_publicize_connections":[],"jetpack_sharing_enabled":true,"batches":[],"_links":{"self":[{"href":"https:\/\/petworld.ma\/index.php\/wp-json\/wp\/v2\/product\/34829","targetHints":{"allow":["GET"]}}],"collection":[{"href":"https:\/\/petworld.ma\/index.php\/wp-json\/wp\/v2\/product"}],"about":[{"href":"https:\/\/petworld.ma\/index.php\/wp-json\/wp\/v2\/types\/product"}],"wp:featuredmedia":[{"embeddable":true,"href":"https:\/\/petworld.ma\/index.php\/wp-json\/wp\/v2\/media\/34830"}],"wp:attachment":[{"href":"https:\/\/petworld.ma\/index.php\/wp-json\/wp\/v2\/media?parent=34829"}],"wp:term":[{"taxonomy":"product_brand","embeddable":true,"href":"https:\/\/petworld.ma\/index.php\/wp-json\/wp\/v2\/product_brand?post=34829"},{"taxonomy":"product_cat","embeddable":true,"href":"https:\/\/petworld.ma\/index.php\/wp-json\/wp\/v2\/product_cat?post=34829"},{"taxonomy":"product_tag","embeddable":true,"href":"https:\/\/petworld.ma\/index.php\/wp-json\/wp\/v2\/product_tag?post=34829"}],"curies":[{"name":"wp","href":"https:\/\/api.w.org\/{rel}","templated":true}]}}