{"id":35050,"date":"2026-02-05T07:47:02","date_gmt":"2026-02-05T07:47:02","guid":{"rendered":"https:\/\/petworld.ma\/?post_type=product&#038;p=35050"},"modified":"2026-04-18T10:50:34","modified_gmt":"2026-04-18T10:50:34","slug":"reflex-plus-premium-series-kitten-persian-poulet-15-kg","status":"publish","type":"product","link":"https:\/\/petworld.ma\/index.php\/produit\/reflex-plus-premium-series-kitten-persian-poulet-15-kg\/","title":{"rendered":"Reflex Plus Premium Series Kitten Persian Poulet 1,5 Kg"},"content":{"rendered":"<div class=\"container pt-30\">\n<div class=\"row\">\n<table class=\"table table-striped\">\n<tbody>\n<tr>\n<td><strong><img decoding=\"async\" src=\"https:\/\/www.reflexmama.com\/upload\/article\/icon-051.png\" \/><\/strong><\/td>\n<td><strong><span dir=\"auto\">Pr\u00e9biotiques Fos &amp; Mos :<\/span><\/strong><\/td>\n<td><span dir=\"auto\">Il s&rsquo;agit d&rsquo;un additif naturel qui a un effet positif sur le maintien de la sant\u00e9 du syst\u00e8me immunitaire et digestif.<\/span><\/td>\n<\/tr>\n<tr>\n<td><img decoding=\"async\" src=\"https:\/\/www.reflexmama.com\/upload\/article\/Reflexplus_%C4%B1rklarao%CC%88zel_1,5kg-091.png\" \/><\/td>\n<td><strong><span dir=\"auto\">L-Carnitine :<\/span><\/strong><\/td>\n<td><span dir=\"auto\">C&rsquo;est un acide amin\u00e9 impliqu\u00e9 dans le m\u00e9tabolisme \u00e9nerg\u00e9tique.<\/span><\/td>\n<\/tr>\n<tr>\n<td><img decoding=\"async\" src=\"https:\/\/www.reflexmama.com\/upload\/article\/Reflexplus_%C4%B1rklarao%CC%88zel_1,5kg-10.png\" \/><\/td>\n<td><strong><span dir=\"auto\">Myrtilles :<\/span><\/strong><\/td>\n<td><span dir=\"auto\">Gr\u00e2ce \u00e0 ses propri\u00e9t\u00e9s antioxydantes, elle favorise le renouvellement cellulaire et le syst\u00e8me immunitaire.<\/span><\/td>\n<\/tr>\n<tr>\n<td><img decoding=\"async\" src=\"https:\/\/www.reflexmama.com\/upload\/article\/icon-071.png\" \/><\/td>\n<td><strong><span dir=\"auto\">DL-Metiyonin :<\/span><\/strong><\/td>\n<td><span dir=\"auto\">Il contribue \u00e0 la sant\u00e9 des voies urinaires, r\u00e9gule le pH urinaire et r\u00e9duit la formation de cristaux dans l&rsquo;urine.<\/span><\/td>\n<\/tr>\n<tr>\n<td><img decoding=\"async\" src=\"https:\/\/www.reflexmama.com\/upload\/article\/Reflexplus_%C4%B1rklarao%CC%88zel_1,5kg-081.png\" \/><\/td>\n<td><strong><span dir=\"auto\">Psyllium :<\/span><\/strong><\/td>\n<td><span dir=\"auto\">Il contribue \u00e0 r\u00e9guler le transit intestinal et pr\u00e9vient la formation de boules de poils.<\/span><\/td>\n<\/tr>\n<tr>\n<td><img decoding=\"async\" src=\"https:\/\/www.reflexmama.com\/upload\/article\/Reflexplus_%C4%B1rklarao%CC%88zel_1,5kg-092.png\" \/><\/td>\n<td><strong><span dir=\"auto\">Yucca Schidigera :<\/span><\/strong><\/td>\n<td><span dir=\"auto\">C&rsquo;est une plante qui contient de la saponine, une substance capable de fixer l&rsquo;ammoniaque. Cela contribue \u00e0 r\u00e9duire les odeurs f\u00e9cales.<\/span><\/td>\n<\/tr>\n<\/tbody>\n<\/table>\n<h4><span style=\"text-decoration: underline;\"><strong><span dir=\"auto\">Valeurs d&rsquo;information et d&rsquo;analyse du contenu<\/span><\/strong><\/span><\/h4>\n<div id=\"myTabContent\" class=\"tab-content\">\n<div id=\"home\" class=\"tab-pane fade active show\" role=\"tabpanel\" aria-labelledby=\"home-tab\">\n<div class=\"row py-20\">\n<div class=\"col-12 col-lg-12\">\n<div class=\"food-content-sec\">\n<table class=\"table table-striped\">\n<tbody>\n<tr>\n<td><strong><span dir=\"auto\">Ingr\u00e9dients:<\/span><\/strong><\/td>\n<td><span dir=\"auto\">Prot\u00e9ines de poulet d\u00e9shydrat\u00e9es, ma\u00efs, graisse de poulet, riz, prot\u00e9ines de poisson, huile de poisson, ar\u00f4me de foie, concentr\u00e9 de fibres, prot\u00e9ines de poulet hydrolys\u00e9es, probiotiques, DL-m\u00e9thionine, fibres de psyllium, vitamines et min\u00e9raux, levure de bi\u00e8re, algues brunes, sel, MOS (mannane oligosaccharides), graines de lin, myrtilles, yucca schidigera, fructo-oligosaccharides (FOS), L-carnitine, conservateurs &#8211; antioxydants (E320 et E321).<\/span><\/td>\n<\/tr>\n<tr>\n<td><strong><span dir=\"auto\">Min\u00e9raux :<\/span><\/strong><\/td>\n<td><span dir=\"auto\">Fer (3B103), Iode (3B202), Cuivre (3B405), Mangan\u00e8se (3B502), Zinc (3B603), S\u00e9l\u00e9nium (3B802).<\/span><\/td>\n<\/tr>\n<tr>\n<td><strong><span dir=\"auto\">Vitamines :<\/span><\/strong><\/td>\n<td><span dir=\"auto\">Vitamine A (3A672A), Vitamine D3 (3A671), Vitamine E (3A700), Vitamine C (3A300), Vitamine B1 &#8211; B2 &#8211; B3 (3A821 &#8211; 3A825i &#8211; 3A315 Niacine) &#8211; B6 &#8211; B12 &#8211; B7 (3A831 &#8211; 3A &#8211; 3A880 Biotine) &#8211; Vit. B9 (acide folique 3A316), vitamine K3 (3A710), choline (3A890), pantoth\u00e9nate de calcium (3A841).<\/span><\/td>\n<\/tr>\n<\/tbody>\n<\/table>\n<h4><span style=\"text-decoration: underline;\"><strong><span dir=\"auto\">Recommandations nutritionnelles<\/span><\/strong><\/span><\/h4>\n<p><span dir=\"auto\">\u2022 Quantit\u00e9 journali\u00e8re recommand\u00e9e (en grammes) selon le poids du chat (en kg) et son niveau d&rsquo;activit\u00e9 (A &#8211; Normal, B &#8211; Actif), voir tableau.<\/span><br \/>\n<span dir=\"auto\">\u2022 La ration journali\u00e8re peut varier en fonction de la temp\u00e9rature ambiante, du mode de vie du chat (int\u00e9rieur\/ext\u00e9rieur), de son temp\u00e9rament et de son niveau d&rsquo;activit\u00e9.<\/span><br \/>\n<span dir=\"auto\">\u2022 Pour garantir le poids id\u00e9al de votre chat, pesez la quantit\u00e9 de nourriture n\u00e9cessaire.<\/span><br \/>\n<span dir=\"auto\">\u2022 Pour adapter les portions, \u00e9valuez l&rsquo;app\u00e9tit, l&rsquo;apparence et les selles de votre chat.<\/span><br \/>\n<span dir=\"auto\">\u2022 Lors du passage d&rsquo;un aliment \u00e0 un autre, effectuez une transition progressive en m\u00e9langeant de petites quantit\u00e9s des deux aliments sur une p\u00e9riode d&rsquo;une semaine.<\/span><br \/>\n<span dir=\"auto\">\u2022 Assurez-vous que votre chat ait toujours acc\u00e8s \u00e0 de l&rsquo;eau fra\u00eeche. M\u00eame si l&rsquo;eau semble claire, changez-la au moins une fois par jour.<\/span><br \/>\n<span dir=\"auto\">\u2022 Conservez le produit dans un endroit frais et sec et veillez \u00e0 bien refermer le sachet apr\u00e8s chaque utilisation.<\/span><br \/>\n<span dir=\"auto\">\u2022 Ne convient pas \u00e0 la consommation humaine. \u2022 La date de p\u00e9remption et le num\u00e9ro de lot figurent sur l&#8217;emballage.<\/span><\/p>\n<p><img decoding=\"async\" src=\"https:\/\/www.reflexmama.com\/upload\/product_gallery\/product_gallery_2024-09-30_17-14-421.jpg\" \/><\/p>\n<h4 class=\"food-content-title font-bold\"><span style=\"text-decoration: underline;\"><strong><span dir=\"auto\">Composants nutritifs<\/span><\/strong><\/span><\/h4>\n<table class=\"table table-striped\">\n<tbody>\n<tr>\n<td><strong><span dir=\"auto\">Prot\u00e9ines brutes<\/span><\/strong><\/td>\n<td><span dir=\"auto\">36%<\/span><\/td>\n<\/tr>\n<tr>\n<td><strong><span dir=\"auto\">Mati\u00e8res grasses brutes\u00a0<\/span><\/strong><\/td>\n<td><span dir=\"auto\">18%<\/span><\/td>\n<\/tr>\n<tr>\n<td><strong><span dir=\"auto\">Cendres brutes\u00a0<\/span><\/strong><\/td>\n<td><span dir=\"auto\">7,5%<\/span><\/td>\n<\/tr>\n<tr>\n<td><strong><span dir=\"auto\">Cellulose brute<\/span><\/strong><\/td>\n<td><span dir=\"auto\">2%<\/span><\/td>\n<\/tr>\n<\/tbody>\n<\/table>\n<\/div>\n<\/div>\n<\/div>\n<\/div>\n<\/div>\n<\/div>\n<\/div>\n","protected":false},"excerpt":{"rendered":"<p>Aliment sec super premium complet et \u00e9quilibr\u00e9 pour chats, formul\u00e9 pour les chatons persans \u00e2g\u00e9s de 2 \u00e0 12 mois.<\/p>\n","protected":false},"featured_media":35051,"template":"","meta":{"jetpack_publicize_message":"","jetpack_publicize_feature_enabled":true,"jetpack_social_post_already_shared":true,"jetpack_social_options":{"image_generator_settings":{"template":"highway","default_image_id":0,"font":"","enabled":false},"version":2}},"product_brand":[],"product_cat":[40],"product_tag":[],"class_list":{"0":"post-35050","1":"product","2":"type-product","3":"status-publish","4":"has-post-thumbnail","6":"product_cat-coquettes-pour-chat","8":"first","9":"outofstock","10":"taxable","11":"shipping-taxable","12":"purchasable","13":"product-type-simple"},"supplier_id":5589,"supplier_sku":"RFX-503","barcode":null,"atum_controlled":true,"out_stock_date":"2026-04-18 10:50:34","out_stock_threshold":null,"inheritable":false,"inbound_stock":0,"stock_on_hold":0,"sold_today":0,"sales_last_days":0,"reserved_stock":0,"customer_returns":0,"warehouse_damage":0,"lost_in_post":0,"other_logs":0,"out_stock_days":17,"lost_sales":0,"has_location":false,"update_date":"2026-05-06T00:16:31","atum_locations":[],"atum_stock_status":"outofstock","restock_status":false,"low_stock_amount":1,"sales_update_date":"2026-05-06T00:16:31","calc_backorders":null,"jetpack_publicize_connections":[],"jetpack_sharing_enabled":true,"batches":[{"id":"7961","date_created":"2026-02-26 13:36:12","date_expiry":"2027-05-19 00:00:00","user_id":"50","batch_number":"Reflex Plus Premium Series Kitten Persian Poulet 1,5 Kg190527","location":"","quantity":"2.0000","quantity_available":"0.0000","units":"1","status":"archived","order_ids":"[38588]","supplier":"Zoolux","po":{"id":"7899","date_created":"2026-02-26 13:36:13","batch_id":"7961","po_number":"","supplier":"Zoolux","cost":null,"regular_price":null,"sale_price":null,"price_margin":null,"price_discount":null}},{"id":"8340","date_created":"2026-03-18 15:18:02","date_expiry":"2027-06-22 00:00:00","user_id":"50","batch_number":"Reflex Plus Premium Series Kitten Persian Poulet 1,5 Kg220627","location":"","quantity":"2.0000","quantity_available":"0.0000","units":"1","status":"archived","order_ids":"[38588]","supplier":"Zoolux","po":{"id":"8268","date_created":"2026-03-18 15:18:02","batch_id":"8340","po_number":"","supplier":"Zoolux","cost":null,"regular_price":null,"sale_price":null,"price_margin":null,"price_discount":null}}],"_links":{"self":[{"href":"https:\/\/petworld.ma\/index.php\/wp-json\/wp\/v2\/product\/35050","targetHints":{"allow":["GET"]}}],"collection":[{"href":"https:\/\/petworld.ma\/index.php\/wp-json\/wp\/v2\/product"}],"about":[{"href":"https:\/\/petworld.ma\/index.php\/wp-json\/wp\/v2\/types\/product"}],"wp:featuredmedia":[{"embeddable":true,"href":"https:\/\/petworld.ma\/index.php\/wp-json\/wp\/v2\/media\/35051"}],"wp:attachment":[{"href":"https:\/\/petworld.ma\/index.php\/wp-json\/wp\/v2\/media?parent=35050"}],"wp:term":[{"taxonomy":"product_brand","embeddable":true,"href":"https:\/\/petworld.ma\/index.php\/wp-json\/wp\/v2\/product_brand?post=35050"},{"taxonomy":"product_cat","embeddable":true,"href":"https:\/\/petworld.ma\/index.php\/wp-json\/wp\/v2\/product_cat?post=35050"},{"taxonomy":"product_tag","embeddable":true,"href":"https:\/\/petworld.ma\/index.php\/wp-json\/wp\/v2\/product_tag?post=35050"}],"curies":[{"name":"wp","href":"https:\/\/api.w.org\/{rel}","templated":true}]}}