{"id":35062,"date":"2026-02-05T08:49:26","date_gmt":"2026-02-05T08:49:26","guid":{"rendered":"https:\/\/petworld.ma\/?post_type=product&#038;p=35062"},"modified":"2026-04-18T11:38:03","modified_gmt":"2026-04-18T11:38:03","slug":"king-croquettes-chat-adulte-agneau-et-riz-15kg","status":"publish","type":"product","link":"https:\/\/petworld.ma\/index.php\/produit\/king-croquettes-chat-adulte-agneau-et-riz-15kg\/","title":{"rendered":"King Croquettes Chat Adulte Agneau et Riz 15kg"},"content":{"rendered":"<p><strong><span dir=\"auto\">L&rsquo;aliment King Agneau et Riz pour chats adultes (15 kg)<\/span><\/strong><span dir=\"auto\">\u00a0est formul\u00e9 pour r\u00e9pondre de mani\u00e8re compl\u00e8te et \u00e9quilibr\u00e9e aux besoins nutritionnels quotidiens de votre chat,\u00a0contribuant \u00e0 sa sant\u00e9 tout en ravissant ses papilles. Sp\u00e9cialement con\u00e7ue pour les chats difficiles, cette formule unique associe la saveur irr\u00e9sistible de l&rsquo;agneau aux propri\u00e9t\u00e9s digestives du riz.<\/span><\/p>\n<p><span dir=\"auto\">Formul\u00e9 pour r\u00e9pondre aux besoins \u00e9nerg\u00e9tiques des chats adultes, cet\u00a0<\/span><strong><span dir=\"auto\">aliment sec<\/span><\/strong><span dir=\"auto\">\u00a0contient des prot\u00e9ines de haute qualit\u00e9. La viande d&rsquo;agneau favorise le d\u00e9veloppement musculaire, tandis que le riz, source de glucides facilement digestibles, est id\u00e9al pour les estomacs sensibles. De plus, son format \u00e9conomique de 15 kg permet une utilisation prolong\u00e9e et repr\u00e9sente une solution \u00e9conomique. Enrichi en vitamines et min\u00e9raux, il contribue \u00e0 la brillance du pelage, \u00e0 la sant\u00e9 de la peau et \u00e0 la force du syst\u00e8me immunitaire de votre chat.<\/span><\/p>\n<p><strong><span dir=\"auto\">Principales caract\u00e9ristiques et avantages du produit\u00a0:<\/span><\/strong><\/p>\n<ul>\n<li><strong><span dir=\"auto\">Go\u00fbt excellent garanti :<\/span><\/strong><span dir=\"auto\">\u00a0L&rsquo;ar\u00f4me naturel de l&rsquo;agneau fera m\u00eame l&rsquo;unanimit\u00e9 aupr\u00e8s des palais les plus difficiles.<\/span><\/li>\n<li><strong><span dir=\"auto\">Digestion facile :<\/span><\/strong><span dir=\"auto\">\u00a0gr\u00e2ce \u00e0 sa teneur en riz, il ne surcharge pas le syst\u00e8me digestif et augmente l&rsquo;absorption des nutriments.<\/span><\/li>\n<li><strong><span dir=\"auto\">Format \u00e9conomique :\u00a0<\/span><\/strong><strong><span dir=\"auto\">Le paquet de 15 kg de nourriture pour chats<\/span><\/strong><span dir=\"auto\">\u00a0est id\u00e9al pour les foyers avec plusieurs chats et pour une utilisation \u00e0 long terme.<\/span><\/li>\n<li><strong><span dir=\"auto\">Alimentation compl\u00e8te et \u00e9quilibr\u00e9e :<\/span><\/strong><span dir=\"auto\">\u00a0Contient toutes les vitamines, min\u00e9raux et nutriments dont les chats adultes ont besoin.<\/span><\/li>\n<li><strong><span dir=\"auto\">Peau et pelage sains\u00a0:<\/span><\/strong><span dir=\"auto\">\u00a0les acides gras qu\u2019il contient contribuent \u00e0 r\u00e9duire la perte de poils et \u00e0 apporter de la brillance.<\/span><\/li>\n<\/ul>\n<p><span dir=\"auto\">Vous pouvez choisir en toute confiance\u00a0<\/span><strong><span dir=\"auto\">l&rsquo;aliment pour chats adultes King Lamb<\/span><\/strong><span dir=\"auto\">\u00a0pour am\u00e9liorer la qualit\u00e9 de vie de votre chat et lui offrir un d\u00e9licieux repas .<\/span><\/p>\n","protected":false},"excerpt":{"rendered":"<p>Aliment complet pour chats adultes st\u00e9rilis\u00e9s de toutes races avec poulet 15 kg<\/p>\n","protected":false},"featured_media":35063,"template":"","meta":{"jetpack_publicize_message":"","jetpack_publicize_feature_enabled":true,"jetpack_social_post_already_shared":true,"jetpack_social_options":{"image_generator_settings":{"template":"highway","default_image_id":0,"font":"","enabled":false},"version":2}},"product_brand":[],"product_cat":[40],"product_tag":[],"class_list":{"0":"post-35062","1":"product","2":"type-product","3":"status-publish","4":"has-post-thumbnail","6":"product_cat-coquettes-pour-chat","8":"first","9":"instock","10":"taxable","11":"shipping-taxable","12":"purchasable","13":"product-type-simple"},"supplier_id":5589,"supplier_sku":"KNG-07","barcode":null,"atum_controlled":true,"out_stock_date":null,"out_stock_threshold":null,"inheritable":false,"inbound_stock":0,"stock_on_hold":0,"sold_today":0,"sales_last_days":0,"reserved_stock":0,"customer_returns":0,"warehouse_damage":0,"lost_in_post":0,"other_logs":0,"out_stock_days":0,"lost_sales":0,"has_location":false,"update_date":"2026-05-13T00:22:57","atum_locations":[],"atum_stock_status":"instock","restock_status":false,"low_stock_amount":2,"sales_update_date":"2026-05-13T00:22:57","calc_backorders":null,"jetpack_publicize_connections":[],"jetpack_sharing_enabled":true,"batches":[{"id":"7522","date_created":"2026-02-05 08:53:39","date_expiry":"2027-01-27 00:00:00","user_id":"2461","batch_number":"KingChatAgneau270127","location":"","quantity":"10.0000","quantity_available":"8.0000","units":"1","status":"active","order_ids":"[37973,40087]","supplier":"Zooluxe","po":{"id":"7458","date_created":"2026-02-05 08:53:40","batch_id":"7522","po_number":"","supplier":"Zooluxe","cost":null,"regular_price":null,"sale_price":null,"price_margin":null,"price_discount":null}}],"_links":{"self":[{"href":"https:\/\/petworld.ma\/index.php\/wp-json\/wp\/v2\/product\/35062","targetHints":{"allow":["GET"]}}],"collection":[{"href":"https:\/\/petworld.ma\/index.php\/wp-json\/wp\/v2\/product"}],"about":[{"href":"https:\/\/petworld.ma\/index.php\/wp-json\/wp\/v2\/types\/product"}],"wp:featuredmedia":[{"embeddable":true,"href":"https:\/\/petworld.ma\/index.php\/wp-json\/wp\/v2\/media\/35063"}],"wp:attachment":[{"href":"https:\/\/petworld.ma\/index.php\/wp-json\/wp\/v2\/media?parent=35062"}],"wp:term":[{"taxonomy":"product_brand","embeddable":true,"href":"https:\/\/petworld.ma\/index.php\/wp-json\/wp\/v2\/product_brand?post=35062"},{"taxonomy":"product_cat","embeddable":true,"href":"https:\/\/petworld.ma\/index.php\/wp-json\/wp\/v2\/product_cat?post=35062"},{"taxonomy":"product_tag","embeddable":true,"href":"https:\/\/petworld.ma\/index.php\/wp-json\/wp\/v2\/product_tag?post=35062"}],"curies":[{"name":"wp","href":"https:\/\/api.w.org\/{rel}","templated":true}]}}