{"id":35066,"date":"2026-02-05T09:00:29","date_gmt":"2026-02-05T09:00:29","guid":{"rendered":"https:\/\/petworld.ma\/?post_type=product&#038;p=35066"},"modified":"2026-03-12T17:19:44","modified_gmt":"2026-03-12T17:19:44","slug":"king-croquettes-chat-adulte-poisson-15kg","status":"publish","type":"product","link":"https:\/\/petworld.ma\/index.php\/produit\/king-croquettes-chat-adulte-poisson-15kg\/","title":{"rendered":"King Croquettes Chat Adulte Poisson 1,5kg"},"content":{"rendered":"<p><strong><span dir=\"auto\">King Plus Aliment pour chats adultes \u2013 Poisson<\/span><\/strong><span dir=\"auto\">\u00a0: aliment complet et naturel \u00e0 base de prot\u00e9ines de poisson. Formul\u00e9 avec soin par un nutritionniste f\u00e9lin pour r\u00e9pondre aux besoins nutritionnels de tous les chats adultes.<\/span><\/p>\n<p><strong><span dir=\"auto\">COMPOSANTS NUTRITIONNELS<\/span><\/strong><br \/>\n<span dir=\"auto\">Prot\u00e9ines \u2026\u2026\u2026\u2026 28 %<\/span><br \/>\n<span dir=\"auto\">Mati\u00e8res grasses \u2026\u2026\u2026\u2026\u2026. 10 %<\/span><br \/>\n<span dir=\"auto\">Cendres brutes \u2026\u2026\u2026\u2026.. 8 %<\/span><br \/>\n<span dir=\"auto\">Cellulose brute (fibres) \u2026\u2026\u2026\u2026 2,5 %<\/span><\/p>\n<p><strong><span dir=\"auto\">INGR\u00c9DIENTS :<\/span><\/strong><span dir=\"auto\">\u00a0Prot\u00e9ines animales transform\u00e9es, bl\u00e9, ma\u00efs, graisse animale, farine de poisson, huile de poisson, gluten de ma\u00efs, ar\u00f4me de foie, ar\u00f4me de poisson, riz, sel, graines de lin, levure de bi\u00e8re s\u00e9ch\u00e9e, taurine.<\/span><\/p>\n<p><strong><span dir=\"auto\">MIN\u00c9RAUX :<\/span><\/strong><span dir=\"auto\">\u00a0Calcium, Phosphore, Sodium, Iode, Zinc, Cuivre, Chlorure de potassium, Fer, S\u00e9l\u00e9nium.<\/span><\/p>\n<p><strong><span dir=\"auto\">VITAMINES :<\/span><\/strong><span dir=\"auto\">\u00a0Vit. A, Vit. D, Vit. E, Vit. C, Vit. B1 \u2013 B2 \u2013 B3 (niacine) \u2013 B6 \u2013 B12 \u2013 B7 (biotine) \u2013 B9 (acide folique), Vit. K, Choline, Calcium Pantot\u00e9tan.<\/span><\/p>\n<p><strong><span dir=\"auto\">Principaux avantages<\/span><\/strong><\/p>\n<p><strong><span dir=\"auto\">Prot\u00e9ines de poisson de haute qualit\u00e9<\/span><\/strong><span dir=\"auto\">\u00a0: Favorisent le maintien de la masse musculaire maigre et satisfont les besoins carnivores naturels de votre chat.<\/span><\/p>\n<p><strong><span dir=\"auto\">Acides gras om\u00e9ga-3 et om\u00e9ga-6<\/span><\/strong><span dir=\"auto\">\u00a0: issus de l\u2019huile de poisson et des graines de lin, ils favorisent une peau saine et un pelage brillant.<\/span><\/p>\n<p><strong><span dir=\"auto\">Enrichi en taurine<\/span><\/strong><span dir=\"auto\">\u00a0: essentiel \u00e0 la sant\u00e9 cardiaque et \u00e0 une vision optimale chez les chats.<\/span><\/p>\n<p><strong><span dir=\"auto\">Soutien de la sant\u00e9 digestive<\/span><\/strong><span dir=\"auto\">\u00a0: Contient des fibres alimentaires et de la levure de bi\u00e8re pour favoriser la sant\u00e9 intestinale et l&rsquo;absorption des nutriments.<\/span><\/p>\n<p><strong><span dir=\"auto\">Min\u00e9raux et vitamines \u00e9quilibr\u00e9s<\/span><\/strong><span dir=\"auto\">\u00a0: Favorise la solidit\u00e9 des os, l&rsquo;immunit\u00e9 et la vitalit\u00e9 g\u00e9n\u00e9rale.<\/span><\/p>\n","protected":false},"excerpt":{"rendered":"<div class=\"woocommerce-product-details__short-description\">\n<p><span dir=\"auto\">Aliment complet et naturel pour chats, enrichi en prot\u00e9ines de poisson. Soigneusement formul\u00e9 par un nutritionniste f\u00e9lin pour r\u00e9pondre aux besoins nutritionnels de tous les chats adultes.<\/span><\/p>\n<\/div>\n<div class=\"qib-container\"><\/div>\n","protected":false},"featured_media":35067,"template":"","meta":{"jetpack_publicize_message":"","jetpack_publicize_feature_enabled":true,"jetpack_social_post_already_shared":true,"jetpack_social_options":{"image_generator_settings":{"template":"highway","default_image_id":0,"font":"","enabled":false},"version":2}},"product_brand":[],"product_cat":[40],"product_tag":[],"class_list":{"0":"post-35066","1":"product","2":"type-product","3":"status-publish","4":"has-post-thumbnail","6":"product_cat-coquettes-pour-chat","8":"first","9":"instock","10":"taxable","11":"shipping-taxable","12":"purchasable","13":"product-type-simple"},"supplier_id":5589,"supplier_sku":"KNG-12","barcode":null,"atum_controlled":true,"out_stock_date":null,"out_stock_threshold":null,"inheritable":false,"inbound_stock":0,"stock_on_hold":0,"sold_today":0,"sales_last_days":0,"reserved_stock":0,"customer_returns":0,"warehouse_damage":0,"lost_in_post":0,"other_logs":0,"out_stock_days":0,"lost_sales":0,"has_location":false,"update_date":"2026-05-13T00:20:45","atum_locations":[],"atum_stock_status":"instock","restock_status":false,"low_stock_amount":4,"sales_update_date":"2026-05-13T00:20:45","calc_backorders":null,"jetpack_publicize_connections":[],"jetpack_sharing_enabled":true,"batches":[{"id":"7524","date_created":"2026-02-05 09:03:31","date_expiry":"2027-05-30 00:00:00","user_id":"2461","batch_number":"KingPoisson1,5kg300527","location":"","quantity":"24.0000","quantity_available":"23.0000","units":"1","status":"active","order_ids":"[36350]","supplier":"Zooluxe","po":{"id":"7460","date_created":"2026-02-05 09:03:32","batch_id":"7524","po_number":"","supplier":"Zooluxe","cost":null,"regular_price":null,"sale_price":null,"price_margin":null,"price_discount":null}}],"_links":{"self":[{"href":"https:\/\/petworld.ma\/index.php\/wp-json\/wp\/v2\/product\/35066","targetHints":{"allow":["GET"]}}],"collection":[{"href":"https:\/\/petworld.ma\/index.php\/wp-json\/wp\/v2\/product"}],"about":[{"href":"https:\/\/petworld.ma\/index.php\/wp-json\/wp\/v2\/types\/product"}],"wp:featuredmedia":[{"embeddable":true,"href":"https:\/\/petworld.ma\/index.php\/wp-json\/wp\/v2\/media\/35067"}],"wp:attachment":[{"href":"https:\/\/petworld.ma\/index.php\/wp-json\/wp\/v2\/media?parent=35066"}],"wp:term":[{"taxonomy":"product_brand","embeddable":true,"href":"https:\/\/petworld.ma\/index.php\/wp-json\/wp\/v2\/product_brand?post=35066"},{"taxonomy":"product_cat","embeddable":true,"href":"https:\/\/petworld.ma\/index.php\/wp-json\/wp\/v2\/product_cat?post=35066"},{"taxonomy":"product_tag","embeddable":true,"href":"https:\/\/petworld.ma\/index.php\/wp-json\/wp\/v2\/product_tag?post=35066"}],"curies":[{"name":"wp","href":"https:\/\/api.w.org\/{rel}","templated":true}]}}