{"id":35122,"date":"2026-02-05T16:58:45","date_gmt":"2026-02-05T16:58:45","guid":{"rendered":"https:\/\/petworld.ma\/?post_type=product&#038;p=35122"},"modified":"2026-05-10T13:05:02","modified_gmt":"2026-05-10T13:05:02","slug":"reflex-plus-delizzia-pate-au-thon-chat-adulte-en-mousse-85-g","status":"publish","type":"product","link":"https:\/\/petworld.ma\/index.php\/produit\/reflex-plus-delizzia-pate-au-thon-chat-adulte-en-mousse-85-g\/","title":{"rendered":"Reflex Plus Delizzia P\u00e2t\u00e9 au thon Chat Adulte en Mousse 85 g"},"content":{"rendered":"<div class=\"food-content-sec\">\n<p><strong><span dir=\"auto\">Composition :<\/span><\/strong>\u00a0<span dir=\"auto\"> Viandes et sous-produits animaux, Poissons et sous-produits de poissons (4 % de thon), Substances min\u00e9rales, Sous-produits d&rsquo;origine v\u00e9g\u00e9tale.<\/span><\/p>\n<\/div>\n<h4 class=\"food-content-title font-bold\"><strong><span dir=\"auto\">Composants nutritifs:<\/span><\/strong><\/h4>\n<table class=\"table table-striped\">\n<tbody>\n<tr>\n<td><strong><span dir=\"auto\">Prot\u00e9ines brutes<\/span><\/strong><\/td>\n<td><span dir=\"auto\">10,5 %<\/span><\/td>\n<\/tr>\n<tr>\n<td><strong><span dir=\"auto\">Mati\u00e8res grasses brutes<\/span><\/strong><\/td>\n<td><span dir=\"auto\">6,5 %<\/span><\/td>\n<\/tr>\n<tr>\n<td><strong><span dir=\"auto\">Fibres brutes<\/span><\/strong><\/td>\n<td><span dir=\"auto\">0,05 %<\/span><\/td>\n<\/tr>\n<tr>\n<td><strong><span dir=\"auto\">Cendres brutes<\/span><\/strong><\/td>\n<td><span dir=\"auto\">%3<\/span><\/td>\n<\/tr>\n<tr>\n<td><strong><span dir=\"auto\">Humidit\u00e9<\/span><\/strong><\/td>\n<td><span dir=\"auto\">77,5 %<\/span><\/td>\n<\/tr>\n<\/tbody>\n<\/table>\n<h4><strong><span dir=\"auto\">Recommandations nutritionnelles:<\/span><\/strong><\/h4>\n<div id=\"myTabContent\" class=\"tab-content\">\n<div id=\"profile\" class=\"tab-pane fade active show\" role=\"tabpanel\" aria-labelledby=\"profile-tab\">\n<ul>\n<li><span dir=\"auto\">Pour un chat adulte moyen pesant 4 kg, il est recommand\u00e9 de donner 4 sachets de nourriture par jour.<\/span><\/li>\n<li><span dir=\"auto\">La quantit\u00e9 journali\u00e8re peut varier en fonction de l&rsquo;\u00e2ge, du niveau d&rsquo;activit\u00e9 et des conditions environnementales.<\/span><\/li>\n<li><span dir=\"auto\">Servir \u00e0 temp\u00e9rature ambiante et toujours proposer de l&rsquo;eau potable fra\u00eeche.<\/span><\/li>\n<li><span dir=\"auto\">\u00c0 conserver dans un endroit frais et sec.<\/span><\/li>\n<li><span dir=\"auto\">\u00c0 consommer avant la date de p\u00e9remption.<\/span><\/li>\n<li><span dir=\"auto\">Ne pas consommer.<\/span><\/li>\n<\/ul>\n<\/div>\n<\/div>\n","protected":false},"excerpt":{"rendered":"<section class=\"prd-bg\">\n<div class=\"container\">\n<div class=\"prd-wrapper\">\n<div class=\"prd-detail-grid\">\n<div>\n<div class=\"prod-body text-dark\">\n<p class=\"prod-sub-desc\"><span dir=\"auto\">Aliment complet pour chats adultes<\/span><\/p>\n<\/div>\n<\/div>\n<\/div>\n<\/div>\n<\/div>\n<\/section>\n","protected":false},"featured_media":35123,"template":"","meta":{"jetpack_publicize_message":"","jetpack_publicize_feature_enabled":true,"jetpack_social_post_already_shared":true,"jetpack_social_options":{"image_generator_settings":{"template":"highway","default_image_id":0,"font":"","enabled":false},"version":2}},"product_brand":[],"product_cat":[239],"product_tag":[],"class_list":{"0":"post-35122","1":"product","2":"type-product","3":"status-publish","4":"has-post-thumbnail","6":"product_cat-pate-humides-chat","8":"first","9":"instock","10":"taxable","11":"shipping-taxable","12":"purchasable","13":"product-type-simple"},"supplier_id":5589,"supplier_sku":"RFK-183","barcode":null,"atum_controlled":true,"out_stock_date":null,"out_stock_threshold":null,"inheritable":false,"inbound_stock":0,"stock_on_hold":15,"sold_today":0,"sales_last_days":6,"reserved_stock":0,"customer_returns":0,"warehouse_damage":0,"lost_in_post":0,"other_logs":0,"out_stock_days":0,"lost_sales":0,"has_location":false,"update_date":"2026-05-11T16:42:30","atum_locations":[],"atum_stock_status":"instock","restock_status":false,"low_stock_amount":24,"sales_update_date":"2026-05-11T16:42:30","calc_backorders":null,"jetpack_publicize_connections":[],"jetpack_sharing_enabled":true,"batches":[{"id":"7541","date_created":"2026-02-05 16:59:52","date_expiry":"2028-11-22 00:00:00","user_id":"2461","batch_number":"DelizziaReflexThon221128","location":"","quantity":"120.0000","quantity_available":"29.0000","units":"1","status":"active","order_ids":"[35450,36054,36347,37029,37115,37985,38017,38068,38512,39334,40564,41110,41342,41706]","supplier":"Zooluxe","po":{"id":"7477","date_created":"2026-02-05 16:59:53","batch_id":"7541","po_number":"","supplier":"Zooluxe","cost":null,"regular_price":null,"sale_price":null,"price_margin":null,"price_discount":null}}],"_links":{"self":[{"href":"https:\/\/petworld.ma\/index.php\/wp-json\/wp\/v2\/product\/35122","targetHints":{"allow":["GET"]}}],"collection":[{"href":"https:\/\/petworld.ma\/index.php\/wp-json\/wp\/v2\/product"}],"about":[{"href":"https:\/\/petworld.ma\/index.php\/wp-json\/wp\/v2\/types\/product"}],"wp:featuredmedia":[{"embeddable":true,"href":"https:\/\/petworld.ma\/index.php\/wp-json\/wp\/v2\/media\/35123"}],"wp:attachment":[{"href":"https:\/\/petworld.ma\/index.php\/wp-json\/wp\/v2\/media?parent=35122"}],"wp:term":[{"taxonomy":"product_brand","embeddable":true,"href":"https:\/\/petworld.ma\/index.php\/wp-json\/wp\/v2\/product_brand?post=35122"},{"taxonomy":"product_cat","embeddable":true,"href":"https:\/\/petworld.ma\/index.php\/wp-json\/wp\/v2\/product_cat?post=35122"},{"taxonomy":"product_tag","embeddable":true,"href":"https:\/\/petworld.ma\/index.php\/wp-json\/wp\/v2\/product_tag?post=35122"}],"curies":[{"name":"wp","href":"https:\/\/api.w.org\/{rel}","templated":true}]}}