{"id":35162,"date":"2026-02-05T19:04:28","date_gmt":"2026-02-05T19:04:28","guid":{"rendered":"https:\/\/petworld.ma\/?post_type=product&#038;p=35162"},"modified":"2026-05-09T18:33:00","modified_gmt":"2026-05-09T18:33:00","slug":"reflex-plus-urinary-saumon-cat-adult-1-5-kg-15kg","status":"publish","type":"product","link":"https:\/\/petworld.ma\/index.php\/produit\/reflex-plus-urinary-saumon-cat-adult-1-5-kg-15kg\/","title":{"rendered":"Reflex Plus Urinary Saumon Cat Adult (1.5 kg | 15kg)"},"content":{"rendered":"<p>&nbsp;<\/p>\n<table class=\"table table-striped\">\n<tbody>\n<tr>\n<td><strong><span dir=\"auto\">Pr\u00e9biotiques Xos &amp; Mos :\u00a0<\/span><\/strong><\/td>\n<td><span dir=\"auto\">Il s&rsquo;agit d&rsquo;un additif naturel qui a un effet positif sur le maintien de la sant\u00e9 du syst\u00e8me immunitaire et digestif.<\/span><\/td>\n<\/tr>\n<tr>\n<td><strong><span dir=\"auto\">Psyllium :<\/span><\/strong><\/td>\n<td><span dir=\"auto\">Il contribue \u00e0 r\u00e9guler le transit intestinal et pr\u00e9vient la formation de boules de poils.<\/span><\/td>\n<\/tr>\n<tr>\n<td><strong><span dir=\"auto\">DL-M\u00e9thionine :<\/span><\/strong><\/td>\n<td><span dir=\"auto\">Il contribue \u00e0 la sant\u00e9 des voies urinaires, r\u00e9gule le pH urinaire et r\u00e9duit la formation de cristaux dans l&rsquo;urine.<\/span><\/td>\n<\/tr>\n<tr>\n<td><strong><span dir=\"auto\">L-Carnitine :<\/span><\/strong><\/td>\n<td><span dir=\"auto\">C&rsquo;est un acide amin\u00e9 impliqu\u00e9 dans le m\u00e9tabolisme \u00e9nerg\u00e9tique.<\/span><\/td>\n<\/tr>\n<tr>\n<td><b><span dir=\"auto\">Yucca Schidigera :<\/span><\/b><\/td>\n<td><span dir=\"auto\">C&rsquo;est une plante qui contient de la saponine, une substance capable de fixer l&rsquo;ammoniaque. Cela contribue \u00e0 r\u00e9duire les odeurs f\u00e9cales.<\/span><\/td>\n<\/tr>\n<tr>\n<td><strong><span dir=\"auto\">Taurine :<\/span><\/strong><\/td>\n<td><span dir=\"auto\">Il s&rsquo;agit d&rsquo;un acide amin\u00e9 qui offre des bienfaits multisyst\u00e9miques aux chats.<\/span><\/td>\n<\/tr>\n<\/tbody>\n<\/table>\n<h4><strong><span dir=\"auto\">Valeurs d&rsquo;information et d&rsquo;analyse du contenu<\/span><\/strong><\/h4>\n<table class=\"table table-striped\">\n<tbody>\n<tr>\n<td><strong><span dir=\"auto\">Ingr\u00e9dients:<\/span><\/strong><\/td>\n<td><span dir=\"auto\">Prot\u00e9ines de saumon transform\u00e9es (20%), prot\u00e9ines animales transform\u00e9es, ma\u00efs, riz, prot\u00e9ines animales hydrolys\u00e9es, graisse de poulet, gluten de ma\u00efs, ar\u00f4me de poisson, concentr\u00e9 de fibres, vitamines et min\u00e9raux, graines de lin, MOS (mannane oligosaccharides), xylo oligosaccharides (XOS), levure de bi\u00e8re, sel, L-carnitine, DL-m\u00e9thionine, enveloppe de psyllium, Yucca schidigera, taurine (3A370), conservateurs &#8211; antioxydants.<\/span><\/td>\n<\/tr>\n<tr>\n<td><strong><span dir=\"auto\">Min\u00e9raux :<\/span><\/strong><\/td>\n<td><span dir=\"auto\">Fer (3B103), Iode (3B202), Cuivre (3B405), Mangan\u00e8se (3B502), Zinc (3B603), S\u00e9l\u00e9nium (3B802).<\/span><\/td>\n<\/tr>\n<tr>\n<td><strong><span dir=\"auto\">Vitamines :<\/span><\/strong><\/td>\n<td><span dir=\"auto\">Vitamine A (3A672A), Vitamine D3 (3A671), Vitamine E (3A700), Vitamine C (3A300), Vitamine B1 &#8211; B2 &#8211; B3 (3A821 &#8211; 3A825i &#8211; 3A315 Niacine) &#8211; B6 &#8211; B12 &#8211; B7 (3A831 &#8211; 3A &#8211; 3A880 Biotine) &#8211; Vit. B9 (acide folique 3A316), vitamine K3 (3A710), choline (3A890), pantoth\u00e9nate de calcium (3A841).<\/span><\/td>\n<\/tr>\n<\/tbody>\n<\/table>\n<h4 class=\"food-content-title font-bold\"><strong><span dir=\"auto\">Composants nutritifs<\/span><\/strong><\/h4>\n<table class=\"table table-striped\">\n<tbody>\n<tr>\n<td><strong><span dir=\"auto\">Prot\u00e9ines brutes<\/span><\/strong><\/td>\n<td><span dir=\"auto\">34%<\/span><\/td>\n<\/tr>\n<tr>\n<td><strong><span dir=\"auto\">Mati\u00e8res grasses brutes\u00a0<\/span><\/strong><\/td>\n<td><span dir=\"auto\">14%<\/span><\/td>\n<\/tr>\n<tr>\n<td><strong><span dir=\"auto\">Cendres brutes\u00a0<\/span><\/strong><\/td>\n<td><span dir=\"auto\">8%<\/span><\/td>\n<\/tr>\n<tr>\n<td><strong><span dir=\"auto\">Cellulose brute<\/span><\/strong><\/td>\n<td><span dir=\"auto\">3%<\/span><\/td>\n<\/tr>\n<\/tbody>\n<\/table>\n<div class=\"w-full text-token-text-primary\" dir=\"auto\" data-testid=\"conversation-turn-19\" data-scroll-anchor=\"true\">\n<div class=\"text-base py-[18px] px-3 md:px-4 m-auto md:px-5 lg:px-1 xl:px-5\">\n<div class=\"mx-auto flex flex-1 gap-4 text-base md:gap-5 lg:gap-6 md:max-w-3xl\">\n<div class=\"flex-shrink-0 flex flex-col relative items-end\">\n<div class=\"pt-0\">\n<div class=\"gizmo-bot-avatar flex h-8 w-8 items-center justify-center overflow-hidden rounded-full\">\n<div class=\"relative p-1 rounded-sm flex items-center justify-center bg-token-main-surface-primary text-token-text-primary h-8 w-8\">\n<h4><strong><span dir=\"auto\">Recommandations nutritionnelles:<\/span><\/strong><\/h4>\n<div id=\"myTabContent\" class=\"tab-content\">\n<div id=\"profile\" class=\"tab-pane fade active show\" role=\"tabpanel\" aria-labelledby=\"profile-tab\">\n<p><span dir=\"auto\">\u2022 Quantit\u00e9 journali\u00e8re recommand\u00e9e (en grammes) selon le poids (kg) et la morphologie (A &#8211; Maigre, B &#8211; Normal, C &#8211; En surpoids) du chat (voir tableau).<\/span><br \/>\n<span dir=\"auto\">\u2022 La ration journali\u00e8re peut varier en fonction de la temp\u00e9rature ambiante, du mode de vie (int\u00e9rieur\/ext\u00e9rieur), du temp\u00e9rament et du niveau d&rsquo;activit\u00e9 du chat.<\/span><br \/>\n<span dir=\"auto\">\u2022 Pour garantir le poids id\u00e9al de votre chat, pesez la quantit\u00e9 de nourriture n\u00e9cessaire.<\/span><br \/>\n<span dir=\"auto\">\u2022 Pour adapter les portions, tenez compte de l&rsquo;app\u00e9tit, de l&rsquo;apparence et des selles de votre chat.<\/span><br \/>\n<span dir=\"auto\">\u2022 Lors d&rsquo;une transition alimentaire, m\u00e9langez progressivement les deux aliments en petites quantit\u00e9s sur une semaine.<\/span><br \/>\n<span dir=\"auto\">\u2022 Assurez-vous que votre chat ait toujours acc\u00e8s \u00e0 de l&rsquo;eau fra\u00eeche. M\u00eame si l&rsquo;eau semble claire, changez-la au moins une fois par jour.<\/span><br \/>\n<span dir=\"auto\">\u2022 Conservez le produit dans un endroit frais et sec et refermez bien le sachet apr\u00e8s chaque utilisation.<\/span><br \/>\n<span dir=\"auto\">\u2022 Ne convient pas \u00e0 la consommation humaine.\u00a0<\/span><\/p>\n<p><img decoding=\"async\" src=\"https:\/\/www.reflexmama.com\/upload\/product_gallery\/product_gallery_2025-11-11_11-48-581.png\" alt=\"\" width=\"100%\" \/><\/p>\n<\/div>\n<\/div>\n<\/div>\n<\/div>\n<\/div>\n<\/div>\n<\/div>\n<\/div>\n<\/div>\n","protected":false},"excerpt":{"rendered":"<p>Aliment sec super premium complet et \u00e9quilibr\u00e9 pour chats adultes de plus de 12 mois, enrichi au saumon et formul\u00e9 pour favoriser la sant\u00e9 du syst\u00e8me urinaire.<\/p>\n","protected":false},"featured_media":35163,"template":"","meta":{"jetpack_publicize_message":"","jetpack_publicize_feature_enabled":true,"jetpack_social_post_already_shared":true,"jetpack_social_options":{"image_generator_settings":{"template":"highway","default_image_id":0,"font":"","enabled":false},"version":2}},"product_brand":[],"product_cat":[40],"product_tag":[],"class_list":{"0":"post-35162","1":"product","2":"type-product","3":"status-publish","4":"has-post-thumbnail","6":"product_cat-coquettes-pour-chat","8":"first","9":"instock","10":"taxable","11":"shipping-taxable","12":"purchasable","13":"product-type-variable"},"supplier_id":5592,"supplier_sku":"","barcode":null,"atum_controlled":true,"out_stock_date":"2026-02-05 19:04:28","out_stock_threshold":null,"inheritable":true,"inbound_stock":0,"stock_on_hold":2,"sold_today":0,"sales_last_days":2,"reserved_stock":0,"customer_returns":0,"warehouse_damage":0,"lost_in_post":0,"other_logs":0,"out_stock_days":90,"lost_sales":0,"has_location":false,"update_date":"2026-05-11T10:14:09","atum_locations":[],"atum_stock_status":"instock","restock_status":false,"low_stock_amount":"","sales_update_date":"2026-05-08T20:36:55","calc_backorders":null,"jetpack_publicize_connections":[],"jetpack_sharing_enabled":true,"batches":[],"_links":{"self":[{"href":"https:\/\/petworld.ma\/index.php\/wp-json\/wp\/v2\/product\/35162","targetHints":{"allow":["GET"]}}],"collection":[{"href":"https:\/\/petworld.ma\/index.php\/wp-json\/wp\/v2\/product"}],"about":[{"href":"https:\/\/petworld.ma\/index.php\/wp-json\/wp\/v2\/types\/product"}],"wp:featuredmedia":[{"embeddable":true,"href":"https:\/\/petworld.ma\/index.php\/wp-json\/wp\/v2\/media\/35163"}],"wp:attachment":[{"href":"https:\/\/petworld.ma\/index.php\/wp-json\/wp\/v2\/media?parent=35162"}],"wp:term":[{"taxonomy":"product_brand","embeddable":true,"href":"https:\/\/petworld.ma\/index.php\/wp-json\/wp\/v2\/product_brand?post=35162"},{"taxonomy":"product_cat","embeddable":true,"href":"https:\/\/petworld.ma\/index.php\/wp-json\/wp\/v2\/product_cat?post=35162"},{"taxonomy":"product_tag","embeddable":true,"href":"https:\/\/petworld.ma\/index.php\/wp-json\/wp\/v2\/product_tag?post=35162"}],"curies":[{"name":"wp","href":"https:\/\/api.w.org\/{rel}","templated":true}]}}