{"id":35167,"date":"2026-02-05T19:58:15","date_gmt":"2026-02-05T19:58:15","guid":{"rendered":"https:\/\/petworld.ma\/?post_type=product&#038;p=35167"},"modified":"2026-05-08T11:57:45","modified_gmt":"2026-05-08T11:57:45","slug":"lait-spectrum-en-poudre-multivitamine-et-taurine-pour-chatons-150g","status":"publish","type":"product","link":"https:\/\/petworld.ma\/index.php\/produit\/lait-spectrum-en-poudre-multivitamine-et-taurine-pour-chatons-150g\/","title":{"rendered":"Lait en Poudre Spectrum pour Chaton 150g"},"content":{"rendered":"<div class=\"content-left\" data-v-765e2bcd=\"\">\n<div id=\"description-tabs-wrapper\" class=\"product-tabs\" data-v-ea2125e7=\"\" data-v-765e2bcd=\"\" data-test-id=\"block__more-info\">\n<div data-v-ea2125e7=\"\">\n<p><span dir=\"auto\">Alimentation compl\u00e8te pour chatons sevr\u00e9s, chattes gestantes, allaitantes ou malades. La formule \u00e9prouv\u00e9e du lait en poudre Spectrum pour chatons a \u00e9t\u00e9 am\u00e9lior\u00e9e et enrichie en acide docosahexa\u00e9no\u00efque (DHA), naturellement pr\u00e9sent dans le lait maternel et essentiel au d\u00e9veloppement c\u00e9r\u00e9bral, \u00e0 la m\u00e9moire et \u00e0 l&rsquo;apprentissage. Le lait en poudre Spectrum pour chatons est facile \u00e0 dig\u00e9rer et contient un profil \u00e9quilibr\u00e9 de mati\u00e8res grasses, de vitamines essentielles, de min\u00e9raux et d&rsquo;oligo-\u00e9l\u00e9ments, ainsi que d&rsquo;acides amin\u00e9s, dont la taurine, pour un d\u00e9part optimal dans la vie. Le lait en poudre Spectrum pour chatons est recommand\u00e9 pour les chatons orphelins et ceux qui mangent peu. Cette formule peut \u00eatre utilis\u00e9e comme alimentation compl\u00e8te pendant la transition du sevrage.<\/span><\/p>\n<\/div>\n<\/div>\n<\/div>\n<div class=\"content-right\" data-v-765e2bcd=\"\">\n<div class=\"call-to-action\" data-v-a44a688e=\"\" data-v-765e2bcd=\"\" data-test-id=\"block__action\">\n<div class=\"price-wrapper\" data-v-a44a688e=\"\">\n<div class=\"price\" data-v-fc176aef=\"\" data-v-a44a688e=\"\">\n<div class=\"badges-wrap\" data-v-fc176aef=\"\">\n<div class=\"smart-badge smart-badge-custom-typography\" data-v-07965d97=\"\" data-v-fc176aef=\"\" data-test-id=\"text__product-badge\"><strong><span dir=\"auto\">Composants nutritifs:<\/span><\/strong><\/div>\n<\/div>\n<\/div>\n<\/div>\n<\/div>\n<\/div>\n<table class=\"table table-striped\">\n<tbody>\n<tr>\n<td><span dir=\"auto\">Prot\u00e9ine<\/span><\/td>\n<td><span dir=\"auto\">10,60%<\/span><\/td>\n<\/tr>\n<tr>\n<td><span dir=\"auto\">teneur en mati\u00e8res grasses<\/span><\/td>\n<td><span dir=\"auto\">4,90%<\/span><\/td>\n<\/tr>\n<tr>\n<td><span dir=\"auto\">Fibres brutes<\/span><\/td>\n<td><span dir=\"auto\">3%<\/span><\/td>\n<\/tr>\n<tr>\n<td><span dir=\"auto\">Cendres brutes<\/span><\/td>\n<td><span dir=\"auto\">4,30%<\/span><\/td>\n<\/tr>\n<tr>\n<td><span dir=\"auto\">Humidit\u00e9<\/span><\/td>\n<td><span dir=\"auto\">9,90%<\/span><\/td>\n<\/tr>\n<\/tbody>\n<\/table>\n<div id=\"heading-4\" class=\"card-header\">\n<h4 class=\"mb-0\"><strong><span dir=\"auto\">Recommandations et mises en garde nutritionnelles:<\/span><\/strong><\/h4>\n<\/div>\n<div id=\"collapse-4\" class=\"collapse show\" data-parent=\"#accordion\" aria-labelledby=\"heading-4\">\n<div class=\"card-body\">\n<p>100 ml. add 2 full of medical spoon Milk Powder for Cats to (half a glass of water) warm water and consume after it is fully mixed. You can use it by preparing a new mixture every 4 hours. Each prepared mixture should be consumed within 45 minutes<\/p>\n<\/div>\n<\/div>\n","protected":false},"excerpt":{"rendered":"<p>Lait en poudre, prot\u00e9ines de lactos\u00e9rum, amidon, fructo-oligosaccharides, farine de riz.<\/p>\n","protected":false},"featured_media":35170,"template":"","meta":{"jetpack_publicize_message":"","jetpack_publicize_feature_enabled":true,"jetpack_social_post_already_shared":true,"jetpack_social_options":{"image_generator_settings":{"template":"highway","default_image_id":0,"font":"","enabled":false},"version":2}},"product_brand":[],"product_cat":[220],"product_tag":[],"class_list":{"0":"post-35167","1":"product","2":"type-product","3":"status-publish","4":"has-post-thumbnail","6":"product_cat-lait-maternel","8":"first","9":"instock","10":"taxable","11":"shipping-taxable","12":"purchasable","13":"product-type-simple"},"supplier_id":5589,"supplier_sku":"SPC-0114","barcode":null,"atum_controlled":true,"out_stock_date":null,"out_stock_threshold":null,"inheritable":false,"inbound_stock":0,"stock_on_hold":0,"sold_today":0,"sales_last_days":2,"reserved_stock":0,"customer_returns":0,"warehouse_damage":0,"lost_in_post":0,"other_logs":0,"out_stock_days":0,"lost_sales":0,"has_location":false,"update_date":"2026-05-15T00:00:57","atum_locations":[],"atum_stock_status":"instock","restock_status":false,"low_stock_amount":5,"sales_update_date":"2026-05-15T00:00:57","calc_backorders":0,"jetpack_publicize_connections":[],"jetpack_sharing_enabled":true,"batches":[{"id":"7946","date_created":"2026-02-26 12:25:14","date_expiry":"2027-11-15 00:00:00","user_id":"2760","batch_number":"Lait en Poudre Spectrum pour Chaton 150g151127","location":"","quantity":"31.0000","quantity_available":"27.0000","units":"1","status":"active","order_ids":"[40893,41054,41495,41573]","supplier":"Zoolux","po":{"id":"7884","date_created":"2026-02-26 12:25:15","batch_id":"7946","po_number":"","supplier":"Zoolux","cost":null,"regular_price":null,"sale_price":null,"price_margin":null,"price_discount":null}},{"id":"8352","date_created":"2026-03-19 10:05:31","date_expiry":"2027-11-15 00:00:00","user_id":"2760","batch_number":"Lait en Poudre Spectrum pour Chaton 150g151127","location":"","quantity":"5.0000","quantity_available":"0.0000","units":"1","status":"archived","order_ids":"[38462,38677,38802]","supplier":"Zoolux","po":{"id":"8280","date_created":"2026-03-19 10:05:32","batch_id":"8352","po_number":"","supplier":"Zoolux","cost":null,"regular_price":null,"sale_price":null,"price_margin":null,"price_discount":null}}],"_links":{"self":[{"href":"https:\/\/petworld.ma\/index.php\/wp-json\/wp\/v2\/product\/35167","targetHints":{"allow":["GET"]}}],"collection":[{"href":"https:\/\/petworld.ma\/index.php\/wp-json\/wp\/v2\/product"}],"about":[{"href":"https:\/\/petworld.ma\/index.php\/wp-json\/wp\/v2\/types\/product"}],"wp:featuredmedia":[{"embeddable":true,"href":"https:\/\/petworld.ma\/index.php\/wp-json\/wp\/v2\/media\/35170"}],"wp:attachment":[{"href":"https:\/\/petworld.ma\/index.php\/wp-json\/wp\/v2\/media?parent=35167"}],"wp:term":[{"taxonomy":"product_brand","embeddable":true,"href":"https:\/\/petworld.ma\/index.php\/wp-json\/wp\/v2\/product_brand?post=35167"},{"taxonomy":"product_cat","embeddable":true,"href":"https:\/\/petworld.ma\/index.php\/wp-json\/wp\/v2\/product_cat?post=35167"},{"taxonomy":"product_tag","embeddable":true,"href":"https:\/\/petworld.ma\/index.php\/wp-json\/wp\/v2\/product_tag?post=35167"}],"curies":[{"name":"wp","href":"https:\/\/api.w.org\/{rel}","templated":true}]}}