{"id":35274,"date":"2026-02-07T15:36:59","date_gmt":"2026-02-07T15:36:59","guid":{"rendered":"https:\/\/petworld.ma\/?post_type=product&#038;p=35274"},"modified":"2026-03-29T11:34:55","modified_gmt":"2026-03-29T11:34:55","slug":"bac-a-croquettes-oto-leopet-20kg-54litre-40x24x55hcm","status":"publish","type":"product","link":"https:\/\/petworld.ma\/index.php\/produit\/bac-a-croquettes-oto-leopet-20kg-54litre-40x24x55hcm\/","title":{"rendered":"Bac \u00e0 Croquettes Oto LeoPet (12 kg | 20 kg)"},"content":{"rendered":"<p data-start=\"71\" data-end=\"113\"><strong data-start=\"71\" data-end=\"113\">Bac \u00e0 croquettes Leopet : 12kg \/ 32L ou\u00a0 20 kg \/ 54 L<\/strong><\/p>\n<p data-start=\"115\" data-end=\"403\">Le bac \u00e0 croquettes Leopet est con\u00e7u pour assurer une excellente conservation des aliments secs de votre animal. Fabriqu\u00e9 en plastique robuste et de qualit\u00e9, il prot\u00e8ge efficacement les croquettes de l\u2019humidit\u00e9, de l\u2019air et des impuret\u00e9s, garantissant ainsi leur fra\u00eecheur plus longtemps.<\/p>\n<p data-start=\"405\" data-end=\"661\">Avec une grande capacit\u00e9 de , ce bac est id\u00e9al pour stocker de gros volumes de croquettes tout en restant pratique au quotidien. \u00a0rangement.<\/p>\n<p data-start=\"663\" data-end=\"876\">Import\u00e9 d\u2019Italie, le bac Leopet allie fiabilit\u00e9 et finition soign\u00e9e. Le grand\u00a0 est \u00e9quip\u00e9 de <strong data-start=\"749\" data-end=\"766\">roues arri\u00e8re<\/strong> qui facilitent son d\u00e9placement, m\u00eame lorsqu\u2019il est enti\u00e8rement rempli, pour un confort d\u2019utilisation optimal.<\/p>\n<p data-start=\"878\" data-end=\"995\">Un accessoire indispensable pour une organisation propre, pratique et hygi\u00e9nique de l\u2019alimentation de votre animal \ud83d\udc3e<\/p>\n<p data-start=\"878\" data-end=\"995\">-12kg | 54Litre | 40x24x55hcm<\/p>\n<p data-start=\"878\" data-end=\"995\">-20kg | 54Litre | 40x27x45hcm<\/p>\n","protected":false},"excerpt":{"rendered":"<p><strong data-start=\"71\" data-end=\"113\">Bac \u00e0 croquettes Leopet \u2013 12kg \/ 32L ou\u00a0 20 kg \/ 54 L<\/strong><\/p>\n","protected":false},"featured_media":35277,"template":"","meta":{"jetpack_publicize_message":"","jetpack_publicize_feature_enabled":true,"jetpack_social_post_already_shared":true,"jetpack_social_options":{"image_generator_settings":{"template":"highway","default_image_id":0,"font":"","enabled":false},"version":2}},"product_brand":[],"product_cat":[133,134],"product_tag":[],"class_list":{"0":"post-35274","1":"product","2":"type-product","3":"status-publish","4":"has-post-thumbnail","6":"product_cat-gamelle","7":"product_cat-gamelles","9":"first","10":"instock","11":"taxable","12":"shipping-taxable","13":"purchasable","14":"product-type-variable"},"supplier_id":5588,"supplier_sku":"140503X19190","barcode":null,"atum_controlled":true,"out_stock_date":null,"out_stock_threshold":null,"inheritable":true,"inbound_stock":0,"stock_on_hold":0,"sold_today":0,"sales_last_days":1,"reserved_stock":0,"customer_returns":0,"warehouse_damage":0,"lost_in_post":0,"other_logs":0,"out_stock_days":0,"lost_sales":0,"has_location":false,"update_date":"2026-04-04T10:32:39","atum_locations":[],"atum_stock_status":"instock","restock_status":true,"low_stock_amount":1,"sales_update_date":"2026-04-04T10:32:39","calc_backorders":null,"jetpack_publicize_connections":[],"jetpack_sharing_enabled":true,"batches":[],"_links":{"self":[{"href":"https:\/\/petworld.ma\/index.php\/wp-json\/wp\/v2\/product\/35274","targetHints":{"allow":["GET"]}}],"collection":[{"href":"https:\/\/petworld.ma\/index.php\/wp-json\/wp\/v2\/product"}],"about":[{"href":"https:\/\/petworld.ma\/index.php\/wp-json\/wp\/v2\/types\/product"}],"wp:featuredmedia":[{"embeddable":true,"href":"https:\/\/petworld.ma\/index.php\/wp-json\/wp\/v2\/media\/35277"}],"wp:attachment":[{"href":"https:\/\/petworld.ma\/index.php\/wp-json\/wp\/v2\/media?parent=35274"}],"wp:term":[{"taxonomy":"product_brand","embeddable":true,"href":"https:\/\/petworld.ma\/index.php\/wp-json\/wp\/v2\/product_brand?post=35274"},{"taxonomy":"product_cat","embeddable":true,"href":"https:\/\/petworld.ma\/index.php\/wp-json\/wp\/v2\/product_cat?post=35274"},{"taxonomy":"product_tag","embeddable":true,"href":"https:\/\/petworld.ma\/index.php\/wp-json\/wp\/v2\/product_tag?post=35274"}],"curies":[{"name":"wp","href":"https:\/\/api.w.org\/{rel}","templated":true}]}}