{"id":35322,"date":"2026-02-08T13:55:53","date_gmt":"2026-02-08T13:55:53","guid":{"rendered":"https:\/\/petworld.ma\/?post_type=product&#038;p=35322"},"modified":"2026-02-08T14:13:01","modified_gmt":"2026-02-08T14:13:01","slug":"lit-pour-animaux-de-compagnie-en-plastique-beddy","status":"publish","type":"product","link":"https:\/\/petworld.ma\/index.php\/produit\/lit-pour-animaux-de-compagnie-en-plastique-beddy\/","title":{"rendered":"Lit Pour Animaux De Compagnie En Plastique Beddy"},"content":{"rendered":"<h2><strong><span dir=\"auto\">Lit pour animaux de compagnie en plastique, mod\u00e8le Beddy.<\/span><\/strong><\/h2>\n<h3><span dir=\"auto\">Caract\u00e9ristiques du lit pour animaux de compagnie en plastique\u00a0:<\/span><\/h3>\n<ul>\n<li><span dir=\"auto\">Acc\u00e8s facile pour votre animal, confortable et esth\u00e9tique.<\/span><\/li>\n<li><span dir=\"auto\">Fabriqu\u00e9 avec des mat\u00e9riaux de premi\u00e8re qualit\u00e9.<\/span><\/li>\n<li><span dir=\"auto\">Hygi\u00e9nique et tr\u00e8s facile \u00e0 nettoyer.<\/span><\/li>\n<li><span dir=\"auto\">Dimensions : 57 x 48 x 16 cm.<\/span><\/li>\n<\/ul>\n","protected":false},"excerpt":{"rendered":"<h4><strong><span dir=\"auto\">Int\u00e9ress\u00e9 par un lit en plastique pour votre animal de compagnie ?<\/span><\/strong><\/h4>\n<h4><span dir=\"auto\">Dans ce lit, votre animal b\u00e9n\u00e9ficiera d&rsquo;un repos optimal. <\/span><span dir=\"auto\">Sa forme ergonomique le rend confortable et agr\u00e9able \u00e0 utiliser. <\/span><span dir=\"auto\">Acc\u00e8s facile, hygi\u00e9nique et facile \u00e0 nettoyer.<\/span><\/h4>\n","protected":false},"featured_media":35323,"template":"","meta":{"jetpack_publicize_message":"","jetpack_publicize_feature_enabled":true,"jetpack_social_post_already_shared":true,"jetpack_social_options":{"image_generator_settings":{"template":"highway","default_image_id":0,"font":"","enabled":false},"version":2}},"product_brand":[],"product_cat":[124,125],"product_tag":[],"class_list":{"0":"post-35322","1":"product","2":"type-product","3":"status-publish","4":"has-post-thumbnail","6":"product_cat-lits-et-cages","7":"product_cat-lits-et-cages-chien","9":"first","10":"instock","11":"taxable","12":"shipping-taxable","13":"purchasable","14":"product-type-simple"},"supplier_id":22725,"supplier_sku":"201002","barcode":null,"atum_controlled":true,"out_stock_date":null,"out_stock_threshold":null,"inheritable":false,"inbound_stock":0,"stock_on_hold":0,"sold_today":0,"sales_last_days":0,"reserved_stock":0,"customer_returns":0,"warehouse_damage":0,"lost_in_post":0,"other_logs":0,"out_stock_days":0,"lost_sales":0,"has_location":false,"update_date":"2026-04-09T12:03:44","atum_locations":[],"atum_stock_status":"instock","restock_status":false,"low_stock_amount":5,"sales_update_date":"2026-04-09T12:03:44","calc_backorders":null,"jetpack_publicize_connections":[],"jetpack_sharing_enabled":true,"batches":[],"_links":{"self":[{"href":"https:\/\/petworld.ma\/index.php\/wp-json\/wp\/v2\/product\/35322","targetHints":{"allow":["GET"]}}],"collection":[{"href":"https:\/\/petworld.ma\/index.php\/wp-json\/wp\/v2\/product"}],"about":[{"href":"https:\/\/petworld.ma\/index.php\/wp-json\/wp\/v2\/types\/product"}],"wp:featuredmedia":[{"embeddable":true,"href":"https:\/\/petworld.ma\/index.php\/wp-json\/wp\/v2\/media\/35323"}],"wp:attachment":[{"href":"https:\/\/petworld.ma\/index.php\/wp-json\/wp\/v2\/media?parent=35322"}],"wp:term":[{"taxonomy":"product_brand","embeddable":true,"href":"https:\/\/petworld.ma\/index.php\/wp-json\/wp\/v2\/product_brand?post=35322"},{"taxonomy":"product_cat","embeddable":true,"href":"https:\/\/petworld.ma\/index.php\/wp-json\/wp\/v2\/product_cat?post=35322"},{"taxonomy":"product_tag","embeddable":true,"href":"https:\/\/petworld.ma\/index.php\/wp-json\/wp\/v2\/product_tag?post=35322"}],"curies":[{"name":"wp","href":"https:\/\/api.w.org\/{rel}","templated":true}]}}