{"id":35327,"date":"2026-02-08T15:06:59","date_gmt":"2026-02-08T15:06:59","guid":{"rendered":"https:\/\/petworld.ma\/?post_type=product&#038;p=35327"},"modified":"2026-03-07T12:00:46","modified_gmt":"2026-03-07T12:00:46","slug":"set-de-table-georplast-beta-food-gris-pour-chat-et-chien-georplast-45x35-cm","status":"publish","type":"product","link":"https:\/\/petworld.ma\/index.php\/produit\/set-de-table-georplast-beta-food-gris-pour-chat-et-chien-georplast-45x35-cm\/","title":{"rendered":"Set de table Georplast Beta Food gris Pour Chat Et Chien Georplast 45\u00d735 cm"},"content":{"rendered":"<p><span dir=\"auto\">Plat d&rsquo;alimentation \u00e0 motif empreintes de pattes et d&rsquo;os, id\u00e9al pour les animaux un peu turbulents qui ont tendance \u00e0 renverser leur nourriture et leur boisson. Prot\u00e8ge vos sols tout en apportant une touche de modernit\u00e9 \u00e0 votre int\u00e9rieur. Le motif empreintes de pattes et d&rsquo;os en relief est brillant, tandis que le tapis pr\u00e9sente une finition mate. Compatible avec les gamelles antid\u00e9rapantes. Con\u00e7u avec soin et fabriqu\u00e9 en plastique 100 % sans BPA et sans danger pour les animaux, ce tapis peut \u00eatre utilis\u00e9 aussi bien \u00e0 l&rsquo;int\u00e9rieur qu&rsquo;\u00e0 l&rsquo;ext\u00e9rieur.<\/span><\/p>\n<p><span dir=\"auto\">Dimensions : 45 x 35 cm<\/span><\/p>\n","protected":false},"excerpt":{"rendered":"<p>Plat d&rsquo;alimentation \u00e0 motif empreintes de pattes et d&rsquo;os, id\u00e9al pour les animaux un peu turbulents qui ont tendance \u00e0 renverser leur nourriture et leur boisson. Prot\u00e8ge vos sols tout en apportant une touche de modernit\u00e9 \u00e0 votre int\u00e9rieur. Le motif empreintes de pattes et d&rsquo;os en relief est brillant, tandis que le tapis pr\u00e9sente [&#8230;]\n","protected":false},"featured_media":35329,"template":"","meta":{"jetpack_publicize_message":"","jetpack_publicize_feature_enabled":true,"jetpack_social_post_already_shared":true,"jetpack_social_options":{"image_generator_settings":{"template":"highway","default_image_id":0,"font":"","enabled":false},"version":2}},"product_brand":[],"product_cat":[133,134],"product_tag":[],"class_list":{"0":"post-35327","1":"product","2":"type-product","3":"status-publish","4":"has-post-thumbnail","6":"product_cat-gamelle","7":"product_cat-gamelles","9":"first","10":"instock","11":"taxable","12":"shipping-taxable","13":"purchasable","14":"product-type-simple"},"supplier_id":22725,"supplier_sku":"101869","barcode":null,"atum_controlled":true,"out_stock_date":null,"out_stock_threshold":null,"inheritable":false,"inbound_stock":0,"stock_on_hold":0,"sold_today":0,"sales_last_days":0,"reserved_stock":0,"customer_returns":0,"warehouse_damage":0,"lost_in_post":0,"other_logs":0,"out_stock_days":0,"lost_sales":0,"has_location":false,"update_date":"2026-04-03T10:34:18","atum_locations":[],"atum_stock_status":"instock","restock_status":false,"low_stock_amount":6,"sales_update_date":"2026-04-03T10:34:18","calc_backorders":null,"jetpack_publicize_connections":[],"jetpack_sharing_enabled":true,"batches":[],"_links":{"self":[{"href":"https:\/\/petworld.ma\/index.php\/wp-json\/wp\/v2\/product\/35327","targetHints":{"allow":["GET"]}}],"collection":[{"href":"https:\/\/petworld.ma\/index.php\/wp-json\/wp\/v2\/product"}],"about":[{"href":"https:\/\/petworld.ma\/index.php\/wp-json\/wp\/v2\/types\/product"}],"wp:featuredmedia":[{"embeddable":true,"href":"https:\/\/petworld.ma\/index.php\/wp-json\/wp\/v2\/media\/35329"}],"wp:attachment":[{"href":"https:\/\/petworld.ma\/index.php\/wp-json\/wp\/v2\/media?parent=35327"}],"wp:term":[{"taxonomy":"product_brand","embeddable":true,"href":"https:\/\/petworld.ma\/index.php\/wp-json\/wp\/v2\/product_brand?post=35327"},{"taxonomy":"product_cat","embeddable":true,"href":"https:\/\/petworld.ma\/index.php\/wp-json\/wp\/v2\/product_cat?post=35327"},{"taxonomy":"product_tag","embeddable":true,"href":"https:\/\/petworld.ma\/index.php\/wp-json\/wp\/v2\/product_tag?post=35327"}],"curies":[{"name":"wp","href":"https:\/\/api.w.org\/{rel}","templated":true}]}}