{"id":35345,"date":"2026-02-08T18:25:34","date_gmt":"2026-02-08T18:25:34","guid":{"rendered":"https:\/\/petworld.ma\/?post_type=product&#038;p=35345"},"modified":"2026-03-23T12:34:41","modified_gmt":"2026-03-23T12:34:41","slug":"linge-en-microfibre-leopet-40-x-60-cm","status":"publish","type":"product","link":"https:\/\/petworld.ma\/index.php\/produit\/linge-en-microfibre-leopet-40-x-60-cm\/","title":{"rendered":"Serviette en microfibre Leopet \u2013 40 x 60 cm"},"content":{"rendered":"<div class=\"mb-2\">\n<p data-start=\"128\" data-end=\"171\"><strong data-start=\"128\" data-end=\"171\">Linge en microfibre Leopet \u2013 40 x 60 cm<\/strong><\/p>\n<p data-start=\"173\" data-end=\"504\">Le linge en microfibre <strong data-start=\"196\" data-end=\"206\">Leopet<\/strong> est un accessoire pratique et polyvalent, id\u00e9al pour le soin et le confort des animaux de compagnie. Con\u00e7u en microfibre de haute qualit\u00e9, il offre une <strong data-start=\"359\" data-end=\"395\">excellente capacit\u00e9 d\u2019absorption<\/strong>, permettant de s\u00e9cher efficacement votre animal apr\u00e8s le bain, une promenade sous la pluie ou un toilettage.<\/p>\n<p data-start=\"506\" data-end=\"787\">Sa texture douce respecte la peau et le pelage, tout en aidant \u00e0 \u00e9liminer l\u2019humidit\u00e9 et les impuret\u00e9s. Les <strong data-start=\"613\" data-end=\"645\">bandes de maintien int\u00e9gr\u00e9es<\/strong> facilitent la prise en main et assurent une utilisation stable et confortable. L\u00e9ger et r\u00e9sistant, il est facile \u00e0 laver et s\u00e8che rapidement.<\/p>\n<p data-start=\"789\" data-end=\"811\"><strong data-start=\"789\" data-end=\"811\">Caract\u00e9ristiques :<\/strong><\/p>\n<ul data-start=\"812\" data-end=\"1018\">\n<li data-start=\"812\" data-end=\"833\">\n<p data-start=\"814\" data-end=\"833\">Marque : <strong data-start=\"823\" data-end=\"833\">Leopet<\/strong><\/p>\n<\/li>\n<li data-start=\"834\" data-end=\"863\">\n<p data-start=\"836\" data-end=\"863\">Dimensions : <strong data-start=\"849\" data-end=\"863\">40 x 60 cm<\/strong><\/p>\n<\/li>\n<li data-start=\"864\" data-end=\"907\">\n<p data-start=\"866\" data-end=\"907\">Mati\u00e8re : <strong data-start=\"876\" data-end=\"907\">Microfibre ultra-absorbante<\/strong><\/p>\n<\/li>\n<li data-start=\"908\" data-end=\"924\">\n<p data-start=\"910\" data-end=\"924\">Couleur : Bleu<\/p>\n<\/li>\n<li data-start=\"925\" data-end=\"985\">\n<p data-start=\"927\" data-end=\"985\">Utilisation : s\u00e9chage, toilettage, protection des surfaces<\/p>\n<\/li>\n<li data-start=\"986\" data-end=\"1018\">\n<p data-start=\"988\" data-end=\"1018\">Entretien : lavable en machine<\/p>\n<\/li>\n<\/ul>\n<p data-start=\"1020\" data-end=\"1126\" data-is-last-node=\"\" data-is-only-node=\"\">Un indispensable pour garder votre chien ou votre chat propre et au sec, \u00e0 la maison comme en d\u00e9placement.<\/p>\n<\/div>\n","protected":false},"excerpt":{"rendered":"<p><strong data-start=\"128\" data-end=\"171\">Linge en microfibre Leopet \u2013 40 x 60 cm<\/strong><\/p>\n","protected":false},"featured_media":35347,"template":"","meta":{"jetpack_publicize_message":"","jetpack_publicize_feature_enabled":true,"jetpack_social_post_already_shared":true,"jetpack_social_options":{"image_generator_settings":{"template":"highway","default_image_id":0,"font":"","enabled":false},"version":2}},"product_brand":[],"product_cat":[225,224],"product_tag":[],"class_list":{"0":"post-35345","1":"product","2":"type-product","3":"status-publish","4":"has-post-thumbnail","6":"product_cat-lingettes-serviettes-hygiene-et-soins-pour-chat","7":"product_cat-lingettes-serviettes","9":"first","10":"instock","11":"taxable","12":"shipping-taxable","13":"purchasable","14":"product-type-simple"},"supplier_id":5588,"supplier_sku":"D311165","barcode":null,"atum_controlled":true,"out_stock_date":null,"out_stock_threshold":null,"inheritable":false,"inbound_stock":0,"stock_on_hold":0,"sold_today":0,"sales_last_days":0,"reserved_stock":0,"customer_returns":0,"warehouse_damage":0,"lost_in_post":0,"other_logs":0,"out_stock_days":0,"lost_sales":0,"has_location":false,"update_date":"2026-05-12T11:34:07","atum_locations":[],"atum_stock_status":"instock","restock_status":false,"low_stock_amount":5,"sales_update_date":"2026-05-12T11:34:07","calc_backorders":null,"jetpack_publicize_connections":[],"jetpack_sharing_enabled":true,"batches":[],"_links":{"self":[{"href":"https:\/\/petworld.ma\/index.php\/wp-json\/wp\/v2\/product\/35345","targetHints":{"allow":["GET"]}}],"collection":[{"href":"https:\/\/petworld.ma\/index.php\/wp-json\/wp\/v2\/product"}],"about":[{"href":"https:\/\/petworld.ma\/index.php\/wp-json\/wp\/v2\/types\/product"}],"wp:featuredmedia":[{"embeddable":true,"href":"https:\/\/petworld.ma\/index.php\/wp-json\/wp\/v2\/media\/35347"}],"wp:attachment":[{"href":"https:\/\/petworld.ma\/index.php\/wp-json\/wp\/v2\/media?parent=35345"}],"wp:term":[{"taxonomy":"product_brand","embeddable":true,"href":"https:\/\/petworld.ma\/index.php\/wp-json\/wp\/v2\/product_brand?post=35345"},{"taxonomy":"product_cat","embeddable":true,"href":"https:\/\/petworld.ma\/index.php\/wp-json\/wp\/v2\/product_cat?post=35345"},{"taxonomy":"product_tag","embeddable":true,"href":"https:\/\/petworld.ma\/index.php\/wp-json\/wp\/v2\/product_tag?post=35345"}],"curies":[{"name":"wp","href":"https:\/\/api.w.org\/{rel}","templated":true}]}}