{"id":35354,"date":"2026-02-08T19:00:17","date_gmt":"2026-02-08T19:00:17","guid":{"rendered":"https:\/\/petworld.ma\/?post_type=product&#038;p=35354"},"modified":"2026-02-11T08:13:58","modified_gmt":"2026-02-11T08:13:58","slug":"brosse-en-silicone-avec-distributeur-porte-savon-leopet","status":"publish","type":"product","link":"https:\/\/petworld.ma\/index.php\/produit\/brosse-en-silicone-avec-distributeur-porte-savon-leopet\/","title":{"rendered":"Brosse en silicone avec distributeur porte-savon Leopet"},"content":{"rendered":"<div class=\"mb-2\">\n<p data-start=\"78\" data-end=\"138\"><strong data-start=\"78\" data-end=\"138\">Brosse Splendy en silicone avec distributeur porte-savon<\/strong><\/p>\n<p data-start=\"140\" data-end=\"432\">La <strong data-start=\"143\" data-end=\"161\">brosse Splendy<\/strong> est un accessoire pratique et innovant, id\u00e9al pour le <strong data-start=\"216\" data-end=\"268\">toilettage et le lavage des animaux de compagnie<\/strong>. Fabriqu\u00e9e en <strong data-start=\"283\" data-end=\"315\">silicone souple et r\u00e9sistant<\/strong>, elle nettoie efficacement tout en respectant la peau et le pelage gr\u00e2ce \u00e0 ses picots doux qui massent d\u00e9licatement.<\/p>\n<p data-start=\"434\" data-end=\"688\">\u00c9quip\u00e9e d\u2019un <strong data-start=\"447\" data-end=\"483\">distributeur porte-savon int\u00e9gr\u00e9<\/strong>, elle permet de diffuser le shampooing directement pendant le brossage, assurant un lavage uniforme et \u00e9conomique. Sa prise en main ergonomique facilite l\u2019utilisation, m\u00eame lorsque la brosse est mouill\u00e9e.<\/p>\n<p data-start=\"690\" data-end=\"833\">Facile \u00e0 nettoyer et hygi\u00e9nique, la brosse Splendy convient aussi bien aux chiens qu\u2019aux chats, pour un moment de soin confortable et agr\u00e9able.<\/p>\n<p data-start=\"835\" data-end=\"857\"><strong data-start=\"835\" data-end=\"857\">Caract\u00e9ristiques :<\/strong><\/p>\n<ul data-start=\"858\" data-end=\"1090\">\n<li data-start=\"858\" data-end=\"888\">\n<p data-start=\"860\" data-end=\"888\">Produit : <strong data-start=\"870\" data-end=\"888\">Brosse Splendy<\/strong><\/p>\n<\/li>\n<li data-start=\"889\" data-end=\"920\">\n<p data-start=\"891\" data-end=\"920\">Mati\u00e8re : <strong data-start=\"901\" data-end=\"920\">silicone souple<\/strong><\/p>\n<\/li>\n<li data-start=\"921\" data-end=\"961\">\n<p data-start=\"923\" data-end=\"961\">Fonction : brossage, massage et lavage<\/p>\n<\/li>\n<li data-start=\"962\" data-end=\"1014\">\n<p data-start=\"964\" data-end=\"1014\">Sp\u00e9cificit\u00e9 : <strong data-start=\"978\" data-end=\"1014\">distributeur porte-savon int\u00e9gr\u00e9<\/strong><\/p>\n<\/li>\n<li data-start=\"1015\" data-end=\"1048\">\n<p data-start=\"1017\" data-end=\"1048\">Convient pour : chiens et chats<\/p>\n<\/li>\n<li data-start=\"1049\" data-end=\"1090\">\n<p data-start=\"1051\" data-end=\"1090\">Entretien : facile \u00e0 rincer et \u00e0 s\u00e9cher<\/p>\n<\/li>\n<\/ul>\n<p data-start=\"1092\" data-end=\"1191\" data-is-last-node=\"\" data-is-only-node=\"\">Un accessoire 2-en-1 indispensable pour simplifier le bain et am\u00e9liorer le confort de votre animal.<\/p>\n<\/div>\n","protected":false},"excerpt":{"rendered":"<p><strong data-start=\"78\" data-end=\"138\">Brosse Splendy en silicone avec distributeur porte-savon<\/strong><\/p>\n","protected":false},"featured_media":35357,"template":"","meta":{"jetpack_publicize_message":"","jetpack_publicize_feature_enabled":true,"jetpack_social_post_already_shared":true,"jetpack_social_options":{"image_generator_settings":{"template":"highway","default_image_id":0,"font":"","enabled":false},"version":2}},"product_brand":[],"product_cat":[222,223],"product_tag":[],"class_list":{"0":"post-35354","1":"product","2":"type-product","3":"status-publish","4":"has-post-thumbnail","6":"product_cat-brosses-coupe-griffes","7":"product_cat-brosses-coupe-griffes-hygiene-et-soins","9":"first","10":"instock","11":"taxable","12":"shipping-taxable","13":"purchasable","14":"product-type-simple"},"supplier_id":5588,"supplier_sku":"IC620374","barcode":null,"atum_controlled":true,"out_stock_date":null,"out_stock_threshold":null,"inheritable":false,"inbound_stock":0,"stock_on_hold":0,"sold_today":0,"sales_last_days":0,"reserved_stock":0,"customer_returns":0,"warehouse_damage":0,"lost_in_post":0,"other_logs":0,"out_stock_days":0,"lost_sales":0,"has_location":false,"update_date":"2026-05-12T00:23:33","atum_locations":[],"atum_stock_status":"instock","restock_status":false,"low_stock_amount":10,"sales_update_date":"2026-05-12T00:23:33","calc_backorders":null,"jetpack_publicize_connections":[],"jetpack_sharing_enabled":true,"batches":[],"_links":{"self":[{"href":"https:\/\/petworld.ma\/index.php\/wp-json\/wp\/v2\/product\/35354","targetHints":{"allow":["GET"]}}],"collection":[{"href":"https:\/\/petworld.ma\/index.php\/wp-json\/wp\/v2\/product"}],"about":[{"href":"https:\/\/petworld.ma\/index.php\/wp-json\/wp\/v2\/types\/product"}],"wp:featuredmedia":[{"embeddable":true,"href":"https:\/\/petworld.ma\/index.php\/wp-json\/wp\/v2\/media\/35357"}],"wp:attachment":[{"href":"https:\/\/petworld.ma\/index.php\/wp-json\/wp\/v2\/media?parent=35354"}],"wp:term":[{"taxonomy":"product_brand","embeddable":true,"href":"https:\/\/petworld.ma\/index.php\/wp-json\/wp\/v2\/product_brand?post=35354"},{"taxonomy":"product_cat","embeddable":true,"href":"https:\/\/petworld.ma\/index.php\/wp-json\/wp\/v2\/product_cat?post=35354"},{"taxonomy":"product_tag","embeddable":true,"href":"https:\/\/petworld.ma\/index.php\/wp-json\/wp\/v2\/product_tag?post=35354"}],"curies":[{"name":"wp","href":"https:\/\/api.w.org\/{rel}","templated":true}]}}