{"id":3537,"date":"2023-08-02T22:36:27","date_gmt":"2023-08-02T22:36:27","guid":{"rendered":"https:\/\/petworld.ma\/?post_type=product&#038;p=3537"},"modified":"2026-04-25T08:52:31","modified_gmt":"2026-04-25T08:52:31","slug":"mera-dog-exclusive-classic-15kg","status":"publish","type":"product","link":"https:\/\/petworld.ma\/index.php\/produit\/mera-dog-exclusive-classic-15kg\/","title":{"rendered":"Mera Dog Exclusive Classic 15kg"},"content":{"rendered":"<div class=\"elementor-element elementor-element-706fcd6 elementor-widget elementor-widget-woocommerce-product-content\" data-id=\"706fcd6\" data-element_type=\"widget\" data-widget_type=\"woocommerce-product-content.default\">\n<div class=\"elementor-widget-container\">\n<div class=\"elementor-element elementor-element-706fcd6 elementor-widget elementor-widget-woocommerce-product-content\" data-id=\"706fcd6\" data-element_type=\"widget\" data-widget_type=\"woocommerce-product-content.default\">\n<div class=\"elementor-widget-container\">\n<ul>\n<li>\u00a0Aliment complet pour chiens adultes.<\/li>\n<li>Qualit\u00e9 premium au meilleur prix<\/li>\n<li>Id\u00e9al pour une activit\u00e9 normale<\/li>\n<li>Seulement 9% de mati\u00e8res grasses<\/li>\n<\/ul>\n<\/div>\n<\/div>\n<div class=\"elementor-element elementor-element-a39b7f2 elementor-widget elementor-widget-woocommerce-product-short-description\" data-id=\"a39b7f2\" data-element_type=\"widget\" data-widget_type=\"woocommerce-product-short-description.default\">\n<div class=\"elementor-widget-container\">\n<div class=\"woocommerce-product-details__short-description\">\n<div class=\"info-banner--text\">\n<p>MERA EXKLUSIV a \u00e9t\u00e9 d\u00e9velopp\u00e9 exclusivement pour les utilisateurs professionnels et, avec sa gamme attrayante et diff\u00e9renci\u00e9e, offre l\u2019alimentation adapt\u00e9e aux besoins individuels de votre animal.\u00a0Nos concepts nutritionnels riches sont adapt\u00e9s aux esp\u00e8ces et fournissent aux amis \u00e0 quatre pattes exactement les nutriments dont ils ont besoin dans chaque situation et \u00e0 chaque niveau d\u2019activit\u00e9.<\/p>\n<p><strong>Constituants analytiques :<\/strong>\u00a0prot\u00e9ines 21%, teneur en mati\u00e8res herbes 9%, fibres alimentaires brutes 2,5%, cendres brutes 7%, calcium 1,3%, phosphore 0,8%, sodium 0,4%.<\/p>\n<p><strong>Additifs par kg : additifs nutritionnels physiologiques :<\/strong>\u00a0Vitamine A 12.000IE, vitamine D3 1.200IE, vitamine E 100mg, cuivre (sulfate de cuivre (II), pentahydrat\u00e9) 12,5mg, zinc (sulfate de zinc, monohydrat\u00e9) 100mg, zinc (ch\u00e9late de zinc de glycine hydrat\u00e9 (solide)) 60mg, fer (sulfate de fer (II), monohydrat\u00e9) 250mg, mangan\u00e8se (sulfate de mangan\u00e8se (II), monohydrat\u00e9) 35mg, iode (iodate de calcium, anhydre) 2,0mg, s\u00e9l\u00e9nium (s\u00e9l\u00e9nite de sodium) 0,33mg.<\/p>\n<p><strong>Additifs technologiques :<\/strong>\u00a0antioxydants.<\/p>\n<p>&nbsp;<\/p>\n<\/div>\n<\/div>\n<\/div>\n<\/div>\n<\/div>\n<\/div>\n","protected":false},"excerpt":{"rendered":"<p>Fabriqu\u00e9 en Allemagne<\/p>\n","protected":false},"featured_media":3538,"template":"","meta":{"jetpack_publicize_message":"","jetpack_publicize_feature_enabled":true,"jetpack_social_post_already_shared":false,"jetpack_social_options":{"image_generator_settings":{"template":"highway","default_image_id":0,"font":"","enabled":false},"version":2}},"product_brand":[],"product_cat":[26],"product_tag":[],"class_list":{"0":"post-3537","1":"product","2":"type-product","3":"status-publish","4":"has-post-thumbnail","6":"product_cat-croquettes","8":"first","9":"instock","10":"taxable","11":"shipping-taxable","12":"purchasable","13":"product-type-simple"},"supplier_id":5588,"supplier_sku":"071655","barcode":null,"atum_controlled":true,"out_stock_date":null,"out_stock_threshold":null,"inheritable":false,"inbound_stock":0,"stock_on_hold":0,"sold_today":0,"sales_last_days":1,"reserved_stock":0,"customer_returns":0,"warehouse_damage":0,"lost_in_post":0,"other_logs":0,"out_stock_days":0,"lost_sales":0,"has_location":false,"update_date":"2026-04-25T11:58:17","atum_locations":[],"atum_stock_status":"instock","restock_status":false,"low_stock_amount":5,"sales_update_date":"2026-04-25T11:58:16","calc_backorders":0,"jetpack_publicize_connections":[],"jetpack_sharing_enabled":true,"batches":[{"id":"495","date_created":"2024-10-03 10:52:54","date_expiry":"2026-07-09 00:00:00","user_id":"50","batch_number":"MERAExcluClassicD090726","location":"","quantity":"12.0000","quantity_available":"0.0000","units":"1","status":"archived","order_ids":"[14430,15040,16125,16321,17046,17195,17284]","supplier":"mera","po":{"id":"478","date_created":"2024-10-03 10:52:54","batch_id":"495","po_number":"","supplier":"mera","cost":null,"regular_price":null,"sale_price":null,"price_margin":null,"price_discount":null}},{"id":"496","date_created":"2024-10-03 10:52:54","date_expiry":"2026-05-05 00:00:00","user_id":"50","batch_number":"MERAExcluClassicD050526","location":"","quantity":"1.0000","quantity_available":"0.0000","units":"1","status":"archived","order_ids":"[13297]","supplier":"mera","po":{"id":"479","date_created":"2024-10-03 10:52:55","batch_id":"496","po_number":"","supplier":"mera","cost":null,"regular_price":null,"sale_price":null,"price_margin":null,"price_discount":null}},{"id":"1302","date_created":"2024-12-19 21:33:36","date_expiry":"2026-10-04 00:00:00","user_id":"50","batch_number":"MERAExcluClassic041026","location":"","quantity":"2.0000","quantity_available":"0.0000","units":"1","status":"archived","order_ids":"[17822,17881]","supplier":"MERA","po":{"id":"1275","date_created":"2024-12-19 21:33:39","batch_id":"1302","po_number":"","supplier":"MERA","cost":null,"regular_price":null,"sale_price":null,"price_margin":null,"price_discount":null}},{"id":"1840","date_created":"2025-02-01 17:37:55","date_expiry":"2026-08-23 00:00:00","user_id":"50","batch_number":"MERAExcluClassic230826","location":"","quantity":"1.0000","quantity_available":"0.0000","units":"1","status":"archived","order_ids":"[17773]","supplier":"mera","po":{"id":"1814","date_created":"2025-02-01 17:37:58","batch_id":"1840","po_number":"","supplier":"mera","cost":null,"regular_price":null,"sale_price":null,"price_margin":null,"price_discount":null}},{"id":"1968","date_created":"2025-02-12 18:09:58","date_expiry":"2026-08-23 00:00:00","user_id":"50","batch_number":"MERAExcluClassic230826","location":"","quantity":"3.0000","quantity_available":"0.0000","units":"1","status":"archived","order_ids":"[19572,19759]","supplier":"mera","po":{"id":"1940","date_created":"2025-02-12 18:10:01","batch_id":"1968","po_number":"","supplier":"mera","cost":null,"regular_price":null,"sale_price":null,"price_margin":null,"price_discount":null}},{"id":"1969","date_created":"2025-02-12 18:11:49","date_expiry":"2026-07-09 00:00:00","user_id":"50","batch_number":"MERAExcluClassic090726","location":"","quantity":"1.0000","quantity_available":"0.0000","units":"1","status":"archived","order_ids":"[19054,33074]","supplier":"mera","po":{"id":"1941","date_created":"2025-02-12 18:11:52","batch_id":"1969","po_number":"","supplier":"mera","cost":null,"regular_price":null,"sale_price":null,"price_margin":null,"price_discount":null}},{"id":"2109","date_created":"2025-02-21 16:21:31","date_expiry":"2026-08-23 00:00:00","user_id":"50","batch_number":"MERAExcluClassic230826","location":"","quantity":"1.0000","quantity_available":"0.0000","units":"1","status":"archived","order_ids":"[19170]","supplier":"mera","po":{"id":"2079","date_created":"2025-02-21 16:21:35","batch_id":"2109","po_number":"","supplier":"mera","cost":null,"regular_price":null,"sale_price":null,"price_margin":null,"price_discount":null}},{"id":"2436","date_created":"2025-03-22 09:32:33","date_expiry":"2026-11-29 00:00:00","user_id":"50","batch_number":"MERAExcluClassic291126","location":"","quantity":"2.0000","quantity_available":"0.0000","units":"1","status":"archived","order_ids":"[19759,20151]","supplier":"mera","po":{"id":"2405","date_created":"2025-03-22 09:32:36","batch_id":"2436","po_number":"","supplier":"mera","cost":null,"regular_price":null,"sale_price":null,"price_margin":null,"price_discount":null}},{"id":"2709","date_created":"2025-04-05 00:07:47","date_expiry":"2026-11-29 00:00:00","user_id":"50","batch_number":"MERAExcluClassic291126","location":"","quantity":"4.0000","quantity_available":"0.0000","units":"1","status":"archived","order_ids":"[20399,22890,23382,23826]","supplier":"mera","po":{"id":"2678","date_created":"2025-04-05 00:07:54","batch_id":"2709","po_number":"","supplier":"mera","cost":null,"regular_price":null,"sale_price":null,"price_margin":null,"price_discount":null}},{"id":"2932","date_created":"2025-04-10 23:16:10","date_expiry":"2026-11-29 00:00:00","user_id":"50","batch_number":"MERAExcluClassic291126","location":"","quantity":"2.0000","quantity_available":"0.0000","units":"1","status":"archived","order_ids":"[20875,21559]","supplier":"mera","po":{"id":"2900","date_created":"2025-04-10 23:16:17","batch_id":"2932","po_number":"","supplier":"mera","cost":null,"regular_price":null,"sale_price":null,"price_margin":null,"price_discount":null}},{"id":"3181","date_created":"2025-04-25 19:44:22","date_expiry":"2026-11-29 00:00:00","user_id":"50","batch_number":"MERAExcluClassic291126","location":"","quantity":"1.0000","quantity_available":"0.0000","units":"1","status":"archived","order_ids":"[21559]","supplier":"MERA ","po":{"id":"3149","date_created":"2025-04-25 19:44:23","batch_id":"3181","po_number":"","supplier":"MERA ","cost":null,"regular_price":null,"sale_price":null,"price_margin":null,"price_discount":null}},{"id":"3516","date_created":"2025-05-19 20:51:10","date_expiry":"2026-11-29 00:00:00","user_id":"50","batch_number":"MERAExcluClassic291126","location":"","quantity":"2.0000","quantity_available":"0.0000","units":"1","status":"archived","order_ids":"[22443,22890]","supplier":"mera","po":{"id":"3483","date_created":"2025-05-19 20:51:11","batch_id":"3516","po_number":"","supplier":"mera","cost":null,"regular_price":null,"sale_price":null,"price_margin":null,"price_discount":null}},{"id":"3703","date_created":"2025-06-01 17:57:11","date_expiry":"2026-11-29 00:00:00","user_id":"50","batch_number":"MERAExcluClassic291126","location":"","quantity":"1.0000","quantity_available":"0.0000","units":"1","status":"archived","order_ids":"[22890]","supplier":"mera","po":{"id":"3669","date_created":"2025-06-01 17:57:12","batch_id":"3703","po_number":"","supplier":"mera","cost":null,"regular_price":null,"sale_price":null,"price_margin":null,"price_discount":null}},{"id":"4056","date_created":"2025-06-18 21:35:46","date_expiry":"2026-11-29 00:00:00","user_id":"50","batch_number":"MERAExcluClassic291126","location":"","quantity":"2.0000","quantity_available":"0.0000","units":"1","status":"archived","order_ids":"[24142,24758]","supplier":"mera","po":{"id":"4020","date_created":"2025-06-18 21:35:46","batch_id":"4056","po_number":"","supplier":"mera","cost":null,"regular_price":null,"sale_price":null,"price_margin":null,"price_discount":null}},{"id":"4078","date_created":"2025-06-24 13:17:43","date_expiry":"2026-11-29 00:00:00","user_id":"50","batch_number":"MERAExcluClassic291126","location":"","quantity":"2.0000","quantity_available":"0.0000","units":"1","status":"archived","order_ids":"[25267,25692]","supplier":"mera","po":{"id":"4042","date_created":"2025-06-24 13:17:43","batch_id":"4078","po_number":"","supplier":"mera","cost":null,"regular_price":null,"sale_price":null,"price_margin":null,"price_discount":null}},{"id":"4263","date_created":"2025-07-06 15:54:47","date_expiry":"2026-11-29 00:00:00","user_id":"50","batch_number":"MERAExcluClassic291126","location":"","quantity":"1.0000","quantity_available":"0.0000","units":"1","status":"archived","order_ids":"[24758]","supplier":"mera","po":{"id":"4226","date_created":"2025-07-06 15:54:47","batch_id":"4263","po_number":"","supplier":"mera","cost":null,"regular_price":null,"sale_price":null,"price_margin":null,"price_discount":null}},{"id":"4385","date_created":"2025-07-14 21:21:00","date_expiry":"2026-11-29 00:00:00","user_id":"50","batch_number":"MERAExcluClassic291126","location":"","quantity":"1.0000","quantity_available":"0.0000","units":"1","status":"archived","order_ids":"[24758]","supplier":"mera","po":{"id":"4349","date_created":"2025-07-14 21:21:01","batch_id":"4385","po_number":"","supplier":"mera","cost":null,"regular_price":null,"sale_price":null,"price_margin":null,"price_discount":null}},{"id":"4537","date_created":"2025-07-21 20:32:45","date_expiry":"2027-02-07 00:00:00","user_id":"50","batch_number":"MERAExcluClassic070227","location":"","quantity":"3.0000","quantity_available":"0.0000","units":"1","status":"archived","order_ids":"[26899]","supplier":"mera","po":{"id":"4501","date_created":"2025-07-21 20:32:45","batch_id":"4537","po_number":"","supplier":"mera","cost":null,"regular_price":null,"sale_price":null,"price_margin":null,"price_discount":null}},{"id":"4855","date_created":"2025-08-10 17:01:36","date_expiry":"2027-02-07 00:00:00","user_id":"50","batch_number":"MERAExcluClassic070227","location":"","quantity":"1.0000","quantity_available":"0.0000","units":"1","status":"archived","order_ids":"[26240]","supplier":"mera","po":{"id":"4819","date_created":"2025-08-10 17:01:36","batch_id":"4855","po_number":"","supplier":"mera","cost":null,"regular_price":null,"sale_price":null,"price_margin":null,"price_discount":null}},{"id":"5000","date_created":"2025-08-26 22:25:33","date_expiry":"2027-02-07 00:00:00","user_id":"50","batch_number":"MERAExcluClassic070227","location":"","quantity":"1.0000","quantity_available":"0.0000","units":"1","status":"archived","order_ids":"[26346]","supplier":"mera","po":{"id":"4964","date_created":"2025-08-26 22:25:33","batch_id":"5000","po_number":"","supplier":"mera","cost":null,"regular_price":null,"sale_price":null,"price_margin":null,"price_discount":null}},{"id":"5201","date_created":"2025-09-08 08:49:42","date_expiry":"2027-02-07 00:00:00","user_id":"50","batch_number":"MERAExcluClassic070227","location":"","quantity":"2.0000","quantity_available":"0.0000","units":"1","status":"archived","order_ids":"[26899]","supplier":"mera","po":{"id":"5158","date_created":"2025-09-08 08:49:43","batch_id":"5201","po_number":"","supplier":"mera","cost":null,"regular_price":null,"sale_price":null,"price_margin":null,"price_discount":null}},{"id":"5307","date_created":"2025-09-15 20:49:57","date_expiry":"2027-05-03 00:00:00","user_id":"50","batch_number":"MERAExcluClassic030527","location":"","quantity":"5.0000","quantity_available":"0.0000","units":"1","status":"archived","order_ids":"[28689,26930,29156,30825,31144]","supplier":"mera","po":{"id":"5264","date_created":"2025-09-15 20:49:59","batch_id":"5307","po_number":"","supplier":"mera","cost":null,"regular_price":null,"sale_price":null,"price_margin":null,"price_discount":null}},{"id":"5783","date_created":"2025-10-18 13:21:51","date_expiry":"2027-06-03 00:00:00","user_id":"50","batch_number":"MERAExcluClassic030627","location":"","quantity":"1.0000","quantity_available":"0.0000","units":"1","status":"archived","order_ids":"[31309]","supplier":"mera","po":{"id":"5733","date_created":"2025-10-18 13:21:51","batch_id":"5783","po_number":"","supplier":"mera","cost":null,"regular_price":null,"sale_price":null,"price_margin":null,"price_discount":null}},{"id":"5976","date_created":"2025-11-04 12:55:12","date_expiry":"2027-05-03 00:00:00","user_id":"50","batch_number":"MERAExcluClassic030527","location":"","quantity":"2.0000","quantity_available":"0.0000","units":"1","status":"archived","order_ids":"[31309]","supplier":"mera","po":{"id":"5919","date_created":"2025-11-04 12:55:13","batch_id":"5976","po_number":"","supplier":"mera","cost":null,"regular_price":null,"sale_price":null,"price_margin":null,"price_discount":null}},{"id":"6411","date_created":"2025-12-02 11:02:35","date_expiry":"2027-05-08 00:00:00","user_id":"50","batch_number":"MERAExcluClassic080527","location":"","quantity":"1.0000","quantity_available":"0.0000","units":"1","status":"archived","order_ids":"[31309]","supplier":"mera","po":{"id":"6357","date_created":"2025-12-02 11:02:35","batch_id":"6411","po_number":"","supplier":"mera","cost":null,"regular_price":null,"sale_price":null,"price_margin":null,"price_discount":null}},{"id":"6618","date_created":"2025-12-11 13:23:47","date_expiry":"2027-05-03 00:00:00","user_id":"50","batch_number":"MERAExcluClassic030527","location":"","quantity":"4.0000","quantity_available":"0.0000","units":"1","status":"archived","order_ids":"[31978,33074,33092]","supplier":"mera","po":{"id":"6563","date_created":"2025-12-11 13:23:47","batch_id":"6618","po_number":"","supplier":"mera","cost":null,"regular_price":null,"sale_price":null,"price_margin":null,"price_discount":null}},{"id":"6970","date_created":"2025-12-27 12:57:06","date_expiry":"2027-05-03 00:00:00","user_id":"50","batch_number":"MERAExcluClassic030527","location":"","quantity":"8.0000","quantity_available":"0.0000","units":"1","status":"archived","order_ids":"[33238,33842,34544,34895,34918,36829]","supplier":"mera","po":{"id":"6909","date_created":"2025-12-27 12:57:07","batch_id":"6970","po_number":"","supplier":"mera","cost":null,"regular_price":null,"sale_price":null,"price_margin":null,"price_discount":null}},{"id":"6980","date_created":"2025-12-28 11:29:15","date_expiry":"2027-08-08 00:00:00","user_id":"50","batch_number":"MERAExcluClassic080827","location":"","quantity":"1.0000","quantity_available":"0.0000","units":"1","status":"archived","order_ids":"[36829]","supplier":"mera","po":{"id":"6919","date_created":"2025-12-28 11:29:16","batch_id":"6980","po_number":"","supplier":"mera","cost":null,"regular_price":null,"sale_price":null,"price_margin":null,"price_discount":null}},{"id":"7706","date_created":"2026-02-14 14:09:23","date_expiry":"2027-08-08 00:00:00","user_id":"50","batch_number":"MERAExcluClassic080827","location":"","quantity":"2.0000","quantity_available":"0.0000","units":"1","status":"archived","order_ids":"[36829,38653]","supplier":"mera","po":{"id":"7641","date_created":"2026-02-14 14:09:24","batch_id":"7706","po_number":"","supplier":"mera","cost":null,"regular_price":null,"sale_price":null,"price_margin":null,"price_discount":null}},{"id":"8065","date_created":"2026-03-05 10:45:10","date_expiry":"2027-08-08 00:00:00","user_id":"50","batch_number":"MERAExcluClassic080827","location":"","quantity":"5.0000","quantity_available":"0.0000","units":"1","status":"archived","order_ids":"[38653,40675]","supplier":"mera","po":{"id":"8003","date_created":"2026-03-05 10:45:10","batch_id":"8065","po_number":"","supplier":"mera","cost":null,"regular_price":null,"sale_price":null,"price_margin":null,"price_discount":null}},{"id":"8818","date_created":"2026-04-15 10:22:56","date_expiry":"2028-02-15 00:00:00","user_id":"50","batch_number":"MERAExcluClassic150228","location":"","quantity":"2.0000","quantity_available":"2.0000","units":"1","status":"active","order_ids":null,"supplier":"mera","po":{"id":"8745","date_created":"2026-04-15 10:22:56","batch_id":"8818","po_number":"","supplier":"mera","cost":null,"regular_price":null,"sale_price":null,"price_margin":null,"price_discount":null}},{"id":"9078","date_created":"2026-04-25 08:52:30","date_expiry":"2027-06-03 00:00:00","user_id":"50","batch_number":"MERAExcluClassic030627","location":"","quantity":"2.0000","quantity_available":"2.0000","units":"1","status":"active","order_ids":null,"supplier":"mera","po":{"id":"9001","date_created":"2026-04-25 08:52:30","batch_id":"9078","po_number":"","supplier":"mera","cost":null,"regular_price":null,"sale_price":null,"price_margin":null,"price_discount":null}}],"_links":{"self":[{"href":"https:\/\/petworld.ma\/index.php\/wp-json\/wp\/v2\/product\/3537","targetHints":{"allow":["GET"]}}],"collection":[{"href":"https:\/\/petworld.ma\/index.php\/wp-json\/wp\/v2\/product"}],"about":[{"href":"https:\/\/petworld.ma\/index.php\/wp-json\/wp\/v2\/types\/product"}],"wp:featuredmedia":[{"embeddable":true,"href":"https:\/\/petworld.ma\/index.php\/wp-json\/wp\/v2\/media\/3538"}],"wp:attachment":[{"href":"https:\/\/petworld.ma\/index.php\/wp-json\/wp\/v2\/media?parent=3537"}],"wp:term":[{"taxonomy":"product_brand","embeddable":true,"href":"https:\/\/petworld.ma\/index.php\/wp-json\/wp\/v2\/product_brand?post=3537"},{"taxonomy":"product_cat","embeddable":true,"href":"https:\/\/petworld.ma\/index.php\/wp-json\/wp\/v2\/product_cat?post=3537"},{"taxonomy":"product_tag","embeddable":true,"href":"https:\/\/petworld.ma\/index.php\/wp-json\/wp\/v2\/product_tag?post=3537"}],"curies":[{"name":"wp","href":"https:\/\/api.w.org\/{rel}","templated":true}]}}