{"id":35437,"date":"2026-02-09T14:39:55","date_gmt":"2026-02-09T14:39:55","guid":{"rendered":"https:\/\/petworld.ma\/?post_type=product&#038;p=35437"},"modified":"2026-03-14T21:09:53","modified_gmt":"2026-03-14T21:09:53","slug":"brosses-a-dents-pour-animaux-leopet-lot-de-2","status":"publish","type":"product","link":"https:\/\/petworld.ma\/index.php\/produit\/brosses-a-dents-pour-animaux-leopet-lot-de-2\/","title":{"rendered":"Brosses \u00e0 Dents pour Animaux \u2013 Leopet (Lot de 2)"},"content":{"rendered":"<div class=\"mb-2\">\n<p data-start=\"66\" data-end=\"120\"><strong data-start=\"66\" data-end=\"118\">Brosses \u00e0 Dents pour Animaux \u2013 Leopet (Lot de 2)<\/strong><\/p>\n<p data-start=\"122\" data-end=\"296\">Prenez soin de l\u2019hygi\u00e8ne bucco-dentaire de votre compagnon avec les <strong data-start=\"190\" data-end=\"216\">brosses \u00e0 dents Leopet<\/strong>, sp\u00e9cialement con\u00e7ues pour le nettoyage efficace des dents des chiens et chats.<\/p>\n<p data-start=\"298\" data-end=\"613\">\u00c9quip\u00e9es de <strong data-start=\"310\" data-end=\"341\">poils souples et r\u00e9sistants<\/strong>, elles permettent d\u2019\u00e9liminer la plaque dentaire, de pr\u00e9venir le tartre et de r\u00e9duire la mauvaise haleine, tout en respectant les gencives sensibles. Leur <strong data-start=\"496\" data-end=\"533\">forme allong\u00e9e avec t\u00eate inclin\u00e9e<\/strong> facilite l\u2019acc\u00e8s aux zones difficiles, pour un brossage complet et confortable.<\/p>\n<\/div>\n","protected":false},"excerpt":{"rendered":"<p><strong data-start=\"66\" data-end=\"118\">Brosses \u00e0 Dents pour Animaux \u2013 Leopet (Lot de 2)<\/strong><\/p>\n","protected":false},"featured_media":35439,"template":"","meta":{"jetpack_publicize_message":"","jetpack_publicize_feature_enabled":true,"jetpack_social_post_already_shared":true,"jetpack_social_options":{"image_generator_settings":{"template":"highway","default_image_id":0,"font":"","enabled":false},"version":2}},"product_brand":[],"product_cat":[216,217],"product_tag":[],"class_list":{"0":"post-35437","1":"product","2":"type-product","3":"status-publish","4":"has-post-thumbnail","6":"product_cat-dentifrice-soin-buccal","7":"product_cat-dentifrice-soin-buccal-hygiene-et-soins","9":"first","10":"instock","11":"taxable","12":"shipping-taxable","13":"purchasable","14":"product-type-simple"},"supplier_id":5588,"supplier_sku":"IC622811","barcode":null,"atum_controlled":true,"out_stock_date":null,"out_stock_threshold":null,"inheritable":false,"inbound_stock":0,"stock_on_hold":0,"sold_today":0,"sales_last_days":0,"reserved_stock":0,"customer_returns":0,"warehouse_damage":0,"lost_in_post":0,"other_logs":0,"out_stock_days":0,"lost_sales":0,"has_location":false,"update_date":"2026-05-14T00:02:20","atum_locations":[],"atum_stock_status":"instock","restock_status":false,"low_stock_amount":5,"sales_update_date":"2026-05-14T00:02:20","calc_backorders":null,"jetpack_publicize_connections":[],"jetpack_sharing_enabled":true,"batches":[],"_links":{"self":[{"href":"https:\/\/petworld.ma\/index.php\/wp-json\/wp\/v2\/product\/35437","targetHints":{"allow":["GET"]}}],"collection":[{"href":"https:\/\/petworld.ma\/index.php\/wp-json\/wp\/v2\/product"}],"about":[{"href":"https:\/\/petworld.ma\/index.php\/wp-json\/wp\/v2\/types\/product"}],"wp:featuredmedia":[{"embeddable":true,"href":"https:\/\/petworld.ma\/index.php\/wp-json\/wp\/v2\/media\/35439"}],"wp:attachment":[{"href":"https:\/\/petworld.ma\/index.php\/wp-json\/wp\/v2\/media?parent=35437"}],"wp:term":[{"taxonomy":"product_brand","embeddable":true,"href":"https:\/\/petworld.ma\/index.php\/wp-json\/wp\/v2\/product_brand?post=35437"},{"taxonomy":"product_cat","embeddable":true,"href":"https:\/\/petworld.ma\/index.php\/wp-json\/wp\/v2\/product_cat?post=35437"},{"taxonomy":"product_tag","embeddable":true,"href":"https:\/\/petworld.ma\/index.php\/wp-json\/wp\/v2\/product_tag?post=35437"}],"curies":[{"name":"wp","href":"https:\/\/api.w.org\/{rel}","templated":true}]}}