{"id":35469,"date":"2026-02-09T18:09:39","date_gmt":"2026-02-09T18:09:39","guid":{"rendered":"https:\/\/petworld.ma\/?post_type=product&#038;p=35469"},"modified":"2026-04-03T16:44:26","modified_gmt":"2026-04-03T16:44:26","slug":"special-cat-mousse-boeuf-et-au-foie-400g","status":"publish","type":"product","link":"https:\/\/petworld.ma\/index.php\/produit\/special-cat-mousse-boeuf-et-au-foie-400g\/","title":{"rendered":"Special Cat Mousse B\u0153uf et Au Foie 400g"},"content":{"rendered":"<div class=\"field__item\">\n<div class=\"field__item\">\n<p>Mousse premium au b\u0153uf et au foie pour les chats.<br \/>\nDigeste et app\u00e9tissante, les chats en raffolent.<\/p>\n<ul>\n<li>Mousse au b\u0153uf et foie<\/li>\n<li>Formul\u00e9 pour les chats adultes<\/li>\n<li>Fait avec de la viande fra\u00eeche<\/li>\n<li>Enrichi en vitamines A, E et D3<\/li>\n<\/ul>\n<\/div>\n<\/div>\n","protected":false},"excerpt":{"rendered":"<p>Mousse premium au b\u0153uf et au foie pour les chats. Digeste et app\u00e9tissante, les chats en raffolent. Mousse au b\u0153uf et foie Formul\u00e9 pour les chats adultes Fait avec de la viande fra\u00eeche Enrichi en vitamines A, E et D3<\/p>\n","protected":false},"featured_media":35470,"template":"","meta":{"jetpack_publicize_message":"","jetpack_publicize_feature_enabled":true,"jetpack_social_post_already_shared":true,"jetpack_social_options":{"image_generator_settings":{"template":"highway","default_image_id":0,"font":"","enabled":false},"version":2}},"product_brand":[],"product_cat":[239],"product_tag":[],"class_list":{"0":"post-35469","1":"product","2":"type-product","3":"status-publish","4":"has-post-thumbnail","6":"product_cat-pate-humides-chat","8":"first","9":"instock","10":"sale","11":"taxable","12":"shipping-taxable","13":"purchasable","14":"product-type-simple"},"supplier_id":5588,"supplier_sku":"007450","barcode":null,"atum_controlled":true,"out_stock_date":null,"out_stock_threshold":null,"inheritable":false,"inbound_stock":0,"stock_on_hold":0,"sold_today":0,"sales_last_days":4,"reserved_stock":0,"customer_returns":0,"warehouse_damage":0,"lost_in_post":0,"other_logs":0,"out_stock_days":0,"lost_sales":0,"has_location":false,"update_date":"2026-04-05T18:24:41","atum_locations":[],"atum_stock_status":"instock","restock_status":false,"low_stock_amount":24,"sales_update_date":"2026-04-05T18:24:40","calc_backorders":null,"jetpack_publicize_connections":[],"jetpack_sharing_enabled":true,"batches":[{"id":"7605","date_created":"2026-02-09 18:12:43","date_expiry":"2029-11-13 00:00:00","user_id":"2461","batch_number":"Special Cat Mousse B\u0153uf et Au Foie 400g 131129","location":"","quantity":"168.0000","quantity_available":"105.0000","units":"1","status":"active","order_ids":"[35669,36344,36868,37029,37145,37379,38017,38068,38633,38639,38878]","supplier":"mera","po":{"id":"7540","date_created":"2026-02-09 18:12:44","batch_id":"7605","po_number":"","supplier":"mera","cost":null,"regular_price":null,"sale_price":null,"price_margin":null,"price_discount":null}}],"_links":{"self":[{"href":"https:\/\/petworld.ma\/index.php\/wp-json\/wp\/v2\/product\/35469","targetHints":{"allow":["GET"]}}],"collection":[{"href":"https:\/\/petworld.ma\/index.php\/wp-json\/wp\/v2\/product"}],"about":[{"href":"https:\/\/petworld.ma\/index.php\/wp-json\/wp\/v2\/types\/product"}],"wp:featuredmedia":[{"embeddable":true,"href":"https:\/\/petworld.ma\/index.php\/wp-json\/wp\/v2\/media\/35470"}],"wp:attachment":[{"href":"https:\/\/petworld.ma\/index.php\/wp-json\/wp\/v2\/media?parent=35469"}],"wp:term":[{"taxonomy":"product_brand","embeddable":true,"href":"https:\/\/petworld.ma\/index.php\/wp-json\/wp\/v2\/product_brand?post=35469"},{"taxonomy":"product_cat","embeddable":true,"href":"https:\/\/petworld.ma\/index.php\/wp-json\/wp\/v2\/product_cat?post=35469"},{"taxonomy":"product_tag","embeddable":true,"href":"https:\/\/petworld.ma\/index.php\/wp-json\/wp\/v2\/product_tag?post=35469"}],"curies":[{"name":"wp","href":"https:\/\/api.w.org\/{rel}","templated":true}]}}