{"id":35824,"date":"2026-02-16T14:53:38","date_gmt":"2026-02-16T14:53:38","guid":{"rendered":"https:\/\/petworld.ma\/?post_type=product&#038;p=35824"},"modified":"2026-04-05T12:15:46","modified_gmt":"2026-04-05T12:15:46","slug":"lit-coussin-luxueux-pour-chats-et-chiens-s-m-l","status":"publish","type":"product","link":"https:\/\/petworld.ma\/index.php\/produit\/lit-coussin-luxueux-pour-chats-et-chiens-s-m-l\/","title":{"rendered":"Lit Coussin Luxueux Pour Chats Et Chiens ( S | M | L )"},"content":{"rendered":"<h3 data-start=\"83\" data-end=\"136\">Lit Panier Confort Premium pour Chien &amp; Chat<\/h3>\n<p data-start=\"138\" data-end=\"327\">Offrez \u00e0 votre compagnon un espace de repos \u00e0 la hauteur de son amour. Ce lit panier allie \u00e9l\u00e9gance, confort et r\u00e9sistance pour garantir \u00e0 votre animal des moments de d\u00e9tente incomparables.<\/p>\n<p data-start=\"329\" data-end=\"562\">Con\u00e7u avec un rembourrage \u00e9pais et moelleux, il assure un soutien optimal du corps et des articulations. Ses rebords sur\u00e9lev\u00e9s offrent un appui confortable pour la t\u00eate et le cou, tout en procurant un sentiment de s\u00e9curit\u00e9 rassurant.<\/p>\n<p data-start=\"564\" data-end=\"781\">Son tissu de qualit\u00e9 sup\u00e9rieure est doux au toucher, r\u00e9sistant \u00e0 l\u2019usure et adapt\u00e9 aux animaux \u00e0 la peau sensible. Facile \u00e0 entretenir, il peut \u00eatre nettoy\u00e9 rapidement pour pr\u00e9server une hygi\u00e8ne parfaite au quotidien.<\/p>\n<p data-start=\"783\" data-end=\"947\">Gr\u00e2ce \u00e0 son design moderne et sobre, ce panier s\u2019int\u00e8gre harmonieusement dans tous les int\u00e9rieurs, tout en devenant le coin pr\u00e9f\u00e9r\u00e9 de votre chien ou de votre chat.<\/p>\n<h3 data-start=\"949\" data-end=\"970\">\u2714 Les avantages :<\/h3>\n<ul data-start=\"971\" data-end=\"1158\">\n<li data-start=\"971\" data-end=\"1007\">\n<p data-start=\"973\" data-end=\"1007\">Rembourrage \u00e9pais et confortable<\/p>\n<\/li>\n<li data-start=\"1008\" data-end=\"1049\">\n<p data-start=\"1010\" data-end=\"1049\">Bordures protectrices et s\u00e9curisantes<\/p>\n<\/li>\n<li data-start=\"1050\" data-end=\"1086\">\n<p data-start=\"1052\" data-end=\"1086\">Convient aux chiens et aux chats<\/p>\n<\/li>\n<li data-start=\"1087\" data-end=\"1117\">\n<p data-start=\"1089\" data-end=\"1117\">Tissu r\u00e9sistant et durable<\/p>\n<\/li>\n<li data-start=\"1118\" data-end=\"1139\">\n<p data-start=\"1120\" data-end=\"1139\">Facile \u00e0 nettoyer<\/p>\n<\/li>\n<li data-start=\"1140\" data-end=\"1158\">\n<p data-start=\"1142\" data-end=\"1158\">Design \u00e9l\u00e9gant<\/p>\n<\/li>\n<\/ul>\n<p>&nbsp;<\/p>\n<p><strong>Taille<\/strong><\/p>\n<p>S ; ( 55 x 43 x 15 )<\/p>\n<p>M ; ( 65 x 50 x 15 )<\/p>\n<p>L ; ( 75 x 55 x 15 )<\/p>\n","protected":false},"excerpt":{"rendered":"<div class=\"clearfix text show-more-height\">\n<div class=\"title--wrap--UUHae_g\">\n<h4 data-pl=\"product-title\" data-tticheck=\"true\" data-spm-anchor-id=\"a2g0o.detail.0.i11.2275C5TJC5TJ1h\">Un choix id\u00e9al pour offrir \u00e0 votre animal un sommeil r\u00e9parateur et un confort durable au quotidien.<\/h4>\n<\/div>\n<div class=\"reviewer--wrap--vGS7G6P\" data-pl=\"product-reviewer\">\n<div>\n<div class=\"reviewer--box--wVguYsD\">\n<div class=\"rating--wrap--jg9uoRp\">\n<div class=\"rating--item--Nt_U0Ff\"><\/div>\n<div class=\"rating--item--Nt_U0Ff\"><\/div>\n<div class=\"rating--item--Nt_U0Ff\"><\/div>\n<div class=\"rating--item--Nt_U0Ff\"><\/div>\n<div class=\"rating--item--Nt_U0Ff\"><\/div>\n<\/div>\n<\/div>\n<\/div>\n<\/div>\n<\/div>\n<div class=\"adBack\"><\/div>\n<div class=\"clear\"><\/div>\n<div class=\"row-fluid\"><\/div>\n","protected":false},"featured_media":35836,"template":"","meta":{"jetpack_publicize_message":"","jetpack_publicize_feature_enabled":true,"jetpack_social_post_already_shared":true,"jetpack_social_options":{"image_generator_settings":{"template":"highway","default_image_id":0,"font":"","enabled":false},"version":2}},"product_brand":[],"product_cat":[124,125],"product_tag":[],"class_list":{"0":"post-35824","1":"product","2":"type-product","3":"status-publish","4":"has-post-thumbnail","6":"product_cat-lits-et-cages","7":"product_cat-lits-et-cages-chien","9":"first","10":"instock","11":"sale","12":"taxable","13":"shipping-taxable","14":"purchasable","15":"product-type-variable"},"supplier_id":5592,"supplier_sku":"","barcode":null,"atum_controlled":true,"out_stock_date":null,"out_stock_threshold":null,"inheritable":true,"inbound_stock":0,"stock_on_hold":1,"sold_today":1,"sales_last_days":1,"reserved_stock":0,"customer_returns":0,"warehouse_damage":0,"lost_in_post":0,"other_logs":0,"out_stock_days":0,"lost_sales":0,"has_location":false,"update_date":"2026-04-05T12:15:49","atum_locations":[],"atum_stock_status":"instock","restock_status":false,"low_stock_amount":"","sales_update_date":"2026-04-03T10:35:08","calc_backorders":null,"jetpack_publicize_connections":[],"jetpack_sharing_enabled":true,"batches":[],"_links":{"self":[{"href":"https:\/\/petworld.ma\/index.php\/wp-json\/wp\/v2\/product\/35824","targetHints":{"allow":["GET"]}}],"collection":[{"href":"https:\/\/petworld.ma\/index.php\/wp-json\/wp\/v2\/product"}],"about":[{"href":"https:\/\/petworld.ma\/index.php\/wp-json\/wp\/v2\/types\/product"}],"wp:featuredmedia":[{"embeddable":true,"href":"https:\/\/petworld.ma\/index.php\/wp-json\/wp\/v2\/media\/35836"}],"wp:attachment":[{"href":"https:\/\/petworld.ma\/index.php\/wp-json\/wp\/v2\/media?parent=35824"}],"wp:term":[{"taxonomy":"product_brand","embeddable":true,"href":"https:\/\/petworld.ma\/index.php\/wp-json\/wp\/v2\/product_brand?post=35824"},{"taxonomy":"product_cat","embeddable":true,"href":"https:\/\/petworld.ma\/index.php\/wp-json\/wp\/v2\/product_cat?post=35824"},{"taxonomy":"product_tag","embeddable":true,"href":"https:\/\/petworld.ma\/index.php\/wp-json\/wp\/v2\/product_tag?post=35824"}],"curies":[{"name":"wp","href":"https:\/\/api.w.org\/{rel}","templated":true}]}}