{"id":35915,"date":"2026-02-17T18:51:39","date_gmt":"2026-02-17T18:51:39","guid":{"rendered":"https:\/\/petworld.ma\/?post_type=product&#038;p=35915"},"modified":"2026-03-31T10:27:29","modified_gmt":"2026-03-31T10:27:29","slug":"jouet-chat-balle-interactive-auto-rotative-avec-peluche-lumiere-led","status":"publish","type":"product","link":"https:\/\/petworld.ma\/index.php\/produit\/jouet-chat-balle-interactive-auto-rotative-avec-peluche-lumiere-led\/","title":{"rendered":"Jouet Chat &#8211; Balle Int\u00e9ractive Auto Rotative avec Peluche Lumi\u00e8re LED"},"content":{"rendered":"<ul>\n<li><strong>Divertissement Interactif Sans Fin :<\/strong>\u00a0Gardez votre animal actif et heureux avec ce jouet pour chat et chien ! La balle roulante stimule leur instinct naturel pour chasser et jouer.<\/li>\n<li><strong>\u00c9vitement Intelligent des Obstacles :<\/strong>\u00a0Gr\u00e2ce \u00e0 ses capteurs de mouvement intelligents, la balle navigue autour des obstacles, assurant une exp\u00e9rience de jeu continue.<\/li>\n<li><strong>Modes de Jeu Personnalisables :<\/strong>\u00a0Adaptez le jeu aux besoins de votre animal avec trois modes dynamiques : rapide, lent et interactif.<\/li>\n<li><strong>Recharge Rapide et Longue Dur\u00e9e :<\/strong>\u00a0Une charge rapide de 30 minutes offre jusqu\u2019\u00e0 6 heures de plaisir non-stop pour votre compagnon.<\/li>\n<li><strong>S\u00fbr et Facile \u00e0 Nettoyer :<\/strong>\u00a0Con\u00e7ue avec des mat\u00e9riaux durables et respectueux de l&rsquo;environnement, la balle garantit un jeu sans souci pour vos animaux de tous \u00e2ges.<strong>Convient aux<\/strong>\u00a0chats et aux chiens<br \/>\n<strong>Couleur:<\/strong>\u00a0Rouge<br \/>\n<strong>Diam\u00e8tre de la boule<\/strong>\u00a0: 7 cm<br \/>\n<strong>Mat\u00e9riel<\/strong>: Vinyle, Plastique<\/li>\n<\/ul>\n<p>&nbsp;<\/p>\n<p>&nbsp;<\/p>\n","protected":false},"excerpt":{"rendered":"<p><strong>Couleur :<\/strong> Rose<\/p>\n","protected":false},"featured_media":35917,"template":"","meta":{"jetpack_publicize_message":"","jetpack_publicize_feature_enabled":true,"jetpack_social_post_already_shared":true,"jetpack_social_options":{"image_generator_settings":{"template":"highway","default_image_id":0,"font":"","enabled":false},"version":2}},"product_brand":[],"product_cat":[100],"product_tag":[],"class_list":{"0":"post-35915","1":"product","2":"type-product","3":"status-publish","4":"has-post-thumbnail","6":"product_cat-accessoires-jouets-et-colliers","8":"first","9":"instock","10":"taxable","11":"shipping-taxable","12":"purchasable","13":"product-type-simple"},"supplier_id":34572,"supplier_sku":"","barcode":null,"atum_controlled":true,"out_stock_date":null,"out_stock_threshold":null,"inheritable":false,"inbound_stock":0,"stock_on_hold":0,"sold_today":0,"sales_last_days":4,"reserved_stock":0,"customer_returns":0,"warehouse_damage":0,"lost_in_post":0,"other_logs":0,"out_stock_days":0,"lost_sales":0,"has_location":false,"update_date":"2026-04-05T19:34:04","atum_locations":[],"atum_stock_status":"instock","restock_status":true,"low_stock_amount":2,"sales_update_date":"2026-04-05T19:34:03","calc_backorders":null,"jetpack_publicize_connections":[],"jetpack_sharing_enabled":true,"batches":[],"_links":{"self":[{"href":"https:\/\/petworld.ma\/index.php\/wp-json\/wp\/v2\/product\/35915","targetHints":{"allow":["GET"]}}],"collection":[{"href":"https:\/\/petworld.ma\/index.php\/wp-json\/wp\/v2\/product"}],"about":[{"href":"https:\/\/petworld.ma\/index.php\/wp-json\/wp\/v2\/types\/product"}],"wp:featuredmedia":[{"embeddable":true,"href":"https:\/\/petworld.ma\/index.php\/wp-json\/wp\/v2\/media\/35917"}],"wp:attachment":[{"href":"https:\/\/petworld.ma\/index.php\/wp-json\/wp\/v2\/media?parent=35915"}],"wp:term":[{"taxonomy":"product_brand","embeddable":true,"href":"https:\/\/petworld.ma\/index.php\/wp-json\/wp\/v2\/product_brand?post=35915"},{"taxonomy":"product_cat","embeddable":true,"href":"https:\/\/petworld.ma\/index.php\/wp-json\/wp\/v2\/product_cat?post=35915"},{"taxonomy":"product_tag","embeddable":true,"href":"https:\/\/petworld.ma\/index.php\/wp-json\/wp\/v2\/product_tag?post=35915"}],"curies":[{"name":"wp","href":"https:\/\/api.w.org\/{rel}","templated":true}]}}