{"id":35939,"date":"2026-02-17T21:40:29","date_gmt":"2026-02-17T21:40:29","guid":{"rendered":"https:\/\/petworld.ma\/?post_type=product&#038;p=35939"},"modified":"2026-04-03T16:44:29","modified_gmt":"2026-04-03T16:44:29","slug":"purina-gourmet-gold-tartallette-boeuf-et-tomate-85gr-2","status":"publish","type":"product","link":"https:\/\/petworld.ma\/index.php\/produit\/purina-gourmet-gold-tartallette-boeuf-et-tomate-85gr-2\/","title":{"rendered":"Purina Gourmet Gold Tartallette B\u0153uf et Tomate 85gr"},"content":{"rendered":"<div class=\"elementor-element elementor-element-eace368 elementor-widget elementor-widget-heading\" data-id=\"eace368\" data-element_type=\"widget\" data-widget_type=\"heading.default\">\n<div class=\"elementor-widget-container\">\n<div class=\"elementor-element elementor-element-4933a0a6 elementor-widget elementor-widget-heading\" data-id=\"4933a0a6\" data-element_type=\"widget\" data-widget_type=\"heading.default\">\n<div class=\"elementor-widget-container\">\n<h2 class=\"elementor-heading-title elementor-size-default\">Tartelette Purina GOURMET GOLD au b\u0153uf et aux tomates<\/h2>\n<\/div>\n<\/div>\n<div class=\"elementor-element elementor-element-60e2001e elementor-widget elementor-widget-text-editor\" data-id=\"60e2001e\" data-element_type=\"widget\" data-widget_type=\"text-editor.default\">\n<div class=\"elementor-widget-container\">\n<div class=\"elementor-text-editor elementor-clearfix\">\n<p>D\u00e9couvrez une gourmandise culinaire raffin\u00e9e pour votre f\u00e9lin avec la Tartelette Gourmet Gold ! Con\u00e7ue pour les amoureux des chats souhaitant surprendre et ravir les palais raffin\u00e9s de leurs compagnons \u00e0 quatre pattes, Tartelette offre une exp\u00e9rience gastronomique unique.<\/p>\n<p>Votre chat, v\u00e9ritable expert culinaire, appr\u00e9ciera\u00a0l\u2019association innovante de saveurs et de textures\u00a0que propose la Tartelette Gourmet Gold. Cette d\u00e9licieuse nouvelle gamme est \u00e9labor\u00e9e \u00e0 partir d&rsquo;ingr\u00e9dients de haute qualit\u00e9, pr\u00e9sent\u00e9s dans une texture de g\u00e2teau exquise qui garantit une exp\u00e9rience gastronomique inoubliable.<\/p>\n<p>La Tartelette Gourmet Gold pr\u00e9sente\u00a0des morceaux tendres de viande ou de poisson, d\u00e9licatement coup\u00e9s et soigneusement assaisonn\u00e9s d&rsquo;une simple touche de sauce\u00a0, le tout r\u00e9uni dans une d\u00e9licieuse tarte. Chaque bouch\u00e9e est une symphonie de saveurs que votre chat appr\u00e9ciera avec d\u00e9lice.<\/p>\n<\/div>\n<\/div>\n<\/div>\n<h2 class=\"elementor-heading-title elementor-size-default\">CARACT\u00c9RISTIQUES Purina Can pour chats GOURMET GOLD Tartellette B\u0153uf et Tomate<\/h2>\n<\/div>\n<\/div>\n<div class=\"elementor-element elementor-element-7dbc52b5 elementor-icon-list--layout-traditional elementor-widget elementor-widget-icon-list\" data-id=\"7dbc52b5\" data-element_type=\"widget\" data-widget_type=\"icon-list.default\">\n<div class=\"elementor-widget-container\">\n<ul class=\"elementor-icon-list-items\">\n<li class=\"elementor-icon-list-item\"><i class=\"fa fa-caret-right\" aria-hidden=\"true\"><\/i><span class=\"elementor-icon-list-text\">Aliment 100% complet et \u00e9quilibr\u00e9.<\/span><\/li>\n<li class=\"elementor-icon-list-item\"><i class=\"fa fa-caret-right\" aria-hidden=\"true\"><\/i><span class=\"elementor-icon-list-text\">Des morceaux d\u00e9licatement coup\u00e9s avec une pointe de l\u00e9gumes d\u00e9licats et juste une touche de sauce.<\/span><\/li>\n<li class=\"elementor-icon-list-item\"><i class=\"fa fa-caret-right\" aria-hidden=\"true\"><\/i><span class=\"elementor-icon-list-text\">Fabriqu\u00e9 avec des ingr\u00e9dients de haute qualit\u00e9.<\/span><\/li>\n<li class=\"elementor-icon-list-item\"><i class=\"fa fa-caret-right\" aria-hidden=\"true\"><\/i><span class=\"elementor-icon-list-text\">Aliment complet pour chats adultes.<\/span><\/li>\n<\/ul>\n<\/div>\n<\/div>\n","protected":false},"excerpt":{"rendered":"<p>D\u00e9licieuse recette avec des morceaux de b\u0153uf d\u00e9licatement coup\u00e9s avec une touche de tomate et un peu de sauce.<\/p>\n","protected":false},"featured_media":35940,"template":"","meta":{"jetpack_publicize_message":"","jetpack_publicize_feature_enabled":true,"jetpack_social_post_already_shared":true,"jetpack_social_options":{"image_generator_settings":{"template":"highway","default_image_id":0,"font":"","enabled":false},"version":2}},"product_brand":[],"product_cat":[239],"product_tag":[],"class_list":{"0":"post-35939","1":"product","2":"type-product","3":"status-publish","4":"has-post-thumbnail","6":"product_cat-pate-humides-chat","8":"first","9":"instock","10":"taxable","11":"shipping-taxable","12":"purchasable","13":"product-type-simple"},"supplier_id":34572,"supplier_sku":"","barcode":null,"atum_controlled":true,"out_stock_date":null,"out_stock_threshold":null,"inheritable":false,"inbound_stock":0,"stock_on_hold":29,"sold_today":0,"sales_last_days":34,"reserved_stock":0,"customer_returns":0,"warehouse_damage":0,"lost_in_post":0,"other_logs":0,"out_stock_days":0,"lost_sales":0,"has_location":false,"update_date":"2026-04-05T18:24:39","atum_locations":[],"atum_stock_status":"instock","restock_status":false,"low_stock_amount":5,"sales_update_date":"2026-04-05T18:24:38","calc_backorders":null,"jetpack_publicize_connections":[],"jetpack_sharing_enabled":true,"batches":[{"id":"7818","date_created":"2026-02-19 14:20:03","date_expiry":"2027-10-30 00:00:00","user_id":"2461","batch_number":"Purina Gourmet Gold Tartallette B\u0153uf et Tomate 85gr301027","location":"","quantity":"240.0000","quantity_available":"152.0000","units":"1","status":"active","order_ids":"[36612,36841,36887,36903,37861,38017,38379,38633,38742,38878]","supplier":"SOUFIANE MEJBOUR","po":{"id":"7753","date_created":"2026-02-19 14:20:04","batch_id":"7818","po_number":"","supplier":"SOUFIANE MEJBOUR","cost":null,"regular_price":null,"sale_price":null,"price_margin":null,"price_discount":null}}],"_links":{"self":[{"href":"https:\/\/petworld.ma\/index.php\/wp-json\/wp\/v2\/product\/35939","targetHints":{"allow":["GET"]}}],"collection":[{"href":"https:\/\/petworld.ma\/index.php\/wp-json\/wp\/v2\/product"}],"about":[{"href":"https:\/\/petworld.ma\/index.php\/wp-json\/wp\/v2\/types\/product"}],"wp:featuredmedia":[{"embeddable":true,"href":"https:\/\/petworld.ma\/index.php\/wp-json\/wp\/v2\/media\/35940"}],"wp:attachment":[{"href":"https:\/\/petworld.ma\/index.php\/wp-json\/wp\/v2\/media?parent=35939"}],"wp:term":[{"taxonomy":"product_brand","embeddable":true,"href":"https:\/\/petworld.ma\/index.php\/wp-json\/wp\/v2\/product_brand?post=35939"},{"taxonomy":"product_cat","embeddable":true,"href":"https:\/\/petworld.ma\/index.php\/wp-json\/wp\/v2\/product_cat?post=35939"},{"taxonomy":"product_tag","embeddable":true,"href":"https:\/\/petworld.ma\/index.php\/wp-json\/wp\/v2\/product_tag?post=35939"}],"curies":[{"name":"wp","href":"https:\/\/api.w.org\/{rel}","templated":true}]}}