{"id":35941,"date":"2026-02-17T21:48:34","date_gmt":"2026-02-17T21:48:34","guid":{"rendered":"https:\/\/petworld.ma\/?post_type=product&#038;p=35941"},"modified":"2026-04-02T10:00:41","modified_gmt":"2026-04-02T10:00:41","slug":"purina-gourmet-gold-tartallette-poulet-et-carotte-85gr-2","status":"publish","type":"product","link":"https:\/\/petworld.ma\/index.php\/produit\/purina-gourmet-gold-tartallette-poulet-et-carotte-85gr-2\/","title":{"rendered":"Purina Gourmet Gold Tartallette Poulet et Carotte 85gr"},"content":{"rendered":"<div class=\"elementor-element elementor-element-eace368 elementor-widget elementor-widget-heading\" data-id=\"eace368\" data-element_type=\"widget\" data-widget_type=\"heading.default\">\n<div class=\"elementor-widget-container\">\n<div class=\"elementor-element elementor-element-4933a0a6 elementor-widget elementor-widget-heading\" data-id=\"4933a0a6\" data-element_type=\"widget\" data-widget_type=\"heading.default\">\n<div class=\"elementor-widget-container\">\n<p>Gourmet Gold Tartelette Poulet et Carotte est une nourriture humide adapt\u00e9e aux chats, notamment \u00e0 ceux au palais raffin\u00e9 et qui aiment varier constamment les plats.<\/p>\n<p>Si votre chat aime les aliments vari\u00e9s, alors la tartelette au poulet et aux carottes le fascinera, car ses ingr\u00e9dients de haute qualit\u00e9 pr\u00e9sentent une nouvelle texture de g\u00e2teau, qui contient des morceaux de viande de poulet et de carotte, assaisonn\u00e9s en sauce, un v\u00e9ritable d\u00e9lice. pour que votre chat ravisse son palais.<\/p>\n<p>AVANTAGES :<br \/>\nIngr\u00e9dients de haute qualit\u00e9 pr\u00e9sent\u00e9s sous forme de g\u00e2teau.<br \/>\nFormul\u00e9 pour les chats exigeants qui aiment la vari\u00e9t\u00e9 dans leurs repas.<br \/>\nCombinaison exclusive de saveurs et de textures.<\/p>\n<p>UTILISATIONS ET SP\u00c9CIFICATIONS :<br \/>\nNourriture humide pour chats. Bo\u00eete de 85 grammes.<\/p>\n<h4><strong>Composition<\/strong> : Viandes et sous-produits animaux (dont poulet 4%), Extraits de prot\u00e9ines v\u00e9g\u00e9tales, L\u00e9gumes (Carottes 7% de carottes d\u00e9shydrat\u00e9es), Poissons et sous-produits de poisson, Substances min\u00e9rales, Sucres. Composants analytiques : Humidit\u00e9 : 74,0 % Prot\u00e9ines brutes : 18,0 % Huiles et graisses brutes : 3,6 % Cendres brutes : 1,9 % Fibres brutes : 0,25 %<\/h4>\n<\/div>\n<\/div>\n<\/div>\n<\/div>\n","protected":false},"excerpt":{"rendered":"<p>D\u00e9licieuse recette avec des morceaux de b\u0153uf d\u00e9licatement coup\u00e9s avec une touche de tomate et un peu de sauce.<\/p>\n","protected":false},"featured_media":35942,"template":"","meta":{"jetpack_publicize_message":"","jetpack_publicize_feature_enabled":true,"jetpack_social_post_already_shared":true,"jetpack_social_options":{"image_generator_settings":{"template":"highway","default_image_id":0,"font":"","enabled":false},"version":2}},"product_brand":[],"product_cat":[239],"product_tag":[],"class_list":{"0":"post-35941","1":"product","2":"type-product","3":"status-publish","4":"has-post-thumbnail","6":"product_cat-pate-humides-chat","8":"first","9":"instock","10":"taxable","11":"shipping-taxable","12":"purchasable","13":"product-type-simple"},"supplier_id":34572,"supplier_sku":"","barcode":null,"atum_controlled":true,"out_stock_date":null,"out_stock_threshold":null,"inheritable":false,"inbound_stock":0,"stock_on_hold":6,"sold_today":0,"sales_last_days":35,"reserved_stock":0,"customer_returns":0,"warehouse_damage":0,"lost_in_post":0,"other_logs":0,"out_stock_days":0,"lost_sales":0,"has_location":false,"update_date":"2026-04-05T22:27:53","atum_locations":[],"atum_stock_status":"instock","restock_status":false,"low_stock_amount":5,"sales_update_date":"2026-04-05T22:27:52","calc_backorders":null,"jetpack_publicize_connections":[],"jetpack_sharing_enabled":true,"batches":[{"id":"7816","date_created":"2026-02-19 13:17:22","date_expiry":"2027-10-30 00:00:00","user_id":"2461","batch_number":"Purina Gourmet Gold Tartallette Poulet et Carotte 85gr301027","location":"","quantity":"288.0000","quantity_available":"217.0000","units":"1","status":"active","order_ids":"[36196,36841,36887,36903,37115,37154,37318,37861,37919,37957,38017,38261,38327,38379,38530,38633,38659,38703,38742]","supplier":"Casablanca","po":{"id":"7751","date_created":"2026-02-19 13:17:22","batch_id":"7816","po_number":"","supplier":"Casablanca","cost":null,"regular_price":null,"sale_price":null,"price_margin":null,"price_discount":null}}],"_links":{"self":[{"href":"https:\/\/petworld.ma\/index.php\/wp-json\/wp\/v2\/product\/35941","targetHints":{"allow":["GET"]}}],"collection":[{"href":"https:\/\/petworld.ma\/index.php\/wp-json\/wp\/v2\/product"}],"about":[{"href":"https:\/\/petworld.ma\/index.php\/wp-json\/wp\/v2\/types\/product"}],"wp:featuredmedia":[{"embeddable":true,"href":"https:\/\/petworld.ma\/index.php\/wp-json\/wp\/v2\/media\/35942"}],"wp:attachment":[{"href":"https:\/\/petworld.ma\/index.php\/wp-json\/wp\/v2\/media?parent=35941"}],"wp:term":[{"taxonomy":"product_brand","embeddable":true,"href":"https:\/\/petworld.ma\/index.php\/wp-json\/wp\/v2\/product_brand?post=35941"},{"taxonomy":"product_cat","embeddable":true,"href":"https:\/\/petworld.ma\/index.php\/wp-json\/wp\/v2\/product_cat?post=35941"},{"taxonomy":"product_tag","embeddable":true,"href":"https:\/\/petworld.ma\/index.php\/wp-json\/wp\/v2\/product_tag?post=35941"}],"curies":[{"name":"wp","href":"https:\/\/api.w.org\/{rel}","templated":true}]}}