{"id":35944,"date":"2026-02-17T21:57:23","date_gmt":"2026-02-17T21:57:23","guid":{"rendered":"https:\/\/petworld.ma\/?post_type=product&#038;p=35944"},"modified":"2026-02-17T22:05:06","modified_gmt":"2026-02-17T22:05:06","slug":"freedog-matelas-pour-chien-pillow-bleu-marine-recycle-76-x-58-cm","status":"publish","type":"product","link":"https:\/\/petworld.ma\/index.php\/produit\/freedog-matelas-pour-chien-pillow-bleu-marine-recycle-76-x-58-cm\/","title":{"rendered":"Freedog Matelas Pour Chien Pillow Bleu Marine Recycl\u00e9 76 x 58 cm"},"content":{"rendered":"<h2><span dir=\"auto\">Informations sur\u00a0<\/span><span dir=\"auto\">le matelas pour chien Freedog Pillow Bleu Marine recycl\u00e9<\/span><\/h2>\n<h2><span dir=\"auto\">Matelas pour chien Freedog Pillow <\/span><span dir=\"auto\">Bleu Marine <\/span><span dir=\"auto\">recycl\u00e9<\/span><\/h2>\n<p><span dir=\"auto\">Le\u00a0<\/span><strong><span dir=\"auto\">matelas pour chien Freedog Pillow<\/span><\/strong><span dir=\"auto\"> Bleu Marine est une option pratique et \u00e9l\u00e9gante qui allie confort, durabilit\u00e9 et respect de l&rsquo;environnement. Con\u00e7u pour offrir \u00e0 votre animal un sommeil r\u00e9parateur, ce matelas est fabriqu\u00e9 avec des mat\u00e9riaux de haute qualit\u00e9 et pr\u00e9sente un design fonctionnel qui s&rsquo;int\u00e8gre harmonieusement \u00e0 tous les int\u00e9rieurs.<\/span><\/p>\n<h3><span dir=\"auto\">Un repos sup\u00e9rieur pour votre animal de compagnie<\/span><\/h3>\n<p><span dir=\"auto\">Garnie\u00a0<\/span><strong><span dir=\"auto\">de mousse d\u00e9chiquet\u00e9e<\/span><\/strong><span dir=\"auto\">\u00a0, cette couche de matelas offre un soutien exceptionnel, assurant confort et d\u00e9tente \u00e0 votre chien en toutes circonstances. De plus, son rev\u00eatement ext\u00e9rieur imperm\u00e9able en fait une solution id\u00e9ale pour une utilisation aussi bien \u00e0 l&rsquo;int\u00e9rieur qu&rsquo;\u00e0 l&rsquo;ext\u00e9rieur.<\/span><\/p>\n<h3><span dir=\"auto\">Facilit\u00e9 d&rsquo;entretien et durabilit\u00e9<\/span><\/h3>\n<p><span dir=\"auto\">La housse amovible de\u00a0<\/span><strong><span dir=\"auto\">l&rsquo;oreiller Freedog<\/span><\/strong><span dir=\"auto\">\u00a0permet un nettoyage rapide et facile, garantissant ainsi son parfait \u00e9tat en permanence. Fabriqu\u00e9 \u00e0 partir de mat\u00e9riaux recycl\u00e9s, ce matelas est une option \u00e9cologique qui allie durabilit\u00e9 et style moderne et fonctionnel.<\/span><\/p>\n<h3><span dir=\"auto\">Principaux avantages<\/span><\/h3>\n<ul>\n<li><span dir=\"auto\">Une couleur Bleu Marine neutre et \u00e9l\u00e9gante qui s&rsquo;harmonise avec tous les d\u00e9cors.<\/span><\/li>\n<li><span dir=\"auto\">Mat\u00e9riau r\u00e9sistant \u00e0 l&rsquo;eau pour une plus grande durabilit\u00e9.<\/span><\/li>\n<li><span dir=\"auto\">Un garnissage de haute qualit\u00e9 qui assure un confort optimal.<\/span><\/li>\n<li><span dir=\"auto\">Conception avec couvercle amovible pour un nettoyage facile.<\/span><\/li>\n<li><span dir=\"auto\">Fabriqu\u00e9 \u00e0 partir de mat\u00e9riaux recycl\u00e9s, respectueux de l&rsquo;environnement.<\/span><\/li>\n<\/ul>\n<p><span dir=\"auto\">Offrez \u00e0 votre animal un repos incomparable avec le\u00a0<\/span><strong><span dir=\"auto\">matelas pour chien Freedog Pillow<\/span><\/strong><span dir=\"auto\"> Bleu Marine. Commandez-le d\u00e8s maintenant et offrez \u00e0 votre meilleur ami le confort qu&rsquo;il m\u00e9rite !<\/span><\/p>\n","protected":false},"excerpt":{"rendered":"<p>Matelas d\u00e9montable, fabriqu\u00e9 avec des mat\u00e9riaux de haute qualit\u00e9, r\u00e9sistant \u00e0 l\u2019eau, avec de la mousse haute densit\u00e9. Disponible en diff\u00e9rentes couleurs et tailles. Lavable en machine<\/p>\n","protected":false},"featured_media":35945,"template":"","meta":{"jetpack_publicize_message":"","jetpack_publicize_feature_enabled":true,"jetpack_social_post_already_shared":true,"jetpack_social_options":{"image_generator_settings":{"template":"highway","default_image_id":0,"font":"","enabled":false},"version":2}},"product_brand":[],"product_cat":[125],"product_tag":[],"class_list":{"0":"post-35944","1":"product","2":"type-product","3":"status-publish","4":"has-post-thumbnail","6":"product_cat-lits-et-cages-chien","8":"first","9":"instock","10":"sale","11":"taxable","12":"shipping-taxable","13":"purchasable","14":"product-type-simple"},"supplier_id":22725,"supplier_sku":"","barcode":null,"atum_controlled":true,"out_stock_date":null,"out_stock_threshold":null,"inheritable":false,"inbound_stock":0,"stock_on_hold":0,"sold_today":0,"sales_last_days":0,"reserved_stock":0,"customer_returns":0,"warehouse_damage":0,"lost_in_post":0,"other_logs":0,"out_stock_days":0,"lost_sales":0,"has_location":false,"update_date":"2026-04-04T10:33:36","atum_locations":[],"atum_stock_status":"instock","restock_status":false,"low_stock_amount":2,"sales_update_date":"2026-04-04T10:33:36","calc_backorders":null,"jetpack_publicize_connections":[],"jetpack_sharing_enabled":true,"batches":[],"_links":{"self":[{"href":"https:\/\/petworld.ma\/index.php\/wp-json\/wp\/v2\/product\/35944","targetHints":{"allow":["GET"]}}],"collection":[{"href":"https:\/\/petworld.ma\/index.php\/wp-json\/wp\/v2\/product"}],"about":[{"href":"https:\/\/petworld.ma\/index.php\/wp-json\/wp\/v2\/types\/product"}],"wp:featuredmedia":[{"embeddable":true,"href":"https:\/\/petworld.ma\/index.php\/wp-json\/wp\/v2\/media\/35945"}],"wp:attachment":[{"href":"https:\/\/petworld.ma\/index.php\/wp-json\/wp\/v2\/media?parent=35944"}],"wp:term":[{"taxonomy":"product_brand","embeddable":true,"href":"https:\/\/petworld.ma\/index.php\/wp-json\/wp\/v2\/product_brand?post=35944"},{"taxonomy":"product_cat","embeddable":true,"href":"https:\/\/petworld.ma\/index.php\/wp-json\/wp\/v2\/product_cat?post=35944"},{"taxonomy":"product_tag","embeddable":true,"href":"https:\/\/petworld.ma\/index.php\/wp-json\/wp\/v2\/product_tag?post=35944"}],"curies":[{"name":"wp","href":"https:\/\/api.w.org\/{rel}","templated":true}]}}