{"id":35946,"date":"2026-02-17T22:09:27","date_gmt":"2026-02-17T22:09:27","guid":{"rendered":"https:\/\/petworld.ma\/?post_type=product&#038;p=35946"},"modified":"2026-04-04T21:12:09","modified_gmt":"2026-04-04T21:12:09","slug":"fibres-de-bois-pour-rongeurs-kiki-lit-1kg","status":"publish","type":"product","link":"https:\/\/petworld.ma\/index.php\/produit\/fibres-de-bois-pour-rongeurs-kiki-lit-1kg\/","title":{"rendered":"Fibres De Bois Pour Rongeurs KIKI LIT 1kg"},"content":{"rendered":"<p>R\u00e9partissez les copeaux de bois PET-CHIPS dans la cage sur une hauteur de 3 \u00e0 6 cm. Remplacez quotidiennement la liti\u00e8re souill\u00e9e par une liti\u00e8re propre et changez-la enti\u00e8rement au moins une fois par semaine.<\/p>\n","protected":false},"excerpt":{"rendered":"<div class=\"elementor-toggle-item\">\n<div id=\"elementor-tab-content-3301\" class=\"elementor-tab-content elementor-clearfix elementor-active\" role=\"region\" data-tab=\"1\" aria-labelledby=\"elementor-tab-title-3301\">La liti\u00e8re au bois absorbe, neutralise les odeurs et est sans poussi\u00e8re. \u00c9cologique, fra\u00eeche et id\u00e9ale pour les rongeurs, elle pr\u00e9serve un environnement propre et confortable.<\/div>\n<\/div>\n<div class=\"elementor-toggle-item\">\n<div id=\"elementor-tab-title-3302\" class=\"elementor-tab-title\" role=\"button\" data-tab=\"2\" aria-controls=\"elementor-tab-content-3302\" aria-expanded=\"false\"><\/div>\n<\/div>\n","protected":false},"featured_media":35947,"template":"","meta":{"jetpack_publicize_message":"","jetpack_publicize_feature_enabled":true,"jetpack_social_post_already_shared":true,"jetpack_social_options":{"image_generator_settings":{"template":"highway","default_image_id":0,"font":"","enabled":false},"version":2}},"product_brand":[],"product_cat":[94,206],"product_tag":[],"class_list":{"0":"post-35946","1":"product","2":"type-product","3":"status-publish","4":"has-post-thumbnail","6":"product_cat-litieres-et-bacs","7":"product_cat-rongeurs","9":"first","10":"instock","11":"taxable","12":"shipping-taxable","13":"purchasable","14":"product-type-simple"},"supplier_id":22725,"supplier_sku":"043015","barcode":null,"atum_controlled":true,"out_stock_date":null,"out_stock_threshold":null,"inheritable":false,"inbound_stock":0,"stock_on_hold":1,"sold_today":0,"sales_last_days":0,"reserved_stock":0,"customer_returns":0,"warehouse_damage":0,"lost_in_post":0,"other_logs":0,"out_stock_days":0,"lost_sales":0,"has_location":false,"update_date":"2026-04-06T16:04:06","atum_locations":[],"atum_stock_status":"instock","restock_status":false,"low_stock_amount":2,"sales_update_date":"2026-04-06T16:04:05","calc_backorders":null,"jetpack_publicize_connections":[],"jetpack_sharing_enabled":true,"batches":[],"_links":{"self":[{"href":"https:\/\/petworld.ma\/index.php\/wp-json\/wp\/v2\/product\/35946","targetHints":{"allow":["GET"]}}],"collection":[{"href":"https:\/\/petworld.ma\/index.php\/wp-json\/wp\/v2\/product"}],"about":[{"href":"https:\/\/petworld.ma\/index.php\/wp-json\/wp\/v2\/types\/product"}],"wp:featuredmedia":[{"embeddable":true,"href":"https:\/\/petworld.ma\/index.php\/wp-json\/wp\/v2\/media\/35947"}],"wp:attachment":[{"href":"https:\/\/petworld.ma\/index.php\/wp-json\/wp\/v2\/media?parent=35946"}],"wp:term":[{"taxonomy":"product_brand","embeddable":true,"href":"https:\/\/petworld.ma\/index.php\/wp-json\/wp\/v2\/product_brand?post=35946"},{"taxonomy":"product_cat","embeddable":true,"href":"https:\/\/petworld.ma\/index.php\/wp-json\/wp\/v2\/product_cat?post=35946"},{"taxonomy":"product_tag","embeddable":true,"href":"https:\/\/petworld.ma\/index.php\/wp-json\/wp\/v2\/product_tag?post=35946"}],"curies":[{"name":"wp","href":"https:\/\/api.w.org\/{rel}","templated":true}]}}