{"id":35948,"date":"2026-02-17T22:29:58","date_gmt":"2026-02-17T22:29:58","guid":{"rendered":"https:\/\/petworld.ma\/?post_type=product&#038;p=35948"},"modified":"2026-04-07T11:21:59","modified_gmt":"2026-04-07T11:21:59","slug":"pelle-a-litiere-pour-chat","status":"publish","type":"product","link":"https:\/\/petworld.ma\/index.php\/produit\/pelle-a-litiere-pour-chat\/","title":{"rendered":"Pelle \u00e0 Liti\u00e8re pour Chat"},"content":{"rendered":"<p>Gardez la liti\u00e8re de votre chat propre en quelques secondes gr\u00e2ce \u00e0 cette pelle ergonomique. Ses trous calibr\u00e9s filtrent efficacement les d\u00e9chets tout en pr\u00e9servant la liti\u00e8re propre, pour un entretien hygi\u00e9nique et sans effort.<\/p>\n","protected":false},"excerpt":{"rendered":"<p>Gardez la liti\u00e8re de votre chat propre en quelques secondes gr\u00e2ce \u00e0 cette pelle ergonomique. Ses trous calibr\u00e9s filtrent efficacement les d\u00e9chets tout en pr\u00e9servant la liti\u00e8re propre, pour un entretien hygi\u00e9nique et sans effort.<\/p>\n","protected":false},"featured_media":35949,"template":"","meta":{"jetpack_publicize_message":"","jetpack_publicize_feature_enabled":true,"jetpack_social_post_already_shared":true,"jetpack_social_options":{"image_generator_settings":{"template":"highway","default_image_id":0,"font":"","enabled":false},"version":2}},"product_brand":[],"product_cat":[94],"product_tag":[],"class_list":{"0":"post-35948","1":"product","2":"type-product","3":"status-publish","4":"has-post-thumbnail","6":"product_cat-litieres-et-bacs","8":"first","9":"instock","10":"sale","11":"taxable","12":"shipping-taxable","13":"purchasable","14":"product-type-simple"},"supplier_id":22725,"supplier_sku":"","barcode":null,"atum_controlled":true,"out_stock_date":null,"out_stock_threshold":null,"inheritable":false,"inbound_stock":0,"stock_on_hold":2,"sold_today":2,"sales_last_days":8,"reserved_stock":0,"customer_returns":0,"warehouse_damage":0,"lost_in_post":0,"other_logs":0,"out_stock_days":0,"lost_sales":0,"has_location":false,"update_date":"2026-04-07T13:28:57","atum_locations":[],"atum_stock_status":"instock","restock_status":false,"low_stock_amount":25,"sales_update_date":"2026-04-07T13:28:56","calc_backorders":0,"jetpack_publicize_connections":[],"jetpack_sharing_enabled":true,"batches":[],"_links":{"self":[{"href":"https:\/\/petworld.ma\/index.php\/wp-json\/wp\/v2\/product\/35948","targetHints":{"allow":["GET"]}}],"collection":[{"href":"https:\/\/petworld.ma\/index.php\/wp-json\/wp\/v2\/product"}],"about":[{"href":"https:\/\/petworld.ma\/index.php\/wp-json\/wp\/v2\/types\/product"}],"wp:featuredmedia":[{"embeddable":true,"href":"https:\/\/petworld.ma\/index.php\/wp-json\/wp\/v2\/media\/35949"}],"wp:attachment":[{"href":"https:\/\/petworld.ma\/index.php\/wp-json\/wp\/v2\/media?parent=35948"}],"wp:term":[{"taxonomy":"product_brand","embeddable":true,"href":"https:\/\/petworld.ma\/index.php\/wp-json\/wp\/v2\/product_brand?post=35948"},{"taxonomy":"product_cat","embeddable":true,"href":"https:\/\/petworld.ma\/index.php\/wp-json\/wp\/v2\/product_cat?post=35948"},{"taxonomy":"product_tag","embeddable":true,"href":"https:\/\/petworld.ma\/index.php\/wp-json\/wp\/v2\/product_tag?post=35948"}],"curies":[{"name":"wp","href":"https:\/\/api.w.org\/{rel}","templated":true}]}}