{"id":35951,"date":"2026-02-17T22:44:02","date_gmt":"2026-02-17T22:44:02","guid":{"rendered":"https:\/\/petworld.ma\/?post_type=product&#038;p=35951"},"modified":"2026-02-17T22:44:04","modified_gmt":"2026-02-17T22:44:04","slug":"tour-dangle-pour-chat-en-metal-et-polyester-gris-69x355x355cm","status":"publish","type":"product","link":"https:\/\/petworld.ma\/index.php\/produit\/tour-dangle-pour-chat-en-metal-et-polyester-gris-69x355x355cm\/","title":{"rendered":"Tour D&rsquo;angle Pour Chat En M\u00e9tal Et Polyester Gris 69&#215;35,5&#215;35,5cm"},"content":{"rendered":"<p>Cette tour de maison pour chat est parfaite pour que votre f\u00e9lin ait son propre abri. Avec des dimensions de 69 x 35,5 x 35,5 cm, il est fabriqu\u00e9 en m\u00e9tal solide et en polyester r\u00e9sistant, offrant stabilit\u00e9 et confort. Le design gris neutre s&rsquo;adapte facilement \u00e0 n&rsquo;importe quel espace de votre maison Offre un endroit id\u00e9al pour que votre chat se d\u00e9tende et joue.<\/p>\n","protected":false},"excerpt":{"rendered":"<p>Cette tour de maison pour chat est parfaite pour que votre f\u00e9lin ait son propre abri. Avec des dimensions de 69 x 35,5 x 35,5 cm, il est fabriqu\u00e9 en m\u00e9tal solide et en polyester r\u00e9sistant, offrant stabilit\u00e9 et confort. Le design gris neutre s&rsquo;adapte facilement \u00e0 n&rsquo;importe quel espace de votre maison Offre un [&#8230;]\n","protected":false},"featured_media":35956,"template":"","meta":{"jetpack_publicize_message":"","jetpack_publicize_feature_enabled":true,"jetpack_social_post_already_shared":true,"jetpack_social_options":{"image_generator_settings":{"template":"highway","default_image_id":0,"font":"","enabled":false},"version":2}},"product_brand":[],"product_cat":[124,125],"product_tag":[],"class_list":{"0":"post-35951","1":"product","2":"type-product","3":"status-publish","4":"has-post-thumbnail","6":"product_cat-lits-et-cages","7":"product_cat-lits-et-cages-chien","9":"first","10":"instock","11":"sale","12":"taxable","13":"shipping-taxable","14":"purchasable","15":"product-type-simple"},"supplier_id":22725,"supplier_sku":"572578","barcode":null,"atum_controlled":true,"out_stock_date":null,"out_stock_threshold":null,"inheritable":false,"inbound_stock":0,"stock_on_hold":0,"sold_today":0,"sales_last_days":0,"reserved_stock":0,"customer_returns":0,"warehouse_damage":0,"lost_in_post":0,"other_logs":0,"out_stock_days":0,"lost_sales":0,"has_location":false,"update_date":"2026-04-04T10:31:54","atum_locations":[],"atum_stock_status":"instock","restock_status":false,"low_stock_amount":2,"sales_update_date":"2026-04-04T10:31:54","calc_backorders":null,"jetpack_publicize_connections":[],"jetpack_sharing_enabled":true,"batches":[],"_links":{"self":[{"href":"https:\/\/petworld.ma\/index.php\/wp-json\/wp\/v2\/product\/35951","targetHints":{"allow":["GET"]}}],"collection":[{"href":"https:\/\/petworld.ma\/index.php\/wp-json\/wp\/v2\/product"}],"about":[{"href":"https:\/\/petworld.ma\/index.php\/wp-json\/wp\/v2\/types\/product"}],"wp:featuredmedia":[{"embeddable":true,"href":"https:\/\/petworld.ma\/index.php\/wp-json\/wp\/v2\/media\/35956"}],"wp:attachment":[{"href":"https:\/\/petworld.ma\/index.php\/wp-json\/wp\/v2\/media?parent=35951"}],"wp:term":[{"taxonomy":"product_brand","embeddable":true,"href":"https:\/\/petworld.ma\/index.php\/wp-json\/wp\/v2\/product_brand?post=35951"},{"taxonomy":"product_cat","embeddable":true,"href":"https:\/\/petworld.ma\/index.php\/wp-json\/wp\/v2\/product_cat?post=35951"},{"taxonomy":"product_tag","embeddable":true,"href":"https:\/\/petworld.ma\/index.php\/wp-json\/wp\/v2\/product_tag?post=35951"}],"curies":[{"name":"wp","href":"https:\/\/api.w.org\/{rel}","templated":true}]}}