{"id":36064,"date":"2026-02-19T10:01:36","date_gmt":"2026-02-19T10:01:36","guid":{"rendered":"https:\/\/petworld.ma\/?post_type=product&#038;p=36064"},"modified":"2026-04-03T20:19:32","modified_gmt":"2026-04-03T20:19:32","slug":"royal-canin-persian-adulte-2-kg-baril-gratuit","status":"publish","type":"product","link":"https:\/\/petworld.ma\/index.php\/produit\/royal-canin-persian-adulte-2-kg-baril-gratuit\/","title":{"rendered":"Royal Canin Persian Adulte 2 Kg + Baril Gratuit"},"content":{"rendered":"<div class=\"product-section description-section\">\n<div class=\"single-description fr-view\">\n<div>\n<div>\n<h2>Aliment complet et \u00e9quilibr\u00e9 pour chats &#8211; Sp\u00e9cial chats adultes Persans- \u00c0 partir de 12 mois.<\/h2>\n<\/div>\n<\/div>\n<div>\n<div data-gtm-vis-first-on-screen-40760133_376=\"44482\" data-gtm-vis-first-on-screen-40760133_379=\"44482\" data-gtm-vis-has-fired-40760133_376=\"1\" data-gtm-vis-has-fired-40760133_379=\"1\" data-gtm-vis-recent-on-screen-40760133_376=\"44482\" data-gtm-vis-recent-on-screen-40760133_379=\"44482\" data-gtm-vis-total-visible-time-40760133_376=\"500\" data-gtm-vis-total-visible-time-40760133_379=\"500\" data-tms=\"Product description\">\n<div>\n<div>\n<div>\n<div>\n<p>Le chat Persan est la race dont le pelage est le plus long et le plus \u00e9pais. Cela signifie que son alimentation doit contenir plus de nutriments favorisant la sant\u00e9 de la peau que celle des autres chats. \u00a0 C\u2019est pourquoi ROYAL CANIN\u00ae Persian Adult contient un complexe exclusif de nutriments qui aide \u00e0 renforcer la barri\u00e8re protectrice de la peau afin de maintenir une peau et un pelage en pleine sant\u00e9. \u00a0 La longue fourrure des chats Persans les pr\u00e9dispose \u00e0 la formation de boules de poils qui peuvent \u00eatre source d\u2019inconfort. Cependant, gr\u00e2ce \u00e0 ROYAL CANIN\u00ae Persian Adult, les poils ing\u00e9r\u00e9s sont \u00e9limin\u00e9s, la formation de boules de poils est contr\u00f4l\u00e9e et le transit intestinal naturellement stimul\u00e9 par un m\u00e9lange sp\u00e9cifique de fibres (dont le psyllium, riche en mucilages). \u00a0 La performance digestive est \u00e9galement renforc\u00e9e gr\u00e2ce \u00e0 des prot\u00e9ines hyperdigestibles (L.I.P.), \u00e0 des pr\u00e9biotiques et des acides gras om\u00e9ga-3 et om\u00e9ga-6. \u00a0 De plus, les croquettes sur mesure ROYAL CANIN\u00ae Persian Adult sont en forme d\u2019amande et pr\u00e9sentent une surface de contact optimale, facilitant ainsi leur mastication. \u00a0 Pour r\u00e9pondre aux pr\u00e9f\u00e9rences individuelles de chaque chat, ROYAL CANIN\u00ae Persian Adult est \u00e9galement disponible en version humide en mousse. Si vous envisagez une alimentation mixte, suivez simplement nos instructions pour vous assurer que votre chat re\u00e7oit le bon dosage d\u2019aliments secs et humides pour un b\u00e9n\u00e9fice optimal.<\/p>\n<p><strong>\u00a0 \u00a0BENEFICES :<\/strong><\/p>\n<div data-gtm-vis-first-on-screen-40760133_376=\"44482\" data-gtm-vis-first-on-screen-40760133_379=\"44482\" data-gtm-vis-has-fired-40760133_376=\"1\" data-gtm-vis-has-fired-40760133_379=\"1\" data-gtm-vis-recent-on-screen-40760133_376=\"44482\" data-gtm-vis-recent-on-screen-40760133_379=\"44482\" data-gtm-vis-total-visible-time-40760133_376=\"500\" data-gtm-vis-total-visible-time-40760133_379=\"500\" data-tms=\"Product description\">\n<div>\n<div>\n<div>\n<div>\n<ul>\n<li>\n<div>Sp\u00e9cial m\u00e2choire brachyc\u00e9phale<\/div>\n<div>Cette croquette exclusive en forme d\u2019amande, dot\u00e9e d\u2019une surface de contact optimale, permet au chat Persan de la saisir et de la m\u00e2cher facilement.<\/div>\n<\/li>\n<li>\n<div>Sant\u00e9 du pelage long<\/div>\n<div>Le chat Persan se caract\u00e9rise par un pelage long et abondant avec un sous-poil dense. Un complexe exclusif de nutriments aide \u00e0 renforcer le r\u00f4le \u00ab barri\u00e8re \u00bb de la peau et \u00e0 maintenir la sant\u00e9 de la peau et la beaut\u00e9 du pelage. Enrichi en acides gras om\u00e9ga-3 et om\u00e9ga-6.<\/div>\n<\/li>\n<li>\n<div>R\u00e9duction des boules de poils<\/div>\n<div>Parce qu\u2019il poss\u00e8de un pelage long et dense, le chat Persan avale r\u00e9guli\u00e8rement une grande quantit\u00e9 de poils pendant la toilette. Un m\u00e9lange sp\u00e9cifique de fibres (dont du psyllium, riche en mucilage) aide \u00e0 stimuler naturellement le transit intestinal, \u00e9liminer les poils ing\u00e9r\u00e9s et contr\u00f4ler la formation des boules de poils.<\/div>\n<\/li>\n<li>\n<div>Performance digestive<\/div>\n<div>Des prot\u00e9ines hautement digestibles (L.I.P.*) pour contribuer \u00e0 une bonne digestion, et des pr\u00e9biotiques pour aider \u00e0 favoriser l\u2019\u00e9quilibre de la flore intestinale. *L.I.P.\u00a0: prot\u00e9ines s\u00e9lectionn\u00e9es pour leur tr\u00e8s haute digestibilit\u00e9.<\/div>\n<\/li>\n<li>\n<div>Sant\u00e9 urinaire<\/div>\n<div>Formul\u00e9 avec un \u00e9quilibre de min\u00e9raux pour contribuer \u00e0 la sant\u00e9 du syst\u00e8me urinaire du chat adulte.<\/div>\n<\/li>\n<\/ul>\n<p><strong>\u00a0 \u00a0 INFORMATIONS NUTRITIONELLES :<\/strong><\/p>\n<div data-gtm-vis-first-on-screen-40760133_376=\"44482\" data-gtm-vis-first-on-screen-40760133_379=\"44482\" data-gtm-vis-has-fired-40760133_376=\"1\" data-gtm-vis-has-fired-40760133_379=\"1\" data-gtm-vis-recent-on-screen-40760133_376=\"44482\" data-gtm-vis-recent-on-screen-40760133_379=\"44482\" data-gtm-vis-total-visible-time-40760133_376=\"500\" data-gtm-vis-total-visible-time-40760133_379=\"500\" data-tms=\"Product description\">\n<div>\n<div>\n<div>\n<div>\n<div>Composition : prot\u00e9ines de volaille d\u00e9shydrat\u00e9es, graisses animales, riz, isolat de prot\u00e9ines v\u00e9g\u00e9tales*, farine de ma\u00efs, fibres v\u00e9g\u00e9tales, hydrolysat de prot\u00e9ines animales, gluten de ma\u00efs, farine de bl\u00e9, ma\u00efs, levures et composants de levures, sels min\u00e9raux, pulpe de chicor\u00e9e, huile de poisson, t\u00e9guments et graines de psyllium (1 %), huile de soja, fructo-oligosaccharides, hydrolysat de levure (source de manno-oligosaccharides), huile de bourrache, extrait de rose d\u2019Inde (source de lut\u00e9ine).<\/div>\n<p>Additifs (au kg)\u00a0: Additifs nutritionnels\u00a0: Vitamine A\u00a0: 31000\u00a0UI, Vitamine D3\u00a0: 800\u00a0UI, E1 (Fer)\u00a0: 36\u00a0mg, E2 (Iode)\u00a0: 3,6\u00a0mg, E4 (Cuivre)\u00a0: 11\u00a0mg, E5 (Mangan\u00e8se)\u00a0: 47\u00a0mg, E6 (Zinc)\u00a0: 140\u00a0mg, E8 (S\u00e9l\u00e9nium)\u00a0: 0,08\u00a0mg\u00a0&#8211; Additifs technologiques\u00a0: Clinoptilolite d\u2019origine s\u00e9dimentaire\u00a0: 10\u00a0g\u00a0&#8211; Conservateurs\u00a0&#8211; Antioxyg\u00e8nes.<\/p>\n<p>Constituants analytiques : Prot\u00e9ine : 30 % &#8211; Teneur en mati\u00e8res grasses : 22 % &#8211; Cendres brutes : 7,4 % &#8211; Cellulose brute : 4,7 % &#8211; Au kg : Acides gras om\u00e9ga-6 : 48,4 g &#8211; Acides gras om\u00e9ga-3 : 11 g.<\/p>\n<p>Mode d\u2019emploi : voir tableau. Num\u00e9ro de lot et d\u2019identifiant usine, \u00e0 utiliser de pr\u00e9f\u00e9rence avant : voir sur l\u2019emballage. \u00c0 conserver dans un endroit sec et frais.<\/p>\n<p><strong>\u00a0 \u00a0RATIONS :<\/strong><\/p>\n<div data-gtm-vis-first-on-screen-40760133_376=\"44482\" data-gtm-vis-first-on-screen-40760133_379=\"44482\" data-gtm-vis-has-fired-40760133_376=\"1\" data-gtm-vis-has-fired-40760133_379=\"1\" data-gtm-vis-recent-on-screen-40760133_376=\"44482\" data-gtm-vis-recent-on-screen-40760133_379=\"44482\" data-gtm-vis-total-visible-time-40760133_376=\"500\" data-gtm-vis-total-visible-time-40760133_379=\"500\" data-tms=\"Product description\">\n<div>\n<div>\n<div>\n<div>\n<div>\n<table>\n<thead>\n<tr>\n<th>Poids du chat<\/th>\n<th>Besoins \u00e9nerg\u00e9tiques faibles<\/th>\n<th>Besoins \u00e9nerg\u00e9tiques mod\u00e9r\u00e9s<\/th>\n<\/tr>\n<\/thead>\n<tbody>\n<tr>\n<td>3 kg<\/td>\n<td>33 g (ou 11 g + 1 sachet)<\/td>\n<td>41 g (ou 19 g + 1 sachet)<\/td>\n<\/tr>\n<tr>\n<td>4 kg<\/td>\n<td>40 g (ou 18 g + 1 sachet)<\/td>\n<td>50 g (ou 29 g + 1 sachet)<\/td>\n<\/tr>\n<tr>\n<td>5 kg<\/td>\n<td>47 g (ou 25 g + 1 sachet)<\/td>\n<td>59 g (ou 37 g + 1 sachet)<\/td>\n<\/tr>\n<tr>\n<td>6 kg<\/td>\n<td>54 g (ou 32 g + 1 sachet)<\/td>\n<td>67 g (ou 45 g + 1 sachet)<\/td>\n<\/tr>\n<\/tbody>\n<\/table>\n<p><a href=\"https:\/\/wa.me\/212708052510\" target=\"_blank\" rel=\"noopener noreferrer\"><img loading=\"lazy\" decoding=\"async\" class=\"fr-fic fr-dib aligncenter\" src=\"https:\/\/cdn.youcan.shop\/stores\/d0742d556df94ddbc7ae4c9810aff04b\/others\/csTgBKOO32bpRZNFOrmS5LdITMZbylkX3cJ1txvc.png\" width=\"310\" height=\"82\" data-name=\"stores\/d0742d556df94ddbc7ae4c9810aff04b\/others\/csTgBKOO32bpRZNFOrmS5LdITMZbylkX3cJ1txvc.png\" \/><\/a><\/p>\n<\/div>\n<\/div>\n<\/div>\n<\/div>\n<\/div>\n<\/div>\n<\/div>\n<\/div>\n<\/div>\n<\/div>\n<\/div>\n<\/div>\n<\/div>\n<\/div>\n<\/div>\n<\/div>\n<\/div>\n<\/div>\n<\/div>\n<\/div>\n<\/div>\n<\/div>\n<\/div>\n<\/div>\n<div class=\"product-section add-to-cart-section\">\n<div class=\"quantity\"><\/div>\n<\/div>\n","protected":false},"excerpt":{"rendered":"<p>Aliment complet et \u00e9quilibr\u00e9 pour chats &#8211; Sp\u00e9cial chats adultes Persans- \u00c0 partir de 12 mois. Le chat Persan est la race dont le pelage est le plus long et le plus \u00e9pais. Cela signifie que son alimentation doit contenir plus de nutriments favorisant la sant\u00e9 de la peau que celle des autres chats. \u00a0 [&#8230;]\n","protected":false},"featured_media":36099,"template":"","meta":{"jetpack_publicize_message":"","jetpack_publicize_feature_enabled":true,"jetpack_social_post_already_shared":true,"jetpack_social_options":{"image_generator_settings":{"template":"highway","default_image_id":0,"font":"","enabled":false},"version":2}},"product_brand":[],"product_cat":[40],"product_tag":[],"class_list":{"0":"post-36064","1":"product","2":"type-product","3":"status-publish","4":"has-post-thumbnail","6":"product_cat-coquettes-pour-chat","8":"first","9":"instock","10":"taxable","11":"shipping-taxable","12":"purchasable","13":"product-type-simple"},"supplier_id":5587,"supplier_sku":"100092-600","barcode":null,"atum_controlled":true,"out_stock_date":null,"out_stock_threshold":null,"inheritable":false,"inbound_stock":0,"stock_on_hold":2,"sold_today":0,"sales_last_days":0,"reserved_stock":0,"customer_returns":0,"warehouse_damage":0,"lost_in_post":0,"other_logs":0,"out_stock_days":0,"lost_sales":0,"has_location":false,"update_date":"2026-04-05T12:58:04","atum_locations":[],"atum_stock_status":"instock","restock_status":false,"low_stock_amount":2,"sales_update_date":"2026-04-05T12:58:04","calc_backorders":null,"jetpack_publicize_connections":[],"jetpack_sharing_enabled":true,"batches":[{"id":"7782","date_created":"2026-02-19 10:07:36","date_expiry":"2027-05-05 00:00:00","user_id":"2760","batch_number":"Royal Canin Persian Adulte 2 Kg + Baril Gratuit 050527","location":"","quantity":"12.0000","quantity_available":"5.0000","units":"1","status":"active","order_ids":"[36755,37236,37421,37455,38643,38896]","supplier":"Royal Canin","po":{"id":"7717","date_created":"2026-02-19 10:07:36","batch_id":"7782","po_number":"","supplier":"Royal Canin","cost":null,"regular_price":null,"sale_price":null,"price_margin":null,"price_discount":null}},{"id":"7929","date_created":"2026-02-24 20:53:19","date_expiry":"2027-05-05 00:00:00","user_id":"2760","batch_number":"Royal Canin Persian Adulte 2 Kg + Baril Gratuit 050527","location":"","quantity":"1.0000","quantity_available":"0.0000","units":"1","status":"archived","order_ids":"[36473]","supplier":"Royal Canin","po":{"id":"7867","date_created":"2026-02-24 20:53:20","batch_id":"7929","po_number":"","supplier":"Royal Canin","cost":null,"regular_price":null,"sale_price":null,"price_margin":null,"price_discount":null}}],"_links":{"self":[{"href":"https:\/\/petworld.ma\/index.php\/wp-json\/wp\/v2\/product\/36064","targetHints":{"allow":["GET"]}}],"collection":[{"href":"https:\/\/petworld.ma\/index.php\/wp-json\/wp\/v2\/product"}],"about":[{"href":"https:\/\/petworld.ma\/index.php\/wp-json\/wp\/v2\/types\/product"}],"wp:featuredmedia":[{"embeddable":true,"href":"https:\/\/petworld.ma\/index.php\/wp-json\/wp\/v2\/media\/36099"}],"wp:attachment":[{"href":"https:\/\/petworld.ma\/index.php\/wp-json\/wp\/v2\/media?parent=36064"}],"wp:term":[{"taxonomy":"product_brand","embeddable":true,"href":"https:\/\/petworld.ma\/index.php\/wp-json\/wp\/v2\/product_brand?post=36064"},{"taxonomy":"product_cat","embeddable":true,"href":"https:\/\/petworld.ma\/index.php\/wp-json\/wp\/v2\/product_cat?post=36064"},{"taxonomy":"product_tag","embeddable":true,"href":"https:\/\/petworld.ma\/index.php\/wp-json\/wp\/v2\/product_tag?post=36064"}],"curies":[{"name":"wp","href":"https:\/\/api.w.org\/{rel}","templated":true}]}}