{"id":36065,"date":"2026-02-19T10:33:46","date_gmt":"2026-02-19T10:33:46","guid":{"rendered":"https:\/\/petworld.ma\/?post_type=product&#038;p=36065"},"modified":"2026-04-02T11:52:11","modified_gmt":"2026-04-02T11:52:11","slug":"gosbi-croquettes-exclusive-poulet-et-dinde-pour-chaton-400g","status":"publish","type":"product","link":"https:\/\/petworld.ma\/index.php\/produit\/gosbi-croquettes-exclusive-poulet-et-dinde-pour-chaton-400g\/","title":{"rendered":"Gosbi Croquettes Exclusive Poulet et Dinde Pour Chaton (400g | 1,5kg)"},"content":{"rendered":"<p>Une recette compl\u00e8te et \u00e9quilibr\u00e9e avec 86% de prot\u00e9ines de qualit\u00e9 pour favoriser une croissance saine et de nombreux b\u00e9n\u00e9fices pour la sant\u00e9 de votre chaton.<br \/>\n<strong>Taille de la croquette:\u00a0<\/strong>8,4 mm<\/p>\n<div class=\"col-12 col-md-7\">\n<h2 class=\"ng-star-inserted\"><b>Composition<\/b><\/h2>\n<p>Poulet et dinde 54% (poulet d\u00e9shydrat\u00e9 26%, graisse de poulet, dinde d\u00e9shydrat\u00e9e 10%, foie de poulet hydrolys\u00e9), riz 15%, petits pois 9%, pomme de terre d\u00e9shydrat\u00e9e 7%, huile de saumon, pulpe de betterave s\u00e9ch\u00e9e, graines de lin, substances min\u00e9rales, fibres v\u00e9g\u00e9tales, FORMULE PROCATVITAL (1%): luzerne d\u00e9shydrat\u00e9e, huile d&rsquo;olive (0,2%), inuline (FOS), produits de levure (MOS), yucca de Mojave, pulpe de chicor\u00e9e s\u00e9ch\u00e9e, myrtilles s\u00e9ch\u00e9es, algues s\u00e9ch\u00e9es, Tagetes sp. (source naturelle de lut\u00e9ine), romarin, \u00e9pinards s\u00e9ch\u00e9s, graine de plantain, racine de curcuma.<\/p>\n<\/div>\n<div class=\"col-12 col-md-5\">\n<div class=\"row align-items-between h-100\">\n<div class=\"col-12\">\n<h2 class=\"ng-star-inserted\"><b>Composants analytiques<\/b><\/h2>\n<p>Prot\u00e9ines brutes: 36%, mati\u00e8res grasses brutes: 20%, cendres brutes: 8%, cellulose brute: 2,6%.<\/p>\n<\/div>\n<div class=\"col-12\">\n<h2 class=\"ng-star-inserted\"><b>Instructions d\u2019utilisation<\/b><\/h2>\n<p>Conserver dans un endroit sec et frais. Suivez le tableau indiquant les rations journali\u00e8res recommand\u00e9es. Ces quantit\u00e9s sont indicatives, elles doivent donc \u00eatre adapt\u00e9es aux besoins \u00e9nerg\u00e9tiques de votre chat. Laissez toujours de l\u2019eau propre et fraiche \u00e0 disposition du chat.<\/p>\n<\/div>\n<\/div>\n<\/div>\n","protected":false},"excerpt":{"rendered":"<p>Une recette compl\u00e8te et \u00e9quilibr\u00e9e avec 86% de prot\u00e9ines de qualit\u00e9 pour favoriser une croissance saine et de nombreux b\u00e9n\u00e9fices pour la sant\u00e9 de votre chaton. Taille de la croquette:\u00a08,4 mm Composition Poulet et dinde 54% (poulet d\u00e9shydrat\u00e9 26%, graisse de poulet, dinde d\u00e9shydrat\u00e9e 10%, foie de poulet hydrolys\u00e9), riz 15%, petits pois 9%, pomme [&#8230;]\n","protected":false},"featured_media":36066,"template":"","meta":{"jetpack_publicize_message":"","jetpack_publicize_feature_enabled":true,"jetpack_social_post_already_shared":true,"jetpack_social_options":{"image_generator_settings":{"template":"highway","default_image_id":0,"font":"","enabled":false},"version":2}},"product_brand":[],"product_cat":[37,40],"product_tag":[],"class_list":{"0":"post-36065","1":"product","2":"type-product","3":"status-publish","4":"has-post-thumbnail","6":"product_cat-aliments-pour-chat","7":"product_cat-coquettes-pour-chat","9":"first","10":"instock","11":"taxable","12":"shipping-taxable","13":"purchasable","14":"product-type-variable"},"supplier_id":null,"supplier_sku":"900501","barcode":null,"atum_controlled":true,"out_stock_date":null,"out_stock_threshold":null,"inheritable":true,"inbound_stock":0,"stock_on_hold":0,"sold_today":0,"sales_last_days":1,"reserved_stock":0,"customer_returns":0,"warehouse_damage":0,"lost_in_post":0,"other_logs":0,"out_stock_days":0,"lost_sales":0,"has_location":false,"update_date":"2026-04-09T12:03:44","atum_locations":[],"atum_stock_status":"instock","restock_status":false,"low_stock_amount":1,"sales_update_date":"2026-04-09T12:03:44","calc_backorders":null,"jetpack_publicize_connections":[],"jetpack_sharing_enabled":true,"batches":[{"id":"7783","date_created":"2026-02-19 10:33:47","date_expiry":"2027-03-31 00:00:00","user_id":"2461","batch_number":"Gosbi Croquettes Exclusive Poulet et Dinde Pour Chaton 400g310327","location":"","quantity":"3.0000","quantity_available":"3.0000","units":"1","status":"active","order_ids":null,"supplier":"Gosbi","po":{"id":"7718","date_created":"2026-02-19 10:33:47","batch_id":"7783","po_number":"","supplier":"Gosbi","cost":null,"regular_price":null,"sale_price":null,"price_margin":null,"price_discount":null}},{"id":"8580","date_created":"2026-03-28 13:15:39","date_expiry":"2027-03-31 00:00:00","user_id":"2461","batch_number":"Gosbi Croquettes Exclusive Poulet et Dinde Pour Chaton 400g310327","location":"","quantity":"6.0000","quantity_available":"6.0000","units":"1","status":"active","order_ids":null,"supplier":"Gosbi","po":{"id":"8508","date_created":"2026-03-28 13:15:40","batch_id":"8580","po_number":"","supplier":"Gosbi","cost":null,"regular_price":null,"sale_price":null,"price_margin":null,"price_discount":null}}],"_links":{"self":[{"href":"https:\/\/petworld.ma\/index.php\/wp-json\/wp\/v2\/product\/36065","targetHints":{"allow":["GET"]}}],"collection":[{"href":"https:\/\/petworld.ma\/index.php\/wp-json\/wp\/v2\/product"}],"about":[{"href":"https:\/\/petworld.ma\/index.php\/wp-json\/wp\/v2\/types\/product"}],"wp:featuredmedia":[{"embeddable":true,"href":"https:\/\/petworld.ma\/index.php\/wp-json\/wp\/v2\/media\/36066"}],"wp:attachment":[{"href":"https:\/\/petworld.ma\/index.php\/wp-json\/wp\/v2\/media?parent=36065"}],"wp:term":[{"taxonomy":"product_brand","embeddable":true,"href":"https:\/\/petworld.ma\/index.php\/wp-json\/wp\/v2\/product_brand?post=36065"},{"taxonomy":"product_cat","embeddable":true,"href":"https:\/\/petworld.ma\/index.php\/wp-json\/wp\/v2\/product_cat?post=36065"},{"taxonomy":"product_tag","embeddable":true,"href":"https:\/\/petworld.ma\/index.php\/wp-json\/wp\/v2\/product_tag?post=36065"}],"curies":[{"name":"wp","href":"https:\/\/api.w.org\/{rel}","templated":true}]}}