{"id":36068,"date":"2026-02-19T10:37:14","date_gmt":"2026-02-19T10:37:14","guid":{"rendered":"https:\/\/petworld.ma\/?post_type=product&#038;p=36068"},"modified":"2026-04-03T20:28:35","modified_gmt":"2026-04-03T20:28:35","slug":"gosbi-croquettes-exclusive-poulet-et-dinde-pour-chat-sterilise-400g-1-5kg-6kg","status":"publish","type":"product","link":"https:\/\/petworld.ma\/index.php\/produit\/gosbi-croquettes-exclusive-poulet-et-dinde-pour-chat-sterilise-400g-1-5kg-6kg\/","title":{"rendered":"Gosbi Croquettes Exclusive Poulet et Saumon Pour Chat St\u00e9rilis\u00e9 ( 400g | 1.5kg | 6kg )"},"content":{"rendered":"<p>Contr\u00f4lez le poids de votre chat st\u00e9rilis\u00e9 gr\u00e2ce \u00e0 cette recette compl\u00e8te et \u00e9quilibr\u00e9e \u00e9labor\u00e9e \u00e0 base de poulet et de saumon.<br \/>\n<strong>Taille de la croquette:\u00a0<\/strong>12 mm<\/p>\n<div class=\"col-12 col-md-7\">\n<h2 class=\"ng-star-inserted\"><b>Composition<\/b><\/h2>\n<p>Poulet et saumon 52% (poulet d\u00e9shydrat\u00e9 26%, saumon d\u00e9shydrat\u00e9 12%, graisse de poulet, huile de saumon, foie de poulet hydrolys\u00e9), riz 15%, petits pois 14%, pomme de terre d\u00e9shydrat\u00e9e 7%, pulpe de betterave s\u00e9ch\u00e9e, \u0153uf en poudre 2%, graines de lin, substances min\u00e9rales, fibre v\u00e9g\u00e9tale, FORMULE PROCATVITAL (1%): luzerne d\u00e9shydrat\u00e9e, huile d&rsquo;olive (0,2%), inuline (FOS), produits de levure (MOS), yucca de Mojave, pulpe de chicor\u00e9e s\u00e9ch\u00e9e, myrtilles s\u00e9ch\u00e9es, algues s\u00e9ch\u00e9es, Tagetes sp. (source naturelle de lut\u00e9ine), romarin, \u00e9pinards s\u00e9ch\u00e9s, graine de plantain, racine de curcuma.<\/p>\n<\/div>\n<div class=\"col-12 col-md-5\">\n<div class=\"row align-items-between h-100\">\n<div class=\"col-12\">\n<h2 class=\"ng-star-inserted\"><b>Composants analytiques<\/b><\/h2>\n<p>Prot\u00e9ines brutes: 34%, mati\u00e8res grasses brutes: 13%, cendres brutes: 9%, cellulose brute: 4,5%.<\/p>\n<\/div>\n<div class=\"col-12\">\n<h2 class=\"ng-star-inserted\"><b>Instructions d\u2019utilisation<\/b><\/h2>\n<p>Conserver dans un endroit sec et frais. Suivez le tableau indiquant les rations journali\u00e8res recommand\u00e9es. Ces quantit\u00e9s sont indicatives, elles doivent donc \u00eatre adapt\u00e9es aux besoins \u00e9nerg\u00e9tiques de votre chat. Laissez toujours de l\u2019eau propre et fraiche \u00e0 disposition du chat.<\/p>\n<\/div>\n<\/div>\n<\/div>\n","protected":false},"excerpt":{"rendered":"<p>Aliment complet pour chats adultes st\u00e9rilis\u00e9e avec une tendance au surpoids.<\/p>\n","protected":false},"featured_media":36075,"template":"","meta":{"jetpack_publicize_message":"","jetpack_publicize_feature_enabled":true,"jetpack_social_post_already_shared":true,"jetpack_social_options":{"image_generator_settings":{"template":"highway","default_image_id":0,"font":"","enabled":false},"version":2}},"product_brand":[],"product_cat":[40],"product_tag":[],"class_list":{"0":"post-36068","1":"product","2":"type-product","3":"status-publish","4":"has-post-thumbnail","6":"product_cat-coquettes-pour-chat","8":"first","9":"instock","10":"taxable","11":"shipping-taxable","12":"purchasable","13":"product-type-variable"},"supplier_id":null,"supplier_sku":"","barcode":null,"atum_controlled":true,"out_stock_date":null,"out_stock_threshold":null,"inheritable":true,"inbound_stock":0,"stock_on_hold":2,"sold_today":0,"sales_last_days":2,"reserved_stock":0,"customer_returns":0,"warehouse_damage":0,"lost_in_post":0,"other_logs":0,"out_stock_days":null,"lost_sales":0,"has_location":false,"update_date":"2026-04-05T18:20:26","atum_locations":[],"atum_stock_status":"instock","restock_status":false,"low_stock_amount":1,"sales_update_date":"2026-04-03T17:28:55","calc_backorders":null,"jetpack_publicize_connections":[],"jetpack_sharing_enabled":true,"batches":[],"_links":{"self":[{"href":"https:\/\/petworld.ma\/index.php\/wp-json\/wp\/v2\/product\/36068","targetHints":{"allow":["GET"]}}],"collection":[{"href":"https:\/\/petworld.ma\/index.php\/wp-json\/wp\/v2\/product"}],"about":[{"href":"https:\/\/petworld.ma\/index.php\/wp-json\/wp\/v2\/types\/product"}],"wp:featuredmedia":[{"embeddable":true,"href":"https:\/\/petworld.ma\/index.php\/wp-json\/wp\/v2\/media\/36075"}],"wp:attachment":[{"href":"https:\/\/petworld.ma\/index.php\/wp-json\/wp\/v2\/media?parent=36068"}],"wp:term":[{"taxonomy":"product_brand","embeddable":true,"href":"https:\/\/petworld.ma\/index.php\/wp-json\/wp\/v2\/product_brand?post=36068"},{"taxonomy":"product_cat","embeddable":true,"href":"https:\/\/petworld.ma\/index.php\/wp-json\/wp\/v2\/product_cat?post=36068"},{"taxonomy":"product_tag","embeddable":true,"href":"https:\/\/petworld.ma\/index.php\/wp-json\/wp\/v2\/product_tag?post=36068"}],"curies":[{"name":"wp","href":"https:\/\/api.w.org\/{rel}","templated":true}]}}