{"id":36083,"date":"2026-02-19T11:51:12","date_gmt":"2026-02-19T11:51:12","guid":{"rendered":"https:\/\/petworld.ma\/?post_type=product&#038;p=36083"},"modified":"2026-03-12T17:22:39","modified_gmt":"2026-03-12T17:22:39","slug":"brit-croquettes-fresh-turkey-with-pea-dinde-aux-pois-adulte-forme-minceur-12-kg-2-5kg-gratuit","status":"publish","type":"product","link":"https:\/\/petworld.ma\/index.php\/produit\/brit-croquettes-fresh-turkey-with-pea-dinde-aux-pois-adulte-forme-minceur-12-kg-2-5kg-gratuit\/","title":{"rendered":"Brit Croquettes Fresh Turkey with Pea (Dinde aux pois) Adulte \u2013 Forme &amp; Minceur 12 Kg + 2.5Kg Gratuit"},"content":{"rendered":"<div class=\"col-sm-8\">\n<div class=\"hidden-xs\">\n<div class=\"hidden-xs\">\n<p>Dinde fra\u00eeche avec pois, riz, aronie, pissenlit. Formule super premium pour chiens adultes peu actifs, chiens en surpoids et chiens seniors. Aliment holistique produit par une m\u00e9thode douce avec 40 % de viande fra\u00eeche. Aliment complet pour chiens.<\/p>\n<\/div>\n<p>\u201e\u00a0Lors de la pr\u00e9paration des granul\u00e9s Brit Fresh, nous avons utilis\u00e9 de la viande fra\u00eeche et avons ainsi omis une \u00e9tape de sa transformation. Nous avons ainsi conserv\u00e9 les propri\u00e9t\u00e9s nutritionnelles naturelles et surtout gustatives de la viande et son ar\u00f4me. Avec des accompagnements \u00e0 base de c\u00e9r\u00e9ales d\u2019origine telles que le sarrasin, le millet ou l\u2019avoine, les herbes traditionnelles, la citrouille, les courgettes et les fruits, nous avons cr\u00e9\u00e9 un menu sain et d\u00e9licieux. Et cela plaira certainement \u00e0 tous les chiens gourmands qui aiment des go\u00fbts d\u00e9licieux et sain \u00e0 un niveau \u00e9lev\u00e9.\u201c<\/p>\n<ul>\n<li>Pour les chiens adultes en surpoids et les chiens plus \u00e2g\u00e9s<\/li>\n<li>Meilleur go\u00fbt et ar\u00f4me frais, meilleure app\u00e9tence \u00e0 long terme<\/li>\n<li>Contient des c\u00e9r\u00e9ales originales et des cultures anciennes &#8211; pois, riz, avoine, sarrasin, graines de lin, aronia<\/li>\n<li>Herbes traditionnelles &#8211; thym, romarin, souci, pissenlit, persil<\/li>\n<li>Sans gluten &#8211; sans soja &#8211; sans ma\u00efs &#8211; sans colorants ni ar\u00f4mes chimiques &#8211; sans antioxydants<\/li>\n<\/ul>\n<p class=\"composition\"><strong>Composition:<\/strong><\/p>\n<p>dinde fra\u00eeche (40 %), pois (10%), dinde s\u00e9ch\u00e9e (10%), riz (8%), graisse de poulet (conserv\u00e9e par un m\u00e9lange de tocoph\u00e9rols), pommes, avoine, sarrasin, psyllium, betterave sucri\u00e8re enti\u00e8re, huile de saumon, levure de bi\u00e8re, graine de lin, foie de poulet, collag\u00e8ne, algues, aronie (0,2%), persil, romarin, thym, calendula, pissenlit (0,05%), probiotiques (Enterococcus faecium 1&#215;109 UFC), glucosamine 1 700 mg\/kg, sulfate de chondro\u00eftine 1 300 mg\/kg, fructo-oligosaccharides 220 mg\/kg, \u03b2-glucanes 200 mg\/kg, manno-oligosaccharides 180 mg\/kg, yucca 150 mg\/kg, moules vertes 100 mg\/kg.<\/p>\n<p>&nbsp;<\/p>\n<p><strong>Composants analytiques:<\/strong><\/p>\n<p>prot\u00e9ine brute 27,0 %, teneur en mati\u00e8res grasses 12,0 %, cellulose brute 5,0 %, cendres brutes 7,5 %, humidit\u00e9 10,0 %, acides gras Om\u00e9ga-3 0,7 %, acides gras Om\u00e9ga-6 0,85 %, EPA (20:5 n3) 0,2 %, DHA (22:6 n3) 0,4 %, calcium 1,6 %, phosphore 1,1 %<\/p>\n<p>&nbsp;<\/p>\n<p><strong>Ingr\u00e9dients:<\/strong><\/p>\n<p>vitamine A (3a672a) 22 000 UI, vitamine D3 (E671) 1 800 UI, vitamine E (3a700) 600 mg, vitamine C (3a312) 500 mg, L-carnitine (3a910) 550 mg, chlorure de choline (3a890) 750 mg, biotine (3a880) 0,9 mg, vitamine B1 (3a821) 7 mg, vitamine B2 9 mg, niacinamide (3a315) 42 mg, D-pantoth\u00e9nate de calcium (3a841) 22 mg, vitamine B6 (3a831) 8 mg, acide folique (3a316) 1 mg, vitamine B12 0,06 mg, ch\u00e9late de zinc et d&rsquo;acides amin\u00e9s hydrat\u00e9 (3b606) 120 mg, ch\u00e9late de fer (II) d&rsquo;acides amin\u00e9s hydrat\u00e9 (3b106) 95 mg, ch\u00e9late de mangan\u00e8se d&rsquo;acides amin\u00e9s hydrat\u00e9 (3b504) 50 mg, iodure de potassium (3b201) 0,9 mg, ch\u00e9late cuivreux d&rsquo;acides amin\u00e9s, hydrat\u00e9 (E4) 20 mg, Forme organique du s\u00e9l\u00e9nium produite par Saccharomyces cerevisiae CNCM I-3060 (levure s\u00e9l\u00e9ni\u00e9e inactiv\u00e9e) (3b8.10) 0,2 mg, L-m\u00e9thionine produite par fermentation avec Escherichia coli (3c305) 180 mg. Contient des antioxyg\u00e8nes naturels : extraits de tocoph\u00e9rols tir\u00e9s d&rsquo;huiles v\u00e9g\u00e9tales (1b306), palmitate d&rsquo;ascorbyle (1b304) et romarin.<\/p>\n<p>&nbsp;<\/p>\n<p><strong>Metabolizable energy:<\/strong><\/p>\n<p>3,460 kcal\/kg.<\/p>\n<\/div>\n<\/div>\n","protected":false},"excerpt":{"rendered":"<div class=\"col-sm-8\">\n<div class=\"hidden-xs\">\n<p>Toutes races.<\/p>\n<p>Poulet frais avec pommes de terre, sarrasin, pommes, thym. Formule super premium pour chiens adultes.<\/p>\n<\/div>\n<\/div>\n","protected":false},"featured_media":36096,"template":"","meta":{"jetpack_publicize_message":"","jetpack_publicize_feature_enabled":true,"jetpack_social_post_already_shared":true,"jetpack_social_options":{"image_generator_settings":{"template":"highway","default_image_id":0,"font":"","enabled":false},"version":2}},"product_brand":[],"product_cat":[26],"product_tag":[],"class_list":{"0":"post-36083","1":"product","2":"type-product","3":"status-publish","4":"has-post-thumbnail","6":"product_cat-croquettes","8":"first","9":"instock","10":"taxable","11":"shipping-taxable","12":"purchasable","13":"product-type-simple"},"supplier_id":5590,"supplier_sku":"","barcode":null,"atum_controlled":true,"out_stock_date":null,"out_stock_threshold":null,"inheritable":false,"inbound_stock":0,"stock_on_hold":0,"sold_today":0,"sales_last_days":0,"reserved_stock":0,"customer_returns":0,"warehouse_damage":0,"lost_in_post":0,"other_logs":0,"out_stock_days":0,"lost_sales":0,"has_location":false,"update_date":"2026-04-11T17:17:54","atum_locations":[],"atum_stock_status":"instock","restock_status":false,"low_stock_amount":1,"sales_update_date":"2026-04-11T17:17:54","calc_backorders":null,"jetpack_publicize_connections":[],"jetpack_sharing_enabled":true,"batches":[{"id":"7808","date_created":"2026-02-19 12:06:04","date_expiry":"2027-07-30 00:00:00","user_id":"2461","batch_number":"Brit Croquettes Fresh Turkey with Pea Adult Fit & Slim (Dinde aux pois) Adulte \u2013 Forme & Minceur 12 Kg + 2.5Kg300727","location":"","quantity":"3.0000","quantity_available":"3.0000","units":"1","status":"active","order_ids":null,"supplier":"Brit","po":{"id":"7743","date_created":"2026-02-19 12:06:04","batch_id":"7808","po_number":"","supplier":"Brit","cost":null,"regular_price":null,"sale_price":null,"price_margin":null,"price_discount":null}}],"_links":{"self":[{"href":"https:\/\/petworld.ma\/index.php\/wp-json\/wp\/v2\/product\/36083","targetHints":{"allow":["GET"]}}],"collection":[{"href":"https:\/\/petworld.ma\/index.php\/wp-json\/wp\/v2\/product"}],"about":[{"href":"https:\/\/petworld.ma\/index.php\/wp-json\/wp\/v2\/types\/product"}],"wp:featuredmedia":[{"embeddable":true,"href":"https:\/\/petworld.ma\/index.php\/wp-json\/wp\/v2\/media\/36096"}],"wp:attachment":[{"href":"https:\/\/petworld.ma\/index.php\/wp-json\/wp\/v2\/media?parent=36083"}],"wp:term":[{"taxonomy":"product_brand","embeddable":true,"href":"https:\/\/petworld.ma\/index.php\/wp-json\/wp\/v2\/product_brand?post=36083"},{"taxonomy":"product_cat","embeddable":true,"href":"https:\/\/petworld.ma\/index.php\/wp-json\/wp\/v2\/product_cat?post=36083"},{"taxonomy":"product_tag","embeddable":true,"href":"https:\/\/petworld.ma\/index.php\/wp-json\/wp\/v2\/product_tag?post=36083"}],"curies":[{"name":"wp","href":"https:\/\/api.w.org\/{rel}","templated":true}]}}