{"id":36089,"date":"2026-02-19T12:49:48","date_gmt":"2026-02-19T12:49:48","guid":{"rendered":"https:\/\/petworld.ma\/?post_type=product&#038;p=36089"},"modified":"2026-03-12T17:22:45","modified_gmt":"2026-03-12T17:22:45","slug":"brit-premium-by-nature-saumon-pour-chat-sterilise-1-5-kg","status":"publish","type":"product","link":"https:\/\/petworld.ma\/index.php\/produit\/brit-premium-by-nature-saumon-pour-chat-sterilise-1-5-kg\/","title":{"rendered":"Brit Premium by Nature Saumon pour chat st\u00e9rilis\u00e9 1.5 Kg"},"content":{"rendered":"<div class=\"hidden-xs\">\n<div class=\"hidden-xs\">\n<div class=\"hidden-xs\">\n<p>Aliment complet pour chats.<\/p>\n<p>Recette \u00e0 base de saumon pour chats adultes castr\u00e9s.<\/p>\n<\/div>\n<p>Nourriture attrayante et savoureuse \u00e0 base d\u2019ingr\u00e9dients naturels pour une alimentation saine au quotidien de tous les chats.<\/p>\n<p>&nbsp;<\/p>\n<ul>\n<li>\u00c0 la sauce au foie de poulet<\/li>\n<li>Contient de la pulpe de pomme, une source naturelle de fibres<\/li>\n<li>Contient du romarin, des clous de girofle, du curcuma et des agrumes, des antioxydants naturels<\/li>\n<li>Contient des pr\u00e9biotiques<\/li>\n<li>SANS bl\u00e9, ma\u00efs et soja<\/li>\n<\/ul>\n<p class=\"composition\"><strong>Composition:<\/strong><\/p>\n<p>saumon d\u00e9shydrat\u00e9 28\u00a0%, riz, dinde d\u00e9shydrat\u00e9e 10\u00a0%, graisse de poulet, petits pois, pulpe de pomme d\u00e9shydrat\u00e9e, huile de saumon 3\u00a0%, levure de bi\u00e8re, foie de poulet hydrolys\u00e9, chlorure de sodium, \u00e9pinards d\u00e9shydrat\u00e9s 0,5\u00a0%, mannan-oligosaccharides (150\u00a0mg\/kg), fructo-oligosaccharides (120\u00a0mg\/kg), yucca schidigera (80\u00a0mg\/kg), romarin d\u00e9shydrat\u00e9 (11\u00a0mg\/kg), clous de girofle d\u00e9shydrat\u00e9s (11\u00a0mg\/kg), agrumes d\u00e9shydrat\u00e9s (11\u00a0mg\/kg), curcuma d\u00e9shydrat\u00e9 (11\u00a0mg\/kg).<\/p>\n<p>&nbsp;<\/p>\n<p><strong>Composants analytiques:<\/strong><\/p>\n<p>prot\u00e9ine brute 38,0\u00a0%, mati\u00e8res grasses brutes 15,0\u00a0%, cellulose brute 2,5\u00a0%, cendres brutes 7,5\u00a0%, humidit\u00e9 10,0\u00a0%, calcium 1,3\u00a0%, phosphore 0,9\u00a0%, sodium 1,2\u00a0%, magn\u00e9sium 0,09\u00a0%.<\/p>\n<p>&nbsp;<\/p>\n<p><strong>Ingr\u00e9dients:<\/strong><\/p>\n<p>vitamine A (3a672a) 20000 UI, vitamine D<sub>3<\/sub>\u00a0(3a671) 850 UI, vitamine E (3a700) 600 mg, vitamine C (3a312) 250 mg, taurine (3a370) 2150 mg, biotine (3a880) 1,7 mg, zinc (3b606) 140 mg, mangan\u00e8se (3b504) 50 mg, fer (3b106) 50 mg, cuivre (3b406) 10 mg, iode (3b201) 3,5 mg, s\u00e9l\u00e9nium (3b810) 0,16 mg, L-m\u00e9thionine (3c305) 4000\u00a0mg. Om\u00e9ga-3\u00a0: 0,57\u00a0%, Om\u00e9ga-6\u00a0: 2,47\u00a0%.<\/p>\n<p>&nbsp;<\/p>\n<p><strong>Metabolizable energy:<\/strong><\/p>\n<p>3,940 kcal\/kg<\/p>\n<\/div>\n<\/div>\n","protected":false},"excerpt":{"rendered":"<div class=\"hidden-xs\">\n<p>Aliment complet premium pour chats. Formule au saumon pour chats adultes.<\/p>\n<\/div>\n","protected":false},"featured_media":36091,"template":"","meta":{"jetpack_publicize_message":"","jetpack_publicize_feature_enabled":true,"jetpack_social_post_already_shared":true,"jetpack_social_options":{"image_generator_settings":{"template":"highway","default_image_id":0,"font":"","enabled":false},"version":2}},"product_brand":[],"product_cat":[40],"product_tag":[],"class_list":{"0":"post-36089","1":"product","2":"type-product","3":"status-publish","4":"has-post-thumbnail","6":"product_cat-coquettes-pour-chat","8":"first","9":"instock","10":"taxable","11":"shipping-taxable","12":"purchasable","13":"product-type-simple"},"supplier_id":5590,"supplier_sku":"","barcode":null,"atum_controlled":true,"out_stock_date":null,"out_stock_threshold":null,"inheritable":false,"inbound_stock":0,"stock_on_hold":0,"sold_today":0,"sales_last_days":0,"reserved_stock":0,"customer_returns":0,"warehouse_damage":0,"lost_in_post":0,"other_logs":0,"out_stock_days":0,"lost_sales":0,"has_location":false,"update_date":"2026-04-05T13:17:34","atum_locations":[],"atum_stock_status":"instock","restock_status":false,"low_stock_amount":4,"sales_update_date":"2026-04-05T13:17:34","calc_backorders":null,"jetpack_publicize_connections":[],"jetpack_sharing_enabled":true,"batches":[{"id":"7815","date_created":"2026-02-19 13:12:28","date_expiry":"2027-05-30 00:00:00","user_id":"2461","batch_number":"Brit Premium by Nature Saumon pour chat st\u00e9rilis\u00e9 1.5 Kg300527","location":"","quantity":"8.0000","quantity_available":"8.0000","units":"1","status":"active","order_ids":null,"supplier":"Brit","po":{"id":"7750","date_created":"2026-02-19 13:12:28","batch_id":"7815","po_number":"","supplier":"Brit","cost":null,"regular_price":null,"sale_price":null,"price_margin":null,"price_discount":null}}],"_links":{"self":[{"href":"https:\/\/petworld.ma\/index.php\/wp-json\/wp\/v2\/product\/36089","targetHints":{"allow":["GET"]}}],"collection":[{"href":"https:\/\/petworld.ma\/index.php\/wp-json\/wp\/v2\/product"}],"about":[{"href":"https:\/\/petworld.ma\/index.php\/wp-json\/wp\/v2\/types\/product"}],"wp:featuredmedia":[{"embeddable":true,"href":"https:\/\/petworld.ma\/index.php\/wp-json\/wp\/v2\/media\/36091"}],"wp:attachment":[{"href":"https:\/\/petworld.ma\/index.php\/wp-json\/wp\/v2\/media?parent=36089"}],"wp:term":[{"taxonomy":"product_brand","embeddable":true,"href":"https:\/\/petworld.ma\/index.php\/wp-json\/wp\/v2\/product_brand?post=36089"},{"taxonomy":"product_cat","embeddable":true,"href":"https:\/\/petworld.ma\/index.php\/wp-json\/wp\/v2\/product_cat?post=36089"},{"taxonomy":"product_tag","embeddable":true,"href":"https:\/\/petworld.ma\/index.php\/wp-json\/wp\/v2\/product_tag?post=36089"}],"curies":[{"name":"wp","href":"https:\/\/api.w.org\/{rel}","templated":true}]}}