{"id":36111,"date":"2026-02-19T15:10:06","date_gmt":"2026-02-19T15:10:06","guid":{"rendered":"https:\/\/petworld.ma\/?post_type=product&#038;p=36111"},"modified":"2026-04-02T02:28:44","modified_gmt":"2026-04-02T02:28:44","slug":"spray-contre-les-parasites-chien-chiot-et-chat-chaton-trentline-100ml","status":"publish","type":"product","link":"https:\/\/petworld.ma\/index.php\/produit\/spray-contre-les-parasites-chien-chiot-et-chat-chaton-trentline-100ml\/","title":{"rendered":"Spray contre les parasites chien\/chiot et chat\/chaton Trentline (100ml )"},"content":{"rendered":"<p><strong>Aide instantan\u00e9e contre les puces et les tiques.<\/strong><\/p>\n<p>Ce Spray est une solution anti-puces et anti-tiques pour chiens, chats, chiots et chatons. Le spray permet de d\u00e9barrasser rapidement votre animal des puces et des tiques en couvrant tout le corps de l\u2019animal.<\/p>\n<div class=\"text-with-supporting-bullet__headline\">\n<p><strong>Informations g\u00e9n\u00e9rales<\/strong><\/p>\n<\/div>\n<div class=\"text-with-supporting-bullet__wrapper row\">\n<div class=\"text-with-supporting-bullet__left col-md-12 col-lg-6\">\n<ul class=\"field field--name-field-bullet-text-area-1 field--type-entity-reference-revisions field--label-hidden field__items\">\n<li class=\"field__item\">D\u00e9barrassez-vous des puces d\u00e8s que vous remarquez l\u2019infestation.<\/li>\n<li class=\"field__item\">Particuli\u00e8rement adapt\u00e9 aux jeunes animaux d\u00e8s le premier jour de vie et aux petites races de chiens.<\/li>\n<li class=\"field__item\">Profil de s\u00e9curit\u00e9 tr\u00e8s \u00e9lev\u00e9.<\/li>\n<\/ul>\n<p><strong>Dosage<\/strong><br \/>\n\u2022 Utiliser 3 \u00e0 6 ml par kg de poids corporel, selon la longueur des poils.<br \/>\n\u2022 Chaque spray d\u00e9livre 1,5 ml. Par cons\u00e9quent, appliquez 2 \u00e0 4 spray par kg.<\/p>\n<\/div>\n<\/div>\n","protected":false},"excerpt":{"rendered":"<p>Valable pour chien, chiot, chat et chaton<\/p>\n","protected":false},"featured_media":36114,"template":"","meta":{"jetpack_publicize_message":"","jetpack_publicize_feature_enabled":true,"jetpack_social_post_already_shared":true,"jetpack_social_options":{"image_generator_settings":{"template":"highway","default_image_id":0,"font":"","enabled":false},"version":2}},"product_brand":[],"product_cat":[229,228],"product_tag":[],"class_list":{"0":"post-36111","1":"product","2":"type-product","3":"status-publish","4":"has-post-thumbnail","6":"product_cat-antiparasitaires-vermifuges-hygiene-et-soins-pour-chat","7":"product_cat-antiparasitaires-vermifuges","9":"first","10":"instock","11":"sale","12":"taxable","13":"shipping-taxable","14":"purchasable","15":"product-type-simple"},"supplier_id":5593,"supplier_sku":"","barcode":null,"atum_controlled":true,"out_stock_date":null,"out_stock_threshold":null,"inheritable":false,"inbound_stock":0,"stock_on_hold":1,"sold_today":0,"sales_last_days":3,"reserved_stock":0,"customer_returns":0,"warehouse_damage":0,"lost_in_post":0,"other_logs":0,"out_stock_days":0,"lost_sales":0,"has_location":false,"update_date":"2026-04-04T17:01:04","atum_locations":[],"atum_stock_status":"instock","restock_status":false,"low_stock_amount":2,"sales_update_date":"2026-04-04T17:01:04","calc_backorders":null,"jetpack_publicize_connections":[],"jetpack_sharing_enabled":true,"batches":[{"id":"7824","date_created":"2026-02-19 15:19:10","date_expiry":"2028-07-13 00:00:00","user_id":"2461","batch_number":"Spray contre les parasites chien\/chiot et chat\/chaton Trentline (100ml )130728","location":"","quantity":"24.0000","quantity_available":"19.0000","units":"1","status":"active","order_ids":"[37215,37735,38072,38391,38733]","supplier":"Rabat","po":{"id":"7759","date_created":"2026-02-19 15:19:11","batch_id":"7824","po_number":"","supplier":"Rabat","cost":null,"regular_price":null,"sale_price":null,"price_margin":null,"price_discount":null}}],"_links":{"self":[{"href":"https:\/\/petworld.ma\/index.php\/wp-json\/wp\/v2\/product\/36111","targetHints":{"allow":["GET"]}}],"collection":[{"href":"https:\/\/petworld.ma\/index.php\/wp-json\/wp\/v2\/product"}],"about":[{"href":"https:\/\/petworld.ma\/index.php\/wp-json\/wp\/v2\/types\/product"}],"wp:featuredmedia":[{"embeddable":true,"href":"https:\/\/petworld.ma\/index.php\/wp-json\/wp\/v2\/media\/36114"}],"wp:attachment":[{"href":"https:\/\/petworld.ma\/index.php\/wp-json\/wp\/v2\/media?parent=36111"}],"wp:term":[{"taxonomy":"product_brand","embeddable":true,"href":"https:\/\/petworld.ma\/index.php\/wp-json\/wp\/v2\/product_brand?post=36111"},{"taxonomy":"product_cat","embeddable":true,"href":"https:\/\/petworld.ma\/index.php\/wp-json\/wp\/v2\/product_cat?post=36111"},{"taxonomy":"product_tag","embeddable":true,"href":"https:\/\/petworld.ma\/index.php\/wp-json\/wp\/v2\/product_tag?post=36111"}],"curies":[{"name":"wp","href":"https:\/\/api.w.org\/{rel}","templated":true}]}}