{"id":36252,"date":"2026-02-22T16:19:55","date_gmt":"2026-02-22T16:19:55","guid":{"rendered":"https:\/\/petworld.ma\/?post_type=product&#038;p=36252"},"modified":"2026-03-12T17:23:44","modified_gmt":"2026-03-12T17:23:44","slug":"shampoing-biogance-anti-odeur-odour-control-pour-chien-et-chat-250-ml","status":"publish","type":"product","link":"https:\/\/petworld.ma\/index.php\/produit\/shampoing-biogance-anti-odeur-odour-control-pour-chien-et-chat-250-ml\/","title":{"rendered":"Shampoing Biogance anti-odeur Odour Control pour Chien et Chat &#8211; 250 Ml"},"content":{"rendered":"<div class=\"woocommerce-product-details__short-description\">\n<p>Le shampooing Odour Control sp\u00e9cial anti-odeur pour chien et chat est formul\u00e9 \u00e0 base d\u2019huiles essentielles de pin et de romarin. Il neutralise les mauvaises odeurs, nettoie en douceur et purifie le pelage.<\/p>\n<\/div>\n<h4 class=\"woocommerce-notices-wrapper\"><strong>Ses actions:<\/strong><\/h4>\n<div>\n<div class=\"a15-single-product-actions\">\n<ul>\n<li class=\"a15-title-grey\">Neutralise les mauvaises odeurs<\/li>\n<li class=\"a15-title-grey\">Purifie le pelage<\/li>\n<\/ul>\n<\/div>\n<div class=\"a15-single-product-biogance+\">\n<p><strong>LE + BIOGANCE:<\/strong><\/p>\n<p>BIOGANCE\u00ae est un laboratoire fran\u00e7ais, expert et pionnier des produits d\u2019hygi\u00e8ne et de soin Bio et naturels pour animaux de compagnie. Notre \u00e9quipe recherche et d\u00e9veloppement puise son inspiration des bienfaits des plantes aromatiques et m\u00e9dicinales pour d\u00e9velopper des formules respectueuses du bien-\u00eatre de nos animaux et de notre environnement. Choisir BIOGANCE c\u2019est la garantie de :<\/p>\n<p>&#8211; Produits avec 98 % d\u2019ingr\u00e9dients bio et naturels ;<br \/>\n&#8211; Formules sans phtalate, sans paraben et sans ph\u00e9noxy\u00e9thanol ;<br \/>\n&#8211; Emballages 100 % recyclables ;<br \/>\n&#8211; Fabrication 100% fran\u00e7aise au c\u0153ur de l\u2019Anjou ;<br \/>\n&#8211; Une tra\u00e7abilit\u00e9 et une qualit\u00e9 maitris\u00e9es par les certifications ISO 22716 ;<br \/>\n&#8211; Soutenir un laboratoire 100% ind\u00e9pendant et familial ;<br \/>\n&#8211; Soutenir notre d\u00e9marche durable et \u00e9coresponsable ;<br \/>\n&#8211; Empreinte carbone r\u00e9duite et b\u00e2timent \u00e0 \u00e9nergie positive.<\/p>\n<\/div>\n<h4><strong>Conseils d\u2019utilisation:<\/strong><\/h4>\n<p>Appliquer sur la fourrure mouill\u00e9e, masser et rincer.<br \/>\nRenouveler l\u2019op\u00e9ration, laisser agir 2 minutes puis rincer.<\/p>\n<p>Convient \u00e9galement aux chats et aux chiots.<\/p>\n<p>Usage externe uniquement. Tenir hors de la port\u00e9e et de la vue des enfants. Danger. Provoque de graves l\u00e9sions des yeux. Provoque une irritation cutan\u00e9e. En cas de contact avec les yeux : rincer avec pr\u00e9caution \u00e0 l\u2019eau pendant plusieurs minutes. Enlever les lentilles de contact si la victime en porte et si elles peuvent \u00eatre facilement enlev\u00e9es, continuer \u00e0 rincer. Consulter un m\u00e9decin si l\u2019irritation persiste. Dangereux, Respecter les pr\u00e9cautions d\u2019emploi.<\/p>\n<\/div>\n<h4><strong>Composition:<\/strong><\/h4>\n<p>Eau, base lavante d&rsquo;origine naturelle, huiles essentielles de pin* et romarin*, neutraliseur naturel d&rsquo;odeur, provitamine B5, conservateur *Ingr\u00e9dient issu de l\u2019agriculture biologique.<\/p>\n","protected":false},"excerpt":{"rendered":"<div class=\"woocommerce-product-details__short-description\">\n<p>Le shampooing White Snow sp\u00e9cial poils blancs pour chien est formul\u00e9 \u00e0 base de sureau, de bleuet et d\u2019alo\u00e9 vera bio. Il nettoie en douceur, ravive le blanc du pelage, pr\u00e9vient du jaunissement, hydrate et apporte brillance et \u00e9clat.<\/p>\n<\/div>\n<h4 class=\"woocommerce-notices-wrapper\"><\/h4>\n","protected":false},"featured_media":36254,"template":"","meta":{"jetpack_publicize_message":"","jetpack_publicize_feature_enabled":true,"jetpack_social_post_already_shared":true,"jetpack_social_options":{"image_generator_settings":{"template":"highway","default_image_id":0,"font":"","enabled":false},"version":2}},"product_brand":[],"product_cat":[215,214],"product_tag":[],"class_list":{"0":"post-36252","1":"product","2":"type-product","3":"status-publish","4":"has-post-thumbnail","6":"product_cat-parfums-shampoing-hygiene-et-soins-pour-chat","7":"product_cat-parfums-shampoing","9":"first","10":"instock","11":"sale","12":"taxable","13":"shipping-taxable","14":"purchasable","15":"product-type-simple"},"supplier_id":22725,"supplier_sku":"288727","barcode":"3770001288727","atum_controlled":true,"out_stock_date":null,"out_stock_threshold":null,"inheritable":false,"inbound_stock":0,"stock_on_hold":0,"sold_today":0,"sales_last_days":0,"reserved_stock":0,"customer_returns":0,"warehouse_damage":0,"lost_in_post":0,"other_logs":0,"out_stock_days":0,"lost_sales":0,"has_location":false,"update_date":"2026-04-08T17:05:16","atum_locations":[],"atum_stock_status":"instock","restock_status":false,"low_stock_amount":2,"sales_update_date":"2026-04-08T17:05:16","calc_backorders":null,"jetpack_publicize_connections":[],"jetpack_sharing_enabled":true,"batches":[{"id":"7864","date_created":"2026-02-22 16:27:12","date_expiry":"2030-01-31 00:00:00","user_id":"9","batch_number":"BioganceAntiOdeur012030","location":"","quantity":"5.0000","quantity_available":"5.0000","units":"1","status":"active","order_ids":null,"supplier":"PETPLANET","po":{"id":"7800","date_created":"2026-02-22 16:27:13","batch_id":"7864","po_number":"","supplier":"PETPLANET","cost":null,"regular_price":null,"sale_price":null,"price_margin":null,"price_discount":null}}],"_links":{"self":[{"href":"https:\/\/petworld.ma\/index.php\/wp-json\/wp\/v2\/product\/36252","targetHints":{"allow":["GET"]}}],"collection":[{"href":"https:\/\/petworld.ma\/index.php\/wp-json\/wp\/v2\/product"}],"about":[{"href":"https:\/\/petworld.ma\/index.php\/wp-json\/wp\/v2\/types\/product"}],"wp:featuredmedia":[{"embeddable":true,"href":"https:\/\/petworld.ma\/index.php\/wp-json\/wp\/v2\/media\/36254"}],"wp:attachment":[{"href":"https:\/\/petworld.ma\/index.php\/wp-json\/wp\/v2\/media?parent=36252"}],"wp:term":[{"taxonomy":"product_brand","embeddable":true,"href":"https:\/\/petworld.ma\/index.php\/wp-json\/wp\/v2\/product_brand?post=36252"},{"taxonomy":"product_cat","embeddable":true,"href":"https:\/\/petworld.ma\/index.php\/wp-json\/wp\/v2\/product_cat?post=36252"},{"taxonomy":"product_tag","embeddable":true,"href":"https:\/\/petworld.ma\/index.php\/wp-json\/wp\/v2\/product_tag?post=36252"}],"curies":[{"name":"wp","href":"https:\/\/api.w.org\/{rel}","templated":true}]}}