{"id":36263,"date":"2026-02-22T21:07:46","date_gmt":"2026-02-22T21:07:46","guid":{"rendered":"https:\/\/petworld.ma\/?post_type=product&#038;p=36263"},"modified":"2026-03-25T05:54:14","modified_gmt":"2026-03-25T05:54:14","slug":"bac-a-croquettes-avec-gamelle-integree-195-x-295-cm","status":"publish","type":"product","link":"https:\/\/petworld.ma\/index.php\/produit\/bac-a-croquettes-avec-gamelle-integree-195-x-295-cm\/","title":{"rendered":"Bac \u00e0 croquettes avec gamelle int\u00e9gr\u00e9e 19,5 x 29,5 cm"},"content":{"rendered":"<p><span dir=\"auto\">La bo\u00eete \u00e0 croquettes avec gamelle int\u00e9gr\u00e9e est id\u00e9ale pour conserver les aliments au sec pendant toute la dur\u00e9e de stockage. Elle est \u00e9galement \u00e9quip\u00e9e d&rsquo;une gamelle pour servir les repas \u00e0 votre animal. Apr\u00e8s le repas, il suffit de remettre la gamelle dans la bo\u00eete\u00a0: tout est rang\u00e9 au m\u00eame endroit jusqu&rsquo;au prochain repas de votre chien affam\u00e9.<\/span><\/p>\n<p><span dir=\"auto\">Couleur : Bleu<\/span><\/p>\n<p><span dir=\"auto\">Dimensions : 19,5 x 29,5 cm<\/span><\/p>\n<p><span dir=\"auto\">Destin\u00e9 aux chiens et aux chats<\/span><\/p>\n","protected":false},"excerpt":{"rendered":"<p>La bo\u00eete \u00e0 croquettes avec gamelle int\u00e9gr\u00e9e est id\u00e9ale pour conserver les aliments au sec pendant toute la dur\u00e9e de stockage. Elle est \u00e9galement \u00e9quip\u00e9e d&rsquo;une gamelle pour servir les repas \u00e0 votre animal. Apr\u00e8s le repas, il suffit de remettre la gamelle dans la bo\u00eete\u00a0: tout est rang\u00e9 au m\u00eame endroit jusqu&rsquo;au prochain repas [&#8230;]\n","protected":false},"featured_media":36264,"template":"","meta":{"jetpack_publicize_message":"","jetpack_publicize_feature_enabled":true,"jetpack_social_post_already_shared":true,"jetpack_social_options":{"image_generator_settings":{"template":"highway","default_image_id":0,"font":"","enabled":false},"version":2}},"product_brand":[],"product_cat":[133,134],"product_tag":[],"class_list":{"0":"post-36263","1":"product","2":"type-product","3":"status-publish","4":"has-post-thumbnail","6":"product_cat-gamelle","7":"product_cat-gamelles","9":"first","10":"instock","11":"taxable","12":"shipping-taxable","13":"purchasable","14":"product-type-simple"},"supplier_id":22725,"supplier_sku":"102040","barcode":"8016040102040","atum_controlled":true,"out_stock_date":null,"out_stock_threshold":null,"inheritable":false,"inbound_stock":0,"stock_on_hold":0,"sold_today":0,"sales_last_days":0,"reserved_stock":0,"customer_returns":0,"warehouse_damage":0,"lost_in_post":0,"other_logs":0,"out_stock_days":0,"lost_sales":0,"has_location":false,"update_date":"2026-04-16T18:08:10","atum_locations":[],"atum_stock_status":"instock","restock_status":false,"low_stock_amount":1,"sales_update_date":"2026-04-16T18:08:10","calc_backorders":null,"jetpack_publicize_connections":[],"jetpack_sharing_enabled":true,"batches":[],"_links":{"self":[{"href":"https:\/\/petworld.ma\/index.php\/wp-json\/wp\/v2\/product\/36263","targetHints":{"allow":["GET"]}}],"collection":[{"href":"https:\/\/petworld.ma\/index.php\/wp-json\/wp\/v2\/product"}],"about":[{"href":"https:\/\/petworld.ma\/index.php\/wp-json\/wp\/v2\/types\/product"}],"wp:featuredmedia":[{"embeddable":true,"href":"https:\/\/petworld.ma\/index.php\/wp-json\/wp\/v2\/media\/36264"}],"wp:attachment":[{"href":"https:\/\/petworld.ma\/index.php\/wp-json\/wp\/v2\/media?parent=36263"}],"wp:term":[{"taxonomy":"product_brand","embeddable":true,"href":"https:\/\/petworld.ma\/index.php\/wp-json\/wp\/v2\/product_brand?post=36263"},{"taxonomy":"product_cat","embeddable":true,"href":"https:\/\/petworld.ma\/index.php\/wp-json\/wp\/v2\/product_cat?post=36263"},{"taxonomy":"product_tag","embeddable":true,"href":"https:\/\/petworld.ma\/index.php\/wp-json\/wp\/v2\/product_tag?post=36263"}],"curies":[{"name":"wp","href":"https:\/\/api.w.org\/{rel}","templated":true}]}}