{"id":36273,"date":"2026-02-22T21:31:33","date_gmt":"2026-02-22T21:31:33","guid":{"rendered":"https:\/\/petworld.ma\/?post_type=product&#038;p=36273"},"modified":"2026-02-22T21:35:50","modified_gmt":"2026-02-22T21:35:50","slug":"sac-a-dos-spacieux-multi-rangements-pour-chien-et-chat-etna-marron-chine-freedog","status":"publish","type":"product","link":"https:\/\/petworld.ma\/index.php\/produit\/sac-a-dos-spacieux-multi-rangements-pour-chien-et-chat-etna-marron-chine-freedog\/","title":{"rendered":"Sac \u00e0 dos Spacieux Multi Rangements Pour chien et chat Etna Marron Chin\u00e9 Freedog"},"content":{"rendered":"<p>R\u00e9sistant et hyper spacieux, le sac \u00e0 dos <strong>\u201cEtna\u201d FREEDOG<\/strong>\u00a0est ultra confortable pour l\u2019animal gr\u00e2ce \u00e0 son\u00a0<strong>espace incroyable et sa base stable<\/strong>\u00a0qui \u00e9vite tout balancement pendant le voyage.<\/p>\n<p>Il\u00a0<strong>s&rsquo;ouvre par le haut, mais aussi par l&rsquo;avant<\/strong>, ce qui permet d&rsquo;acc\u00e9der \u00e0 votre animal sans le sortir compl\u00e8tement du sac, ce qui est pratique si vous souhaitez le rassurer ou le nourrir pendant le voyage.<\/p>\n<p>Il offre une\u00a0<strong>ventilation optimale<\/strong>\u00a0gr\u00e2ce aux fen\u00eatres \u201cfilet\u201d sur le c\u00f4t\u00e9 et sur le dessus et un rabat fix\u00e9 sur le haut du sac peut \u00eatre roul\u00e9 et, \u00e0 la mani\u00e8re d&rsquo;un store.<\/p>\n<p>Il dispose d\u2019une poche lat\u00e9rale de rangement ainsi que d\u2019un emplacement pour une bouteille d\u2019eau\/gourde et une\u00a0<strong>petite poche est pr\u00e9vue pour glisser un rouleau de sacs de propret\u00e9<\/strong>\u00a0pouvant \u00eatre distribu\u00e9s un \u00e0 un gr\u00e2ce \u00e0 une petite fente en \u00e9toile pr\u00e9vue \u00e0 cet effet.<\/p>\n<p>Enfin, une large poche de rangement est situ\u00e9e au dos du sac, dans le renfort dorsal rembourr\u00e9, qui vous permet de glisser quelques affaires ainsi que votre t\u00e9l\u00e9phone dont le\u00a0<strong>fil des \u00e9couteurs ou de votre casque peut sortir via une petite fente pr\u00e9vue \u00e0 cet effet.<\/strong><\/p>\n<p>Le sac \u00e0 dos\u00a0<strong>\u00ab\u00a0Etna\u00a0\u00bb FREEDOG<\/strong>\u00a0est id\u00e9al pour les randonn\u00e9es, balades dans la nature, mais aussi en ville, dans les transports ou pour\u00a0<strong>aller voir le v\u00e9t\u00e9rinaire sans stress et en toute s\u00e9r\u00e9nit\u00e9.<\/strong><\/p>\n<p><u><strong>Caract\u00e9ristiques :<\/strong><\/u><\/p>\n<p>&#8211; Fond rigide (avec enveloppe \u00ab\u00a0mouton\u00a0\u00bb moelleuse d\u00e9houssable)<br \/>\n&#8211; Double ouverture zipp\u00e9e (par le dessus et par l&rsquo;avant)<br \/>\n&#8211; Grand confort pour l\u2019animal et son ma\u00eetre<br \/>\n&#8211; Boucle d\u2019ancrage int\u00e9rieure<br \/>\n&#8211; Bretelles rembourr\u00e9es et r\u00e9glables<br \/>\n&#8211; A\u00e9ration optimale (filets sur un c\u00f4t\u00e9 et sur le dessus)<br \/>\n&#8211; Poches lat\u00e9rale\/dorsale et 1 emplacement pour bouteille\/gourde<br \/>\n&#8211; Mini poche distributrice de sacs de propret\u00e9<br \/>\n&#8211; Polyester 90%) et PVC (10%)<br \/>\n&#8211; Poids de l\u2019animal\u00a0 : 8 kgs maxi<\/p>\n<p><strong>Coloris taupe chin\u00e9<\/p>\n<p><\/strong><\/p>\n<p><u><strong>Dimensions :<\/strong><\/u><\/p>\n<p>&nbsp;<\/p>\n<p><strong>Taille unique\u00a0<\/strong><strong>(chien ou chat \u00a0de 8 kilos maxi)<\/strong><\/p>\n<p>Largeur : 40 cm<br \/>\nProfondeur : 31 cm<br \/>\nHauteur totale : 43 cm<\/p>\n","protected":false},"excerpt":{"rendered":"<div id=\"product-description-short-147035\" class=\"product-description-short mb-3 \">\n<p>Sac \u00e0 dos pour chien et chat !<\/p>\n<\/div>\n","protected":false},"featured_media":36274,"template":"","meta":{"jetpack_publicize_message":"","jetpack_publicize_feature_enabled":true,"jetpack_social_post_already_shared":true,"jetpack_social_options":{"image_generator_settings":{"template":"highway","default_image_id":0,"font":"","enabled":false},"version":2}},"product_brand":[],"product_cat":[91,90],"product_tag":[],"class_list":{"0":"post-36273","1":"product","2":"type-product","3":"status-publish","4":"has-post-thumbnail","6":"product_cat-sac-de-transport-pour-chat","7":"product_cat-sac-de-transport-pour-chien","9":"first","10":"instock","11":"taxable","12":"shipping-taxable","13":"purchasable","14":"product-type-simple"},"supplier_id":22725,"supplier_sku":"041571","barcode":"8429083041571","atum_controlled":true,"out_stock_date":null,"out_stock_threshold":null,"inheritable":false,"inbound_stock":0,"stock_on_hold":0,"sold_today":0,"sales_last_days":0,"reserved_stock":0,"customer_returns":0,"warehouse_damage":0,"lost_in_post":0,"other_logs":0,"out_stock_days":0,"lost_sales":0,"has_location":false,"update_date":"2026-04-08T17:05:15","atum_locations":[],"atum_stock_status":"instock","restock_status":false,"low_stock_amount":1,"sales_update_date":"2026-04-08T17:05:15","calc_backorders":null,"jetpack_publicize_connections":[],"jetpack_sharing_enabled":true,"batches":[],"_links":{"self":[{"href":"https:\/\/petworld.ma\/index.php\/wp-json\/wp\/v2\/product\/36273","targetHints":{"allow":["GET"]}}],"collection":[{"href":"https:\/\/petworld.ma\/index.php\/wp-json\/wp\/v2\/product"}],"about":[{"href":"https:\/\/petworld.ma\/index.php\/wp-json\/wp\/v2\/types\/product"}],"wp:featuredmedia":[{"embeddable":true,"href":"https:\/\/petworld.ma\/index.php\/wp-json\/wp\/v2\/media\/36274"}],"wp:attachment":[{"href":"https:\/\/petworld.ma\/index.php\/wp-json\/wp\/v2\/media?parent=36273"}],"wp:term":[{"taxonomy":"product_brand","embeddable":true,"href":"https:\/\/petworld.ma\/index.php\/wp-json\/wp\/v2\/product_brand?post=36273"},{"taxonomy":"product_cat","embeddable":true,"href":"https:\/\/petworld.ma\/index.php\/wp-json\/wp\/v2\/product_cat?post=36273"},{"taxonomy":"product_tag","embeddable":true,"href":"https:\/\/petworld.ma\/index.php\/wp-json\/wp\/v2\/product_tag?post=36273"}],"curies":[{"name":"wp","href":"https:\/\/api.w.org\/{rel}","templated":true}]}}