{"id":36277,"date":"2026-02-22T21:44:44","date_gmt":"2026-02-22T21:44:44","guid":{"rendered":"https:\/\/petworld.ma\/?post_type=product&#038;p=36277"},"modified":"2026-02-22T21:49:06","modified_gmt":"2026-02-22T21:49:06","slug":"tapis-rafraichissant-pour-chiens-et-chats-taille-l-freedog","status":"publish","type":"product","link":"https:\/\/petworld.ma\/index.php\/produit\/tapis-rafraichissant-pour-chiens-et-chats-taille-l-freedog\/","title":{"rendered":"Tapis Rafraichissant Pour Chiens et Chats &#8211; Taille L &#8211; Freedog"},"content":{"rendered":"<p><strong>TAPIS RAFRAICHISSANT POUR CHIENS<\/strong>\u00a0ET CHATS &#8211; FREEDOG<\/p>\n<ul>\n<li>Apportera \u00e0 votre animal une sensation de fra\u00eecheur en cas de temp\u00e9ratures \u00e9lev\u00e9es.<\/li>\n<li>Ce tapis refroidit petit \u00e0 petit et aidera votre animal \u00e0 r\u00e9guler sa temp\u00e9rature corporelle.<\/li>\n<li>S\u2019installe dans un panier ou sur un sol dur.<\/li>\n<\/ul>\n<p>DIMENSIONS: 90 X 50 CM<\/p>\n","protected":false},"excerpt":{"rendered":"<p>TAPIS RAFRAICHISSANT POUR CHIENS\u00a0ET CHATS &#8211; FREEDOG Apportera \u00e0 votre animal une sensation de fra\u00eecheur en cas de temp\u00e9ratures \u00e9lev\u00e9es. Ce tapis refroidit petit \u00e0 petit et aidera votre animal \u00e0 r\u00e9guler sa temp\u00e9rature corporelle. S\u2019installe dans un panier ou sur un sol dur. DIMENSIONS: 90 X 50 CM<\/p>\n","protected":false},"featured_media":36278,"template":"","meta":{"jetpack_publicize_message":"","jetpack_publicize_feature_enabled":true,"jetpack_social_post_already_shared":true,"jetpack_social_options":{"image_generator_settings":{"template":"highway","default_image_id":0,"font":"","enabled":false},"version":2}},"product_brand":[],"product_cat":[125],"product_tag":[],"class_list":{"0":"post-36277","1":"product","2":"type-product","3":"status-publish","4":"has-post-thumbnail","6":"product_cat-lits-et-cages-chien","8":"first","9":"instock","10":"taxable","11":"shipping-taxable","12":"purchasable","13":"product-type-simple"},"supplier_id":22725,"supplier_sku":"040949","barcode":"8429083040949","atum_controlled":true,"out_stock_date":null,"out_stock_threshold":null,"inheritable":false,"inbound_stock":0,"stock_on_hold":0,"sold_today":0,"sales_last_days":0,"reserved_stock":0,"customer_returns":0,"warehouse_damage":0,"lost_in_post":0,"other_logs":0,"out_stock_days":0,"lost_sales":0,"has_location":false,"update_date":"2026-04-14T00:07:11","atum_locations":[],"atum_stock_status":"instock","restock_status":false,"low_stock_amount":2,"sales_update_date":"2026-04-14T00:07:10","calc_backorders":0,"jetpack_publicize_connections":[],"jetpack_sharing_enabled":true,"batches":[],"_links":{"self":[{"href":"https:\/\/petworld.ma\/index.php\/wp-json\/wp\/v2\/product\/36277","targetHints":{"allow":["GET"]}}],"collection":[{"href":"https:\/\/petworld.ma\/index.php\/wp-json\/wp\/v2\/product"}],"about":[{"href":"https:\/\/petworld.ma\/index.php\/wp-json\/wp\/v2\/types\/product"}],"wp:featuredmedia":[{"embeddable":true,"href":"https:\/\/petworld.ma\/index.php\/wp-json\/wp\/v2\/media\/36278"}],"wp:attachment":[{"href":"https:\/\/petworld.ma\/index.php\/wp-json\/wp\/v2\/media?parent=36277"}],"wp:term":[{"taxonomy":"product_brand","embeddable":true,"href":"https:\/\/petworld.ma\/index.php\/wp-json\/wp\/v2\/product_brand?post=36277"},{"taxonomy":"product_cat","embeddable":true,"href":"https:\/\/petworld.ma\/index.php\/wp-json\/wp\/v2\/product_cat?post=36277"},{"taxonomy":"product_tag","embeddable":true,"href":"https:\/\/petworld.ma\/index.php\/wp-json\/wp\/v2\/product_tag?post=36277"}],"curies":[{"name":"wp","href":"https:\/\/api.w.org\/{rel}","templated":true}]}}