{"id":36284,"date":"2026-02-22T22:02:12","date_gmt":"2026-02-22T22:02:12","guid":{"rendered":"https:\/\/petworld.ma\/?post_type=product&#038;p=36284"},"modified":"2026-02-24T12:24:59","modified_gmt":"2026-02-24T12:24:59","slug":"bac-a-croquettes-anti-fourmis-avec-gamelle-integree-55l","status":"publish","type":"product","link":"https:\/\/petworld.ma\/index.php\/produit\/bac-a-croquettes-anti-fourmis-avec-gamelle-integree-55l\/","title":{"rendered":"Bac \u00e0 croquettes anti-fourmis avec gamelle int\u00e9gr\u00e9e (5,5L)"},"content":{"rendered":"<p><span dir=\"auto\">Ensemble de bo\u00eetes alimentaires pratiques :\u00a0<\/span><\/p>\n<ul>\n<li><span dir=\"auto\">Le couvercle du r\u00e9cipient sert de mangeoire.\u00a0<\/span><\/li>\n<li><span dir=\"auto\">\u00c0 la base du r\u00e9cipient se trouve un rebord permettant d&rsquo;y ajouter de l&rsquo;eau, emp\u00eachant ainsi les fourmis de l&rsquo;envahir.<\/span><\/li>\n<li><span dir=\"auto\">Capacit\u00e9s :<\/span>\n<ul>\n<li><span dir=\"auto\">Conteneur de 5,50 l<\/span><\/li>\n<li><span dir=\"auto\">0,65 l le distributeur<\/span><\/li>\n<\/ul>\n<\/li>\n<\/ul>\n<p><span dir=\"auto\">Fabriqu\u00e9 avec des mat\u00e9riaux de haute qualit\u00e9.<\/span><\/p>\n<div class=\"uk-width-small-1-2 uk-width-medium-1-2 uk-width-large-1-2 uk-width-xlarge-1-4 uk-panel uk-panel-box uk-panel-box-secondary\"><\/div>\n<div class=\"uk-width-small-1-2 uk-width-medium-1-2 uk-width-large-1-2 uk-width-xlarge-1-4 uk-panel uk-panel-box uk-panel-box-secondary\">\n<p class=\"uk-text-bold uk-text-large uk-margin-remove uk-text-break\">\n<\/div>\n","protected":false},"excerpt":{"rendered":"<p>Ensemble de bo\u00eetes alimentaires pratiques :\u00a0 Le couvercle du r\u00e9cipient sert de mangeoire.\u00a0 \u00c0 la base du r\u00e9cipient se trouve un rebord permettant d&rsquo;y ajouter de l&rsquo;eau, emp\u00eachant ainsi les fourmis de l&rsquo;envahir. Capacit\u00e9s : Conteneur de 5,50 l 0,65 l le distributeur Fabriqu\u00e9 avec des mat\u00e9riaux de haute qualit\u00e9.<\/p>\n","protected":false},"featured_media":36285,"template":"","meta":{"jetpack_publicize_message":"","jetpack_publicize_feature_enabled":true,"jetpack_social_post_already_shared":true,"jetpack_social_options":{"image_generator_settings":{"template":"highway","default_image_id":0,"font":"","enabled":false},"version":2}},"product_brand":[],"product_cat":[133,134],"product_tag":[],"class_list":{"0":"post-36284","1":"product","2":"type-product","3":"status-publish","4":"has-post-thumbnail","6":"product_cat-gamelle","7":"product_cat-gamelles","9":"first","10":"instock","11":"taxable","12":"shipping-taxable","13":"purchasable","14":"product-type-simple"},"supplier_id":22725,"supplier_sku":"102057","barcode":"8016040102057","atum_controlled":true,"out_stock_date":null,"out_stock_threshold":null,"inheritable":false,"inbound_stock":0,"stock_on_hold":0,"sold_today":0,"sales_last_days":0,"reserved_stock":0,"customer_returns":0,"warehouse_damage":0,"lost_in_post":0,"other_logs":0,"out_stock_days":0,"lost_sales":0,"has_location":false,"update_date":"2026-04-08T17:05:15","atum_locations":[],"atum_stock_status":"instock","restock_status":false,"low_stock_amount":1,"sales_update_date":"2026-04-08T17:05:15","calc_backorders":null,"jetpack_publicize_connections":[],"jetpack_sharing_enabled":true,"batches":[],"_links":{"self":[{"href":"https:\/\/petworld.ma\/index.php\/wp-json\/wp\/v2\/product\/36284","targetHints":{"allow":["GET"]}}],"collection":[{"href":"https:\/\/petworld.ma\/index.php\/wp-json\/wp\/v2\/product"}],"about":[{"href":"https:\/\/petworld.ma\/index.php\/wp-json\/wp\/v2\/types\/product"}],"wp:featuredmedia":[{"embeddable":true,"href":"https:\/\/petworld.ma\/index.php\/wp-json\/wp\/v2\/media\/36285"}],"wp:attachment":[{"href":"https:\/\/petworld.ma\/index.php\/wp-json\/wp\/v2\/media?parent=36284"}],"wp:term":[{"taxonomy":"product_brand","embeddable":true,"href":"https:\/\/petworld.ma\/index.php\/wp-json\/wp\/v2\/product_brand?post=36284"},{"taxonomy":"product_cat","embeddable":true,"href":"https:\/\/petworld.ma\/index.php\/wp-json\/wp\/v2\/product_cat?post=36284"},{"taxonomy":"product_tag","embeddable":true,"href":"https:\/\/petworld.ma\/index.php\/wp-json\/wp\/v2\/product_tag?post=36284"}],"curies":[{"name":"wp","href":"https:\/\/api.w.org\/{rel}","templated":true}]}}