{"id":36286,"date":"2026-02-22T22:13:09","date_gmt":"2026-02-22T22:13:09","guid":{"rendered":"https:\/\/petworld.ma\/?post_type=product&#038;p=36286"},"modified":"2026-02-22T22:17:43","modified_gmt":"2026-02-22T22:17:43","slug":"balles-de-tennis-pour-chien-mascow-4-balles","status":"publish","type":"product","link":"https:\/\/petworld.ma\/index.php\/produit\/balles-de-tennis-pour-chien-mascow-4-balles\/","title":{"rendered":"Balles de tennis pour Chien Mascow (4 balles)"},"content":{"rendered":"<p>Ce jouet pour chien de 4,5 x 18 x 10 cm est parfait pour les chiens de taille moyenne. Vendu par lot de 4 pi\u00e8ces, il offre des heures de divertissement \u00e0 votre compagnon. Id\u00e9al pour stimuler l&rsquo;activit\u00e9 physique et mentale de votre animal.<\/p>\n","protected":false},"excerpt":{"rendered":"<p>Le prix comprend 4 balles !!!<\/p>\n","protected":false},"featured_media":36287,"template":"","meta":{"jetpack_publicize_message":"","jetpack_publicize_feature_enabled":true,"jetpack_social_post_already_shared":true,"jetpack_social_options":{"image_generator_settings":{"template":"highway","default_image_id":0,"font":"","enabled":false},"version":2}},"product_brand":[],"product_cat":[106],"product_tag":[],"class_list":{"0":"post-36286","1":"product","2":"type-product","3":"status-publish","4":"has-post-thumbnail","6":"product_cat-jouet-et-dressage","8":"first","9":"instock","10":"taxable","11":"shipping-taxable","12":"purchasable","13":"product-type-simple"},"supplier_id":22725,"supplier_sku":"572592","barcode":"8430852572592","atum_controlled":true,"out_stock_date":null,"out_stock_threshold":null,"inheritable":false,"inbound_stock":0,"stock_on_hold":0,"sold_today":0,"sales_last_days":0,"reserved_stock":0,"customer_returns":0,"warehouse_damage":0,"lost_in_post":0,"other_logs":0,"out_stock_days":0,"lost_sales":0,"has_location":false,"update_date":"2026-04-08T17:05:15","atum_locations":[],"atum_stock_status":"instock","restock_status":false,"low_stock_amount":"","sales_update_date":"2026-04-08T17:05:15","calc_backorders":null,"jetpack_publicize_connections":[],"jetpack_sharing_enabled":true,"batches":[],"_links":{"self":[{"href":"https:\/\/petworld.ma\/index.php\/wp-json\/wp\/v2\/product\/36286","targetHints":{"allow":["GET"]}}],"collection":[{"href":"https:\/\/petworld.ma\/index.php\/wp-json\/wp\/v2\/product"}],"about":[{"href":"https:\/\/petworld.ma\/index.php\/wp-json\/wp\/v2\/types\/product"}],"wp:featuredmedia":[{"embeddable":true,"href":"https:\/\/petworld.ma\/index.php\/wp-json\/wp\/v2\/media\/36287"}],"wp:attachment":[{"href":"https:\/\/petworld.ma\/index.php\/wp-json\/wp\/v2\/media?parent=36286"}],"wp:term":[{"taxonomy":"product_brand","embeddable":true,"href":"https:\/\/petworld.ma\/index.php\/wp-json\/wp\/v2\/product_brand?post=36286"},{"taxonomy":"product_cat","embeddable":true,"href":"https:\/\/petworld.ma\/index.php\/wp-json\/wp\/v2\/product_cat?post=36286"},{"taxonomy":"product_tag","embeddable":true,"href":"https:\/\/petworld.ma\/index.php\/wp-json\/wp\/v2\/product_tag?post=36286"}],"curies":[{"name":"wp","href":"https:\/\/api.w.org\/{rel}","templated":true}]}}