{"id":36296,"date":"2026-02-22T23:09:59","date_gmt":"2026-02-22T23:09:59","guid":{"rendered":"https:\/\/petworld.ma\/?post_type=product&#038;p=36296"},"modified":"2026-02-22T23:16:32","modified_gmt":"2026-02-22T23:16:32","slug":"roue-dexercice-hamster-torsadee","status":"publish","type":"product","link":"https:\/\/petworld.ma\/index.php\/produit\/roue-dexercice-hamster-torsadee\/","title":{"rendered":"Roue d&rsquo;Exercice Hamster Torsad\u00e9e"},"content":{"rendered":"<p data-start=\"84\" data-end=\"126\">Roues d&rsquo;exercice transparentes en plastique magenta. Con\u00e7ues pour permettre aux hamsters de se d\u00e9penser en toute s\u00e9curit\u00e9 et en silence. Autoportantes, elles sont fournies avec un support pour une utilisation \u00e0 l&rsquo;int\u00e9rieur ou \u00e0 l&rsquo;ext\u00e9rieur de la cage.<\/p>\n","protected":false},"excerpt":{"rendered":"<p>Roues d&rsquo;exercice transparentes en plastique magenta. Con\u00e7ues pour permettre aux hamsters de se d\u00e9penser en toute s\u00e9curit\u00e9 et en silence. Autoportantes, elles sont fournies avec un support pour une utilisation \u00e0 l&rsquo;int\u00e9rieur ou \u00e0 l&rsquo;ext\u00e9rieur de la cage.<\/p>\n","protected":false},"featured_media":36299,"template":"","meta":{"jetpack_publicize_message":"","jetpack_publicize_feature_enabled":true,"jetpack_social_post_already_shared":true,"jetpack_social_options":{"image_generator_settings":{"template":"highway","default_image_id":0,"font":"","enabled":false},"version":2}},"product_brand":[],"product_cat":[206],"product_tag":[],"class_list":{"0":"post-36296","1":"product","2":"type-product","3":"status-publish","4":"has-post-thumbnail","6":"product_cat-rongeurs","8":"first","9":"instock","10":"taxable","11":"shipping-taxable","12":"purchasable","13":"product-type-simple"},"supplier_id":22725,"supplier_sku":"105768","barcode":"8016040105768","atum_controlled":true,"out_stock_date":null,"out_stock_threshold":null,"inheritable":false,"inbound_stock":0,"stock_on_hold":0,"sold_today":0,"sales_last_days":0,"reserved_stock":0,"customer_returns":0,"warehouse_damage":0,"lost_in_post":0,"other_logs":0,"out_stock_days":0,"lost_sales":0,"has_location":false,"update_date":"2026-04-10T15:57:38","atum_locations":[],"atum_stock_status":"instock","restock_status":false,"low_stock_amount":5,"sales_update_date":"2026-04-10T15:57:38","calc_backorders":null,"jetpack_publicize_connections":[],"jetpack_sharing_enabled":true,"batches":[],"_links":{"self":[{"href":"https:\/\/petworld.ma\/index.php\/wp-json\/wp\/v2\/product\/36296","targetHints":{"allow":["GET"]}}],"collection":[{"href":"https:\/\/petworld.ma\/index.php\/wp-json\/wp\/v2\/product"}],"about":[{"href":"https:\/\/petworld.ma\/index.php\/wp-json\/wp\/v2\/types\/product"}],"wp:featuredmedia":[{"embeddable":true,"href":"https:\/\/petworld.ma\/index.php\/wp-json\/wp\/v2\/media\/36299"}],"wp:attachment":[{"href":"https:\/\/petworld.ma\/index.php\/wp-json\/wp\/v2\/media?parent=36296"}],"wp:term":[{"taxonomy":"product_brand","embeddable":true,"href":"https:\/\/petworld.ma\/index.php\/wp-json\/wp\/v2\/product_brand?post=36296"},{"taxonomy":"product_cat","embeddable":true,"href":"https:\/\/petworld.ma\/index.php\/wp-json\/wp\/v2\/product_cat?post=36296"},{"taxonomy":"product_tag","embeddable":true,"href":"https:\/\/petworld.ma\/index.php\/wp-json\/wp\/v2\/product_tag?post=36296"}],"curies":[{"name":"wp","href":"https:\/\/api.w.org\/{rel}","templated":true}]}}