{"id":36367,"date":"2026-02-23T20:32:07","date_gmt":"2026-02-23T20:32:07","guid":{"rendered":"https:\/\/petworld.ma\/?post_type=product&#038;p=36367"},"modified":"2026-04-10T17:01:10","modified_gmt":"2026-04-10T17:01:10","slug":"purina-gourmet-perle-les-plaisirs-de-la-mer-4x85-g","status":"publish","type":"product","link":"https:\/\/petworld.ma\/index.php\/produit\/purina-gourmet-perle-les-plaisirs-de-la-mer-4x85-g\/","title":{"rendered":"Purina Gourmet Perle Les Plaisirs de la Mer 4&#215;85 g\u200b"},"content":{"rendered":"<p><strong>Caract\u00e9ristiques<\/strong><\/p>\n<ul>\n<li>Aliment complet pour chats adultes.<\/li>\n<li>Sans colorants ajout\u00e9s. Sans conservateurs artificiels ajout\u00e9s et sans ar\u00f4mes artificiels ajout\u00e9s.<\/li>\n<li>\u00c9labor\u00e9es avec des ingr\u00e9dients de haute qualit\u00e9<\/li>\n<li>Ce carton est fabriqu\u00e9 avec min. 80 % de fibres recycl\u00e9es.<\/li>\n<li>Ce carton et ce sachet sont con\u00e7us pour \u00eatre recyclables. La disponibilit\u00e9 des fili\u00e8res de recyclage pour ces emballages peut varier selon les pays<\/li>\n<\/ul>\n<p>GOURMET\u2122 PERLE Les Plaisirs de la Mer, au poisson de l\u2019Oc\u00e9an et aux crevettes enti\u00e8res, au carrelet et aux crevettes enti\u00e8res, au saumon et aux crevettes enti\u00e8res, au thon et aux crevettes enti\u00e8res, aliment complet humide pour chats adultes, en sachets de 85 g.<\/p>\n<ul>\n<li>Au poisson de l\u2019Oc\u00e9an et aux crevettes enti\u00e8res\u200b<\/li>\n<li>Au carrelet et aux crevettes enti\u00e8res\u200b<\/li>\n<li>Au saumon et aux crevettes enti\u00e8res\u200b<\/li>\n<li>Au thon et aux crevettes enti\u00e8res<\/li>\n<\/ul>\n<p>Vous aimez nourrir votre chat avec de d\u00e9licieuses recettes \u00e0 base d&rsquo;ingr\u00e9dients simples et de qualit\u00e9. C&rsquo;est pourquoi GOURMET\u2122 Perle a cr\u00e9\u00e9 Les Plaisirs de la Mer: de fines bouch\u00e9es \u00e0 base de poisson, d\u00e9coup\u00e9es en mini filets et cuisin\u00e9es avec soin dans leur propre sauce savoureuse pour conserver le go\u00fbt de la mer, et avec des crevettes enti\u00e8res pour ravir le palais raffin\u00e9 de votre chat. Toutes les recettes de GOURMET\u2122 Perle Les Plaisirs de la Mer sont \u00e9labor\u00e9es \u00e0 partir d&rsquo;ingr\u00e9dients de haute qualit\u00e9 et sont sans colorants ajout\u00e9s, sans conservateurs artificiels ajout\u00e9s et sans ar\u00f4mes artificiels ajout\u00e9s. GOURMET\u2122 Perle Les Plaisirs de la Mer , des cr\u00e9ations simples et raffin\u00e9es pour une exp\u00e9rience gustative irr\u00e9sistible au quotidien.\u200b<\/p>\n<p><strong>Ingr\u00e9dients<\/strong><\/p>\n<p>Au poisson marin et aux crevettes enti\u00e8res:<br \/>\nViandes et sous-produits animaux<br \/>\nExtraits de prot\u00e9ines v\u00e9g\u00e9tales<br \/>\nMollusques et crustac\u00e9s (crevettes enti\u00e8res 4 %)<br \/>\nPoissons et sous-produits de poissons (poisson de l&rsquo;oc\u00e9an 4 %)<br \/>\nSubstances min\u00e9rales<br \/>\nSucres<\/p>\n<p>Au saumon et aux crevettes enti\u00e8res:<br \/>\nViandes et sous-produits animaux<br \/>\nExtraits de prot\u00e9ines v\u00e9g\u00e9tales<br \/>\nMollusques et crustac\u00e9s (crevettes enti\u00e8res 4 %)<br \/>\nPoissons et sous-produits de poissons (carrelet 4 %)<br \/>\nSubstances min\u00e9rales<br \/>\nSucres<\/p>\n<p>\u00c0 la plie et aux crevettes enti\u00e8res:<br \/>\nViandes et sous-produits animaux<br \/>\nExtraits de prot\u00e9ines v\u00e9g\u00e9tales<br \/>\nMollusques et crustac\u00e9s (crevettes enti\u00e8res 4 %)<br \/>\nPoissons et sous-produits de poissons (saumon 4 %)<br \/>\nSubstances min\u00e9rales<br \/>\nSucres<\/p>\n<p>Au thon et aux crevettes enti\u00e8res:<br \/>\nViandes et sous-produits animaux<br \/>\nExtraits de prot\u00e9ines v\u00e9g\u00e9tales<br \/>\nMollusques et crustac\u00e9s (crevettes enti\u00e8res 4 %)<br \/>\nPoissons et sous-produits de poissons (thon 4 %)<br \/>\nSubstances min\u00e9rales<br \/>\nSucres<\/p>\n<p><strong>Guide d\u2019alimentation<\/strong><\/p>\n<p>Mode d&#8217;emploi: Pour un chat adulte d\u2019environ 4 kg, donnez 3 sachets par jour, r\u00e9partis de pr\u00e9f\u00e9rence en au moins 2-3 repas.<\/p>\n<p>Les rations journali\u00e8res conseill\u00e9es sont calcul\u00e9es pour un chat adulte \u00e0 l\u2019activit\u00e9 mod\u00e9r\u00e9e dans des conditions d\u2019environnement et de temp\u00e9rature normales. Les besoins nutritionnels peuvent varier selon le chat, il faut donc ajuster ces rations afin de le maintenir \u00e0 son poids de forme. Servir \u00e0 temp\u00e9rature ambiante.<\/p>\n<p>Laissez toujours de l\u2019eau propre et fra\u00eeche \u00e0 disposition de votre chat.<\/p>\n","protected":false},"excerpt":{"rendered":"<div class=\"dsu-product--options\">\n<p>Tailles disponibles :<\/p>\n<div class=\"options\">\n<div class=\"field field--name-field-product-size field--type-string field--label-hidden field__items\">\n<div class=\"field__item\">4&#215;85 g<\/div>\n<\/div>\n<\/div>\n<\/div>\n<div class=\"dsu-product--highlight\">\n<div class=\"field field--name-field-product-highlight field--type-string field--label-hidden field__items\">\n<ul>\n<li>Aliment complet pour chats adultes.<\/li>\n<li>Sans colorants ajout\u00e9s. Sans conservateurs artificiels ajout\u00e9s et sans ar\u00f4mes artificiels ajout\u00e9s.<\/li>\n<li>\u00c9labor\u00e9es avec des ingr\u00e9dients de haute qualit\u00e9.<\/li>\n<li>Ce carton est fabriqu\u00e9 avec min. 80 % de fibres recycl\u00e9es.<\/li>\n<\/ul>\n<\/div>\n<\/div>\n","protected":false},"featured_media":36370,"template":"","meta":{"jetpack_publicize_message":"","jetpack_publicize_feature_enabled":true,"jetpack_social_post_already_shared":true,"jetpack_social_options":{"image_generator_settings":{"template":"highway","default_image_id":0,"font":"","enabled":false},"version":2}},"product_brand":[],"product_cat":[239],"product_tag":[],"class_list":{"0":"post-36367","1":"product","2":"type-product","3":"status-publish","4":"has-post-thumbnail","6":"product_cat-pate-humides-chat","8":"first","9":"instock","10":"taxable","11":"shipping-taxable","12":"purchasable","13":"product-type-simple"},"supplier_id":5592,"supplier_sku":"","barcode":null,"atum_controlled":true,"out_stock_date":null,"out_stock_threshold":null,"inheritable":false,"inbound_stock":0,"stock_on_hold":0,"sold_today":0,"sales_last_days":4,"reserved_stock":0,"customer_returns":0,"warehouse_damage":0,"lost_in_post":0,"other_logs":0,"out_stock_days":0,"lost_sales":0,"has_location":false,"update_date":"2026-04-13T10:30:57","atum_locations":[],"atum_stock_status":"instock","restock_status":false,"low_stock_amount":12,"sales_update_date":"2026-04-13T10:30:57","calc_backorders":null,"jetpack_publicize_connections":[],"jetpack_sharing_enabled":true,"batches":[{"id":"7900","date_created":"2026-02-23 20:41:28","date_expiry":"2027-09-30 00:00:00","user_id":"2461","batch_number":"Purina Gourmet Perle Les Plaisirs de la Mer 4x85 g\u200b0927","location":"","quantity":"12.0000","quantity_available":"1.0000","units":"1","status":"active","order_ids":"[37115,37145,37897,37978,38261,38409,38659,38985]","supplier":"Casablanca","po":{"id":"7835","date_created":"2026-02-23 20:41:28","batch_id":"7900","po_number":"","supplier":"Casablanca","cost":null,"regular_price":null,"sale_price":null,"price_margin":null,"price_discount":null}},{"id":"8788","date_created":"2026-04-10 17:01:10","date_expiry":"2027-09-30 00:00:00","user_id":"2461","batch_number":"Purina Gourmet Perle Les Plaisirs de la Mer 4x85 g\u200b0927","location":"","quantity":"24.0000","quantity_available":"24.0000","units":"1","status":"active","order_ids":null,"supplier":"Casablanca","po":{"id":"8715","date_created":"2026-04-10 17:01:10","batch_id":"8788","po_number":"","supplier":"Casablanca","cost":null,"regular_price":null,"sale_price":null,"price_margin":null,"price_discount":null}}],"_links":{"self":[{"href":"https:\/\/petworld.ma\/index.php\/wp-json\/wp\/v2\/product\/36367","targetHints":{"allow":["GET"]}}],"collection":[{"href":"https:\/\/petworld.ma\/index.php\/wp-json\/wp\/v2\/product"}],"about":[{"href":"https:\/\/petworld.ma\/index.php\/wp-json\/wp\/v2\/types\/product"}],"wp:featuredmedia":[{"embeddable":true,"href":"https:\/\/petworld.ma\/index.php\/wp-json\/wp\/v2\/media\/36370"}],"wp:attachment":[{"href":"https:\/\/petworld.ma\/index.php\/wp-json\/wp\/v2\/media?parent=36367"}],"wp:term":[{"taxonomy":"product_brand","embeddable":true,"href":"https:\/\/petworld.ma\/index.php\/wp-json\/wp\/v2\/product_brand?post=36367"},{"taxonomy":"product_cat","embeddable":true,"href":"https:\/\/petworld.ma\/index.php\/wp-json\/wp\/v2\/product_cat?post=36367"},{"taxonomy":"product_tag","embeddable":true,"href":"https:\/\/petworld.ma\/index.php\/wp-json\/wp\/v2\/product_tag?post=36367"}],"curies":[{"name":"wp","href":"https:\/\/api.w.org\/{rel}","templated":true}]}}