{"id":36371,"date":"2026-02-23T20:42:20","date_gmt":"2026-02-23T20:42:20","guid":{"rendered":"https:\/\/petworld.ma\/?post_type=product&#038;p=36371"},"modified":"2026-03-31T08:32:10","modified_gmt":"2026-03-31T08:32:10","slug":"purina-one-adult-sachets-fraicheur-pour-chat-poulet-et-boeuf-4x85-g","status":"publish","type":"product","link":"https:\/\/petworld.ma\/index.php\/produit\/purina-one-adult-sachets-fraicheur-pour-chat-poulet-et-boeuf-4x85-g\/","title":{"rendered":"Purina ONE Adult Sachets Fra\u00eecheur Pour Chat Poulet et Boeuf 4&#215;85 g"},"content":{"rendered":"<p><strong>Caract\u00e9ristiques<\/strong><\/p>\n<ul>\n<li>D\u00e9fenses naturelles fortes gr\u00e2ce \u00e0 des antioxydants comme la vitamine E.<\/li>\n<li>Aide \u00e0 maintenir un syst\u00e8me urinaire sain gr\u00e2ce \u00e0 un taux \u00e9quilibr\u00e9 en min\u00e9raux.<\/li>\n<li>Avec des viandes de haute qualit\u00e9 pour des prot\u00e9ines et un go\u00fbt savoureux.<\/li>\n<li>Avec des fibres, reconnues pour favoriser une digestion saine.<\/li>\n<li>Toutes les vitamines et min\u00e9raux n\u00e9cessaires pour soutenir la vitalit\u00e9 de votre chat.<\/li>\n<\/ul>\n<p>\u00c0 partir de 12 mois, votre chat a atteint son \u00e2ge adulte et son comportement est diff\u00e9rent. Son organisme a besoin d&rsquo;une nutrition avanc\u00e9e qui va l&rsquo;aider \u00e0 se maintenir en bonne sant\u00e9.<\/p>\n<p>Avec les sachets fra\u00eecheur Purina ONE\u00ae Adulte, vous invitez votre chat \u00e0 vivre une grande exp\u00e9rience gustative tout en lui donnant une alimentation adapt\u00e9e \u00e0 son style de vie. D\u00e9velopp\u00e9es par les v\u00e9t\u00e9rinaires et les nutritionnistes PURINA\u00ae, ces recettes compl\u00e8tes et \u00e9quilibr\u00e9s combinent de tendres effil\u00e9s et des l\u00e9gumes dans une d\u00e9licieuse sauce. De plus, la teneur \u00e9lev\u00e9e en humidit\u00e9 contribue \u00e0 augmenter la quantit\u00e9 d\u2019eau ing\u00e9r\u00e9e par le chat et, par cons\u00e9quent, le volume de ses urines. Ainsi, le risque de d\u00e9velopper des calculs urinaires diminue, ce qui contribue \u00e0 un syst\u00e8me urinaire sain.<\/p>\n<p>Avec Purina ONE, vous pouvez \u00eatre s\u00fbr que vous lui apportez tout ce dont il a besoin pour rester en bonne sant\u00e9 aujourd\u2019hui et demain.<\/p>\n<p>&nbsp;<\/p>\n<p><strong>Ingr\u00e9dients<\/strong><\/p>\n<p>Effil\u00e9s en Sauce au Poulet et aux Haricots Verts :<br \/>\nViandes et sous-produits animaux (dont poulet 4 %)<br \/>\nExtraits de prot\u00e9ines v\u00e9g\u00e9tales, sous produits d&rsquo;origine v\u00e9g\u00e9tale (inuline 0,55 %)<br \/>\nHuiles et graisses<br \/>\nPoissons et sous-produits de poissons<br \/>\nSubstances min\u00e9rales<br \/>\nL\u00e9gumes (0,6 % de haricots verts d\u00e9shydrat\u00e9s , \u00e9quivalent \u00e0 5,4 % de haricots verts)<br \/>\nSucres<\/p>\n<p>Effil\u00e9s en Sauce au Boeuf et aux Carottes :<br \/>\nViandes et sous-produits animaux (dont boeuf 5 %)<br \/>\nExtraits de prot\u00e9ines v\u00e9g\u00e9tales<br \/>\nSous produits d&rsquo;origine v\u00e9g\u00e9tale (inuline 0,55 %)<br \/>\nHuiles et graisses<br \/>\nPoissons et sous-produits de poissons<br \/>\nSubstances min\u00e9rales<br \/>\nSucres<br \/>\nL\u00e9gumes (0,6 % de carottes d\u00e9shydrat\u00e9s, \u00e9quivalent \u00e0 5,4 % de carottes)<\/p>\n<p>&nbsp;<\/p>\n<p><strong>Nutrition et constituants analytiques<\/strong><\/p>\n<p>Humidit\u00e9 : 79,0 %<br \/>\nProt\u00e9ine : 12,0 %<br \/>\nTeneur en mati\u00e8res grasses : 4,0 %<br \/>\nCendres brutes : 2,2 %<br \/>\nCellulose brute : 0,4 %<\/p>\n<p><strong>Additifs nutritionnels<\/strong><\/p>\n<p>UI\/kg :<br \/>\nVit A : 1040 ;<br \/>\nVit D\u2083 : 145 ;<br \/>\nVit E : 250.<\/p>\n<p>mg\/kg :<br \/>\nSulfate ferreux monohydrat\u00e9 : 12 ;<br \/>\nIodate de calcium anhydre : 0,37 ;<br \/>\nSulfate cuivrique pentahydrat\u00e9 : 0,98 ;<br \/>\nSulfate manganeux monohydrat\u00e9 : 1,7 ;<br \/>\nSulfate de zinc monohydrat\u00e9 : 18 ;<br \/>\nTaurine : 540 ;<br \/>\nAr\u00f4mes.<\/p>\n<p><strong>Guide d&rsquo;alimentation<\/strong><\/p>\n<p>Pour un chat adulte d&rsquo;environ 4 kg, donnez 3 \u00e0 4 sachets par jour r\u00e9partis en au moins 2 repas.<\/p>\n<p>Les rations journali\u00e8res recommand\u00e9es doivent \u00eatre ajust\u00e9es selon les conditions climatiques, le niveau d&rsquo;activit\u00e9 du chat et sa condition physique. Servir \u00e0 temp\u00e9rature ambiante.<\/p>\n<p>Un bol d&rsquo;eau propre et fra\u00eeche doit toujours \u00eatre \u00e0 sa disposition.<\/p>\n<p>Comme alternative, vous pouvez remplacer un sachet par 30 g de croquette Purina ONE Adult.<\/p>\n","protected":false},"excerpt":{"rendered":"<div class=\"dsu-product--options\">\n<ul>\n<li>D\u00e9fenses naturelles fortes gr\u00e2ce \u00e0 des antioxydants comme la vitamine E.<\/li>\n<li>Aide \u00e0 maintenir un syst\u00e8me urinaire sain gr\u00e2ce \u00e0 un taux \u00e9quilibr\u00e9 en min\u00e9raux.<\/li>\n<li>Avec des viandes de haute qualit\u00e9 pour des prot\u00e9ines et un go\u00fbt savoureux.<\/li>\n<li>Avec des fibres, reconnues pour favoriser une digestion saine.<\/li>\n<\/ul>\n<\/div>\n","protected":false},"featured_media":36389,"template":"","meta":{"jetpack_publicize_message":"","jetpack_publicize_feature_enabled":true,"jetpack_social_post_already_shared":true,"jetpack_social_options":{"image_generator_settings":{"template":"highway","default_image_id":0,"font":"","enabled":false},"version":2}},"product_brand":[],"product_cat":[239],"product_tag":[],"class_list":{"0":"post-36371","1":"product","2":"type-product","3":"status-publish","4":"has-post-thumbnail","6":"product_cat-pate-humides-chat","8":"first","9":"instock","10":"taxable","11":"shipping-taxable","12":"purchasable","13":"product-type-simple"},"supplier_id":5592,"supplier_sku":"","barcode":null,"atum_controlled":true,"out_stock_date":null,"out_stock_threshold":null,"inheritable":false,"inbound_stock":0,"stock_on_hold":0,"sold_today":0,"sales_last_days":2,"reserved_stock":0,"customer_returns":0,"warehouse_damage":0,"lost_in_post":0,"other_logs":0,"out_stock_days":0,"lost_sales":0,"has_location":false,"update_date":"2026-04-11T17:17:53","atum_locations":[],"atum_stock_status":"instock","restock_status":false,"low_stock_amount":12,"sales_update_date":"2026-04-11T17:17:53","calc_backorders":null,"jetpack_publicize_connections":[],"jetpack_sharing_enabled":true,"batches":[{"id":"7901","date_created":"2026-02-23 21:04:09","date_expiry":"2027-09-30 00:00:00","user_id":"2461","batch_number":"Purina ONE Adult Sachets Fra\u00eecheur Pour Chat Poulet et Boeuf 4x85 g0927","location":"","quantity":"36.0000","quantity_available":"31.0000","units":"1","status":"active","order_ids":"[37379,37494,38579]","supplier":"Casablanca","po":{"id":"7836","date_created":"2026-02-23 21:04:09","batch_id":"7901","po_number":"","supplier":"Casablanca","cost":null,"regular_price":null,"sale_price":null,"price_margin":null,"price_discount":null}}],"_links":{"self":[{"href":"https:\/\/petworld.ma\/index.php\/wp-json\/wp\/v2\/product\/36371","targetHints":{"allow":["GET"]}}],"collection":[{"href":"https:\/\/petworld.ma\/index.php\/wp-json\/wp\/v2\/product"}],"about":[{"href":"https:\/\/petworld.ma\/index.php\/wp-json\/wp\/v2\/types\/product"}],"wp:featuredmedia":[{"embeddable":true,"href":"https:\/\/petworld.ma\/index.php\/wp-json\/wp\/v2\/media\/36389"}],"wp:attachment":[{"href":"https:\/\/petworld.ma\/index.php\/wp-json\/wp\/v2\/media?parent=36371"}],"wp:term":[{"taxonomy":"product_brand","embeddable":true,"href":"https:\/\/petworld.ma\/index.php\/wp-json\/wp\/v2\/product_brand?post=36371"},{"taxonomy":"product_cat","embeddable":true,"href":"https:\/\/petworld.ma\/index.php\/wp-json\/wp\/v2\/product_cat?post=36371"},{"taxonomy":"product_tag","embeddable":true,"href":"https:\/\/petworld.ma\/index.php\/wp-json\/wp\/v2\/product_tag?post=36371"}],"curies":[{"name":"wp","href":"https:\/\/api.w.org\/{rel}","templated":true}]}}